{"id":41,"date":"2015-05-26T16:20:22","date_gmt":"2015-05-26T15:20:22","guid":{"rendered":"http:\/\/sarlbmlfzd.cluster011.ovh.net\/sarlbml\/?page_id=41"},"modified":"2019-02-12T16:58:44","modified_gmt":"2019-02-12T15:58:44","slug":"le-plaisir-de-tondre","status":"publish","type":"page","link":"https:\/\/www.sarlbml.fr\/sarlbml\/guides\/comment-choisir-votre-tondeuse-a-gazon-honda\/le-plaisir-de-tondre\/","title":{"rendered":"Le Plaisir de tondre"},"content":{"rendered":"<p><img loading=\"lazy\" decoding=\"async\" class=\" size-full wp-image-40 alignright\" src=\"https:\/\/www.sarlbml.fr\/sarlbml\/wp-content\/uploads\/2015\/05\/en-tete_tondeuse.jpg\" alt=\"en-tete_tondeuse\" width=\"123\" height=\"100\">Avoir une tondeuse Honda c&rsquo;est comme avoir un ami fid\u00e8le. R\u00e9solument tourn\u00e9 vers l&rsquo;innovation, Honda d\u00e9veloppe sans cesse ses produits pour les rendre toujours plus performants, robustes et silencieux afin de vous offrir plus de confort et de facilit\u00e9 d&rsquo;utilisation. Honda r\u00e9unit dans ses produits tous les ingr\u00e9dients qui ont fait la notori\u00e9t\u00e9 incontest\u00e9e de Honda dans le monde entier.<br \/>\n<strong>Force et respect de la nature<\/strong><br \/>\nLa perfection chez Honda est une \u00e9vidence. A tous les stades : technologiques innovantes, fiabilit\u00e9 des machines, mat\u00e9riaux respectueux de l&rsquo;environnement, respect des normes de s\u00e9curit\u00e9, vous \u00eates s\u00fbr de b\u00e9n\u00e9ficier des derni\u00e8res innovations.<\/p>\n<p><strong>Qualit\u00e9 et technologie<\/strong><br \/>\nGr\u00e2ce au d\u00e9veloppement continu de ses moteurs et \u00e0 une harmonisation croissante de leurs fonctions, Honda a conquis une place de choix dans la motorisation des tondeuses \u00e0 gazon. La force des moteurs 4-temps \u00e0 arbre \u00e0 cames en t\u00eate r\u00e9side dans leurs performances optimis\u00e9es et dans leur rendement id\u00e9al. Les moteurs Honda se distinguent par leurs faibles \u00e9missions de gaz d&rsquo;\u00e9chappement et leurs consommations minimes. Les moteurs Honda obtiennent des r\u00e9sultats de 43 % inf\u00e9rieurs aux normes actuelles les plus s\u00e9v\u00e8res au monde en mati\u00e8re de gaz d&rsquo;\u00e9chappement, ce qui en fait les champions absolus dans ce domaine.<\/p>\n<p><img loading=\"lazy\" decoding=\"async\" class=\" size-full wp-image-39 alignleft\" src=\"https:\/\/www.sarlbml.fr\/sarlbml\/wp-content\/uploads\/2015\/05\/en-tete_autoporte.jpg\" alt=\"en-tete_autoporte\" width=\"123\" height=\"100\">Avec une large gamme de tondeuses pour l&rsquo;entretien de votre pelouse, Honda garantit le nec plus ultra en mati\u00e8re de performances, de qualit\u00e9, de fiabilit\u00e9 et de respect de l&rsquo;environnement. Du moteur aux commandes en passant par le ch\u00e2ssis, les tondeuses Honda sont id\u00e9alement taill\u00e9es \u00e0 la mesure de vos exigences personnelles.<\/p>\n","protected":false},"excerpt":{"rendered":"<p>Avoir une tondeuse Honda c&rsquo;est comme avoir un ami fid\u00e8le. R\u00e9solument tourn\u00e9 vers l&rsquo;innovation, Honda d\u00e9veloppe sans cesse ses produits pour les rendre toujours plus performants, robustes et silencieux afin de vous offrir plus de confort et de facilit\u00e9 d&rsquo;utilisation. Honda r\u00e9unit dans ses produits tous les ingr\u00e9dients qui ont\u2026<\/p>\n<p> <a class=\"continue-reading-link\" href=\"https:\/\/www.sarlbml.fr\/sarlbml\/guides\/comment-choisir-votre-tondeuse-a-gazon-honda\/le-plaisir-de-tondre\/\"><span>Lire la suite<\/span><i class=\"crycon-right-dir\"><\/i><\/a> <\/p>\n","protected":false},"author":1,"featured_media":0,"parent":544,"menu_order":1,"comment_status":"closed","ping_status":"open","template":"","meta":{"footnotes":""},"class_list":["post-41","page","type-page","status-publish","hentry"],"_links":{"self":[{"href":"https:\/\/www.sarlbml.fr\/sarlbml\/wp-json\/wp\/v2\/pages\/41","targetHints":{"allow":["GET"]}}],"collection":[{"href":"https:\/\/www.sarlbml.fr\/sarlbml\/wp-json\/wp\/v2\/pages"}],"about":[{"href":"https:\/\/www.sarlbml.fr\/sarlbml\/wp-json\/wp\/v2\/types\/page"}],"author":[{"embeddable":true,"href":"https:\/\/www.sarlbml.fr\/sarlbml\/wp-json\/wp\/v2\/users\/1"}],"replies":[{"embeddable":true,"href":"https:\/\/www.sarlbml.fr\/sarlbml\/wp-json\/wp\/v2\/comments?post=41"}],"version-history":[{"count":4,"href":"https:\/\/www.sarlbml.fr\/sarlbml\/wp-json\/wp\/v2\/pages\/41\/revisions"}],"predecessor-version":[{"id":1616,"href":"https:\/\/www.sarlbml.fr\/sarlbml\/wp-json\/wp\/v2\/pages\/41\/revisions\/1616"}],"up":[{"embeddable":true,"href":"https:\/\/www.sarlbml.fr\/sarlbml\/wp-json\/wp\/v2\/pages\/544"}],"wp:attachment":[{"href":"https:\/\/www.sarlbml.fr\/sarlbml\/wp-json\/wp\/v2\/media?parent=41"}],"curies":[{"name":"wp","href":"https:\/\/api.w.org\/{rel}","templated":true}]}}