{"id":396,"date":"2015-05-27T14:06:12","date_gmt":"2015-05-27T13:06:12","guid":{"rendered":"http:\/\/sarlbmlfzd.cluster011.ovh.net\/sarlbml\/?page_id=396"},"modified":"2019-02-12T17:49:32","modified_gmt":"2019-02-12T16:49:32","slug":"tronconneuses-echo","status":"publish","type":"page","link":"https:\/\/www.sarlbml.fr\/sarlbml\/catalogue\/catalogue-echo\/tronconneuses-echo\/","title":{"rendered":"Tron\u00e7onneuses Echo"},"content":{"rendered":"<p>Elles forment le d\u00e9but de la gamme des tron\u00e7onneuses puissantes. Elles sont d\u2019une efficacit\u00e9 redoutable en abattage comme en \u00e9branchage au sol.<\/p>\n<p><strong>CS 281 WES<\/strong><\/p>\n<p><img loading=\"lazy\" decoding=\"async\" class=\" size-full wp-image-397 alignleft\" src=\"https:\/\/www.sarlbml.fr\/sarlbml\/wp-content\/uploads\/2015\/05\/cs270wes.jpg\" alt=\"cs270wes\" width=\"163\" height=\"95\" srcset=\"https:\/\/www.sarlbml.fr\/sarlbml\/wp-content\/uploads\/2015\/05\/cs270wes.jpg 163w, https:\/\/www.sarlbml.fr\/sarlbml\/wp-content\/uploads\/2015\/05\/cs270wes-150x87.jpg 150w\" sizes=\"auto, (max-width: 163px) 100vw, 163px\" \/>Cylindr\u00e9e : 26,9 cm\u00b3 &#8211; Poids : 3,1 kg* &#8211;&nbsp;Barre de coupe 30 cm<img loading=\"lazy\" decoding=\"async\" class=\" size-full wp-image-405 alignright\" src=\"https:\/\/www.sarlbml.fr\/sarlbml\/wp-content\/uploads\/2015\/05\/easystart_echo.jpg\" alt=\"easystart_echo\" width=\"73\" height=\"34\"><\/p>\n<p>Allumage \u00e9lectronique Digital CDI &#8211; Starter \u00e0 retour automatique<br \/>\nTendeur de cha\u00eene lat\u00e9ral &#8211; Griffe<\/p>\n<hr>\n<p><strong>CS 310 ES<\/strong><br \/>\n<img loading=\"lazy\" decoding=\"async\" class=\"alignleft size-full wp-image-402\" src=\"https:\/\/www.sarlbml.fr\/sarlbml\/wp-content\/uploads\/2015\/05\/cs3501.jpg\" alt=\"cs3501\" width=\"157\" height=\"95\" srcset=\"https:\/\/www.sarlbml.fr\/sarlbml\/wp-content\/uploads\/2015\/05\/cs3501.jpg 157w, https:\/\/www.sarlbml.fr\/sarlbml\/wp-content\/uploads\/2015\/05\/cs3501-150x91.jpg 150w\" sizes=\"auto, (max-width: 157px) 100vw, 157px\" \/><\/p>\n<p>Cylindr\u00e9e : 30,5 cm\u00b3 &#8211; Poids : 4,0 kg* &#8211; Barre de coupe 35 cm<img loading=\"lazy\" decoding=\"async\" class=\" size-full wp-image-405 alignright\" src=\"https:\/\/www.sarlbml.fr\/sarlbml\/wp-content\/uploads\/2015\/05\/easystart_echo.jpg\" alt=\"easystart_echo\" width=\"73\" height=\"34\"><\/p>\n<p>Allumage \u00e9lectronique Digital CDI &#8211; Starter \u00e0 retour automatique<br \/>\nTendeur de cha\u00eene lat\u00e9ral &#8211; Griffe<\/p>\n<hr>\n<p>&nbsp;<\/p>\n<p><strong>CS 352 ES<\/strong><\/p>\n<p><img loading=\"lazy\" decoding=\"async\" class=\"alignleft size-full wp-image-402\" src=\"https:\/\/www.sarlbml.fr\/sarlbml\/wp-content\/uploads\/2015\/05\/cs3501.jpg\" alt=\"cs3501\" width=\"157\" height=\"95\" srcset=\"https:\/\/www.sarlbml.fr\/sarlbml\/wp-content\/uploads\/2015\/05\/cs3501.jpg 157w, https:\/\/www.sarlbml.fr\/sarlbml\/wp-content\/uploads\/2015\/05\/cs3501-150x91.jpg 150w\" sizes=\"auto, (max-width: 157px) 100vw, 157px\" \/><\/p>\n<p>Cylindr\u00e9e : 34,0 cm\u00b3 &#8211;&nbsp;Poids :&nbsp;4,0 kg* &#8211;&nbsp;Barre de coupe 35 cm<img loading=\"lazy\" decoding=\"async\" class=\" size-full wp-image-405 alignright\" src=\"https:\/\/www.sarlbml.fr\/sarlbml\/wp-content\/uploads\/2015\/05\/easystart_echo.jpg\" alt=\"easystart_echo\" width=\"73\" height=\"34\"><\/p>\n<p>Allumage \u00e9lectronique Digital CDI &#8211; Starter \u00e0 retour automatique<br \/>\nTendeur de cha\u00eene lat\u00e9ral &#8211; Griffe<\/p>\n<hr>\n<p><strong>CS 361 WES<\/strong><\/p>\n<p><img loading=\"lazy\" decoding=\"async\" class=\" size-full wp-image-397 alignleft\" src=\"https:\/\/www.sarlbml.fr\/sarlbml\/wp-content\/uploads\/2015\/05\/cs270wes.jpg\" alt=\"cs270wes\" width=\"163\" height=\"95\" srcset=\"https:\/\/www.sarlbml.fr\/sarlbml\/wp-content\/uploads\/2015\/05\/cs270wes.jpg 163w, https:\/\/www.sarlbml.fr\/sarlbml\/wp-content\/uploads\/2015\/05\/cs270wes-150x87.jpg 150w\" sizes=\"auto, (max-width: 163px) 100vw, 163px\" \/>Cylindr\u00e9e : 35,8 cm\u00b3 &#8211; Poids : 3,8 kg* &#8211;&nbsp;Barre de coupe 35cm<img loading=\"lazy\" decoding=\"async\" class=\" size-full wp-image-405 alignright\" src=\"https:\/\/www.sarlbml.fr\/sarlbml\/wp-content\/uploads\/2015\/05\/easystart_echo.jpg\" alt=\"easystart_echo\" width=\"73\" height=\"34\"><\/p>\n<p>Allumage \u00e9lectronique Digital CDI &#8211; Starter \u00e0 retour automatique<br \/>\nTendeur de cha\u00eene lat\u00e9ral &#8211; Griffe<\/p>\n<hr>\n<p>Au milieu de la gamme des abatteuses tron\u00e7onneuses, elles font face \u00e0 pratiquement tous les probl\u00e8mes d\u2019abattage et d\u2019\u00e9branchage rencontr\u00e9s dans les for\u00eats fran\u00e7aises. Tous ces mod\u00e8les sont \u00e9quip\u00e9s d\u2019un Allumage Digital CDI, d\u2019une cha\u00eene \u00e0 graissage automatique et d\u2019un tendeur de cha\u00eene lat\u00e9ral.<\/p>\n<p><strong>CS 370 ES<\/strong><\/p>\n<p><img loading=\"lazy\" decoding=\"async\" class=\" size-full wp-image-399 alignleft\" src=\"https:\/\/www.sarlbml.fr\/sarlbml\/wp-content\/uploads\/2015\/05\/cs370es.jpg\" alt=\"cs370es\" width=\"143\" height=\"95\"><\/p>\n<p>Cylindr\u00e9e : 36,3 cm\u00b3 &#8211;&nbsp;Poids : 4,6 kg* &#8211; Barre de coupe 38 cm<img loading=\"lazy\" decoding=\"async\" class=\" size-full wp-image-405 alignright\" src=\"https:\/\/www.sarlbml.fr\/sarlbml\/wp-content\/uploads\/2015\/05\/easystart_echo.jpg\" alt=\"easystart_echo\" width=\"73\" height=\"34\"><\/p>\n<p>Allumage \u00e9lectronique Digital CDI &#8211; Starter \u00e0 retour automatique<br \/>\nTendeur de cha\u00eene lat\u00e9ral &#8211; Griffe<\/p>\n<hr>\n<p><strong>CS 420 ES<\/strong><\/p>\n<p><img loading=\"lazy\" decoding=\"async\" class=\" size-full wp-image-404 alignleft\" src=\"https:\/\/www.sarlbml.fr\/sarlbml\/wp-content\/uploads\/2015\/05\/cs420es.jpg\" alt=\"cs420es\" width=\"159\" height=\"95\" srcset=\"https:\/\/www.sarlbml.fr\/sarlbml\/wp-content\/uploads\/2015\/05\/cs420es.jpg 159w, https:\/\/www.sarlbml.fr\/sarlbml\/wp-content\/uploads\/2015\/05\/cs420es-150x90.jpg 150w\" sizes=\"auto, (max-width: 159px) 100vw, 159px\" \/><\/p>\n<p>Cylindr\u00e9e : 40,2 cm\u00b3 &#8211;&nbsp;Poids : 4,6 kg* &#8211;&nbsp;Barre de coupe 38 cm &#8211; 43 cm<img loading=\"lazy\" decoding=\"async\" class=\" size-full wp-image-405 alignright\" src=\"https:\/\/www.sarlbml.fr\/sarlbml\/wp-content\/uploads\/2015\/05\/easystart_echo.jpg\" alt=\"easystart_echo\" width=\"73\" height=\"34\"><\/p>\n<p>Allumage \u00e9lectronique Digital CDI &#8211; Starter \u00e0 retour automatique<br \/>\nTendeur de cha\u00eene lat\u00e9ral &#8211; Griffe<\/p>\n<hr>\n<p><strong>CS 450<\/strong><\/p>\n<p><img loading=\"lazy\" decoding=\"async\" class=\"alignleft size-full wp-image-400\" src=\"https:\/\/www.sarlbml.fr\/sarlbml\/wp-content\/uploads\/2015\/05\/cs450.jpg\" alt=\"cs450\" width=\"161\" height=\"95\" srcset=\"https:\/\/www.sarlbml.fr\/sarlbml\/wp-content\/uploads\/2015\/05\/cs450.jpg 161w, https:\/\/www.sarlbml.fr\/sarlbml\/wp-content\/uploads\/2015\/05\/cs450-150x89.jpg 150w\" sizes=\"auto, (max-width: 161px) 100vw, 161px\" \/><\/p>\n<p>Cylindr\u00e9e : 45,0 cm\u00b3 &#8211;&nbsp;Poids : 5,1 kg* &#8211;&nbsp;Barre de coupe 38 cm &#8211; 43 cm<\/p>\n<p>Starter \u00e0 retour automatique<br \/>\nTendeur de cha\u00eene lat\u00e9ral &#8211; Griffe<\/p>\n<hr>\n<p><strong>CS 490 ES<\/strong><\/p>\n<p><img loading=\"lazy\" decoding=\"async\" class=\"alignleft size-full wp-image-401\" src=\"https:\/\/www.sarlbml.fr\/sarlbml\/wp-content\/uploads\/2015\/05\/cs510.jpg\" alt=\"cs510\" width=\"160\" height=\"95\" srcset=\"https:\/\/www.sarlbml.fr\/sarlbml\/wp-content\/uploads\/2015\/05\/cs510.jpg 160w, https:\/\/www.sarlbml.fr\/sarlbml\/wp-content\/uploads\/2015\/05\/cs510-150x89.jpg 150w\" sizes=\"auto, (max-width: 160px) 100vw, 160px\" \/><\/p>\n<p>Cylindr\u00e9e : 50,2 cm\u00b3 &#8211; Poids : 4,8 kg* &#8211; Barre de coupe 45 cm&nbsp;<img loading=\"lazy\" decoding=\"async\" class=\" size-full wp-image-405 alignright\" src=\"https:\/\/www.sarlbml.fr\/sarlbml\/wp-content\/uploads\/2015\/05\/easystart_echo.jpg\" alt=\"easystart_echo\" width=\"73\" height=\"34\"><\/p>\n<p>Starter \u00e0 retour automatique<br \/>\nTendeur de cha\u00eene lat\u00e9ral &nbsp;Griffe<\/p>\n<hr>\n<p>Machines professionnelles fiables et durables. Leur d\u00e9marrage est facilit\u00e9 par un d\u00e9compresseur semi-automatique. Ces mod\u00e8les sont \u00e9galement \u00e9quip\u00e9s d\u2019un starter \u00e0 retour automatique ainsi que d\u2019un tendeur de cha\u00eene lat\u00e9ral.<\/p>\n<p><strong>CS 501 SX<\/strong><\/p>\n<p><img loading=\"lazy\" decoding=\"async\" class=\"alignleft size-full wp-image-401\" src=\"https:\/\/www.sarlbml.fr\/sarlbml\/wp-content\/uploads\/2015\/05\/cs510.jpg\" alt=\"cs510\" width=\"160\" height=\"95\" srcset=\"https:\/\/www.sarlbml.fr\/sarlbml\/wp-content\/uploads\/2015\/05\/cs510.jpg 160w, https:\/\/www.sarlbml.fr\/sarlbml\/wp-content\/uploads\/2015\/05\/cs510-150x89.jpg 150w\" sizes=\"auto, (max-width: 160px) 100vw, 160px\" \/><\/p>\n<p>Cylindr\u00e9e : 50,2cm\u00b3 &#8211;&nbsp;Poids : 4,7 kg* &#8211;&nbsp;Barre de coupe 45 cm &#8211; 50 cm<\/p>\n<p>Starter \u00e0 retour automatique<br \/>\nTendeur de cha\u00eene lat\u00e9ral &#8211; Griffe<\/p>\n<hr>\n<p><strong>CS 550<\/strong><\/p>\n<p><img loading=\"lazy\" decoding=\"async\" class=\"alignleft size-full wp-image-401\" src=\"https:\/\/www.sarlbml.fr\/sarlbml\/wp-content\/uploads\/2015\/05\/cs510.jpg\" alt=\"cs510\" width=\"160\" height=\"95\" srcset=\"https:\/\/www.sarlbml.fr\/sarlbml\/wp-content\/uploads\/2015\/05\/cs510.jpg 160w, https:\/\/www.sarlbml.fr\/sarlbml\/wp-content\/uploads\/2015\/05\/cs510-150x89.jpg 150w\" sizes=\"auto, (max-width: 160px) 100vw, 160px\" \/><\/p>\n<p>Cylindr\u00e9e : 54,1 cm\u00b3 &#8211;&nbsp;Poids : 6,0 kg* &#8211;&nbsp;Barre de coupe 45 cm &#8211; 50 cm<\/p>\n<p>Allumage \u00e9lectronique Digital CDI &#8211; Starter \u00e0 retour automatique<br \/>\nTendeur de cha\u00eene lat\u00e9ral &#8211; Griffe<\/p>\n<hr>\n<p><strong>CS 590&nbsp;<\/strong><\/p>\n<p><img loading=\"lazy\" decoding=\"async\" class=\"alignleft size-full wp-image-401\" src=\"https:\/\/www.sarlbml.fr\/sarlbml\/wp-content\/uploads\/2015\/05\/cs510.jpg\" alt=\"cs510\" width=\"160\" height=\"95\" srcset=\"https:\/\/www.sarlbml.fr\/sarlbml\/wp-content\/uploads\/2015\/05\/cs510.jpg 160w, https:\/\/www.sarlbml.fr\/sarlbml\/wp-content\/uploads\/2015\/05\/cs510-150x89.jpg 150w\" sizes=\"auto, (max-width: 160px) 100vw, 160px\" \/><\/p>\n<p>Cylindr\u00e9e : 59,8 cm\u00b3 &#8211;&nbsp;Poids : 6,0 kg* &#8211;&nbsp;Barre de coupe&nbsp;50 cm &#8211; 60 cm<\/p>\n<p>Allumage \u00e9lectronique Digital CDI &#8211; Starter \u00e0 retour automatique<br \/>\nTendeur de cha\u00eene lat\u00e9ral &#8211; Griffe en option<\/p>\n<hr>\n<p>Grande puissance et excellente perfomance de coupe. Filtre \u00e0 air de grande surface, nettoyage assist\u00e9 par turbine<\/p>\n<p><strong>CS 620 SX<\/strong><\/p>\n<p><img loading=\"lazy\" decoding=\"async\" class=\"alignleft size-full wp-image-401\" src=\"https:\/\/www.sarlbml.fr\/sarlbml\/wp-content\/uploads\/2015\/05\/cs510.jpg\" alt=\"cs510\" width=\"160\" height=\"95\" srcset=\"https:\/\/www.sarlbml.fr\/sarlbml\/wp-content\/uploads\/2015\/05\/cs510.jpg 160w, https:\/\/www.sarlbml.fr\/sarlbml\/wp-content\/uploads\/2015\/05\/cs510-150x89.jpg 150w\" sizes=\"auto, (max-width: 160px) 100vw, 160px\" \/><\/p>\n<p>Cylindr\u00e9e : 59,8 cm\u00b3 &#8211;&nbsp;Poids : 6,2 kg* &#8211;&nbsp;Barre de coupe&nbsp;50 cm &#8211;&nbsp;60 cm<\/p>\n<p>Allumage \u00e9lectronique Digital CDI &#8211; Starter \u00e0 retour automatique<br \/>\nTendeur de cha\u00eene lat\u00e9ral &#8211; Double Griffe<\/p>\n<hr>\n<p>Tron\u00e7onneuses professionnelles, puissantes et r\u00e9sistantes. Leur maintenance est r\u00e9duite \u00e0 son strict minimum.<\/p>\n<p><strong>CS 680<\/strong><\/p>\n<p><img loading=\"lazy\" decoding=\"async\" class=\"alignleft wp-image-403\" src=\"https:\/\/www.sarlbml.fr\/sarlbml\/wp-content\/uploads\/2015\/05\/cs8001.jpg\" alt=\"cs8001\" width=\"160\" height=\"90\" srcset=\"https:\/\/www.sarlbml.fr\/sarlbml\/wp-content\/uploads\/2015\/05\/cs8001.jpg 400w, https:\/\/www.sarlbml.fr\/sarlbml\/wp-content\/uploads\/2015\/05\/cs8001-300x170.jpg 300w, https:\/\/www.sarlbml.fr\/sarlbml\/wp-content\/uploads\/2015\/05\/cs8001-250x141.jpg 250w, https:\/\/www.sarlbml.fr\/sarlbml\/wp-content\/uploads\/2015\/05\/cs8001-150x85.jpg 150w\" sizes=\"auto, (max-width: 160px) 100vw, 160px\" \/><\/p>\n<p>Cylindr\u00e9e : 66,8 cm\u00b3 &#8211;&nbsp;Poids : 6,6 kg* &#8211;&nbsp;Barre de coupe 45cm &#8211; 50 cm &#8211; 60 cm<\/p>\n<p>Starter \u00e0 retour automatique<br \/>\nTendeur de cha\u00eene lat\u00e9ral &#8211; Griffe<\/p>\n<hr>\n<p><strong>CS 8002<\/strong><\/p>\n<p><img loading=\"lazy\" decoding=\"async\" class=\"alignleft wp-image-403\" src=\"https:\/\/www.sarlbml.fr\/sarlbml\/wp-content\/uploads\/2015\/05\/cs8001.jpg\" alt=\"cs8001\" width=\"160\" height=\"90\" srcset=\"https:\/\/www.sarlbml.fr\/sarlbml\/wp-content\/uploads\/2015\/05\/cs8001.jpg 400w, https:\/\/www.sarlbml.fr\/sarlbml\/wp-content\/uploads\/2015\/05\/cs8001-300x170.jpg 300w, https:\/\/www.sarlbml.fr\/sarlbml\/wp-content\/uploads\/2015\/05\/cs8001-250x141.jpg 250w, https:\/\/www.sarlbml.fr\/sarlbml\/wp-content\/uploads\/2015\/05\/cs8001-150x85.jpg 150w\" sizes=\"auto, (max-width: 160px) 100vw, 160px\" \/><\/p>\n<p>Cylindr\u00e9e : 80,7 cm\u00b3 &#8211;&nbsp;Poids : 7,5 kg* &#8211;&nbsp;Barre de coupe 45cm &#8211; 50 cm &#8211; 60 cm &#8211;&nbsp;70 cm<\/p>\n<p>Starter \u00e0 retour automatique<br \/>\nGriffe<\/p>\n<p><span style=\"font-size: xx-small;\">* Vide, sans guide ni cha\u00eene &#8211;<\/span>&nbsp;<span style=\"font-size: xx-small;\">Photos non contractuelles<\/span><\/p>\n","protected":false},"excerpt":{"rendered":"<p>Elles forment le d\u00e9but de la gamme des tron\u00e7onneuses puissantes. Elles sont d\u2019une efficacit\u00e9 redoutable en abattage comme en \u00e9branchage au sol. CS 281 WES Cylindr\u00e9e : 26,9 cm\u00b3 &#8211; Poids : 3,1 kg* &#8211;&nbsp;Barre de coupe 30 cm Allumage \u00e9lectronique Digital CDI &#8211; Starter \u00e0 retour automatique Tendeur de\u2026<\/p>\n<p> <a class=\"continue-reading-link\" href=\"https:\/\/www.sarlbml.fr\/sarlbml\/catalogue\/catalogue-echo\/tronconneuses-echo\/\"><span>Lire la suite<\/span><i class=\"crycon-right-dir\"><\/i><\/a> <\/p>\n","protected":false},"author":1,"featured_media":0,"parent":532,"menu_order":2,"comment_status":"closed","ping_status":"open","template":"","meta":{"footnotes":""},"class_list":["post-396","page","type-page","status-publish","hentry"],"_links":{"self":[{"href":"https:\/\/www.sarlbml.fr\/sarlbml\/wp-json\/wp\/v2\/pages\/396","targetHints":{"allow":["GET"]}}],"collection":[{"href":"https:\/\/www.sarlbml.fr\/sarlbml\/wp-json\/wp\/v2\/pages"}],"about":[{"href":"https:\/\/www.sarlbml.fr\/sarlbml\/wp-json\/wp\/v2\/types\/page"}],"author":[{"embeddable":true,"href":"https:\/\/www.sarlbml.fr\/sarlbml\/wp-json\/wp\/v2\/users\/1"}],"replies":[{"embeddable":true,"href":"https:\/\/www.sarlbml.fr\/sarlbml\/wp-json\/wp\/v2\/comments?post=396"}],"version-history":[{"count":24,"href":"https:\/\/www.sarlbml.fr\/sarlbml\/wp-json\/wp\/v2\/pages\/396\/revisions"}],"predecessor-version":[{"id":1638,"href":"https:\/\/www.sarlbml.fr\/sarlbml\/wp-json\/wp\/v2\/pages\/396\/revisions\/1638"}],"up":[{"embeddable":true,"href":"https:\/\/www.sarlbml.fr\/sarlbml\/wp-json\/wp\/v2\/pages\/532"}],"wp:attachment":[{"href":"https:\/\/www.sarlbml.fr\/sarlbml\/wp-json\/wp\/v2\/media?parent=396"}],"curies":[{"name":"wp","href":"https:\/\/api.w.org\/{rel}","templated":true}]}}