{"id":389,"date":"2015-05-27T13:51:00","date_gmt":"2015-05-27T12:51:00","guid":{"rendered":"http:\/\/sarlbmlfzd.cluster011.ovh.net\/sarlbml\/?page_id=389"},"modified":"2019-02-19T17:39:06","modified_gmt":"2019-02-19T16:39:06","slug":"elagueuses-echo","status":"publish","type":"page","link":"https:\/\/www.sarlbml.fr\/sarlbml\/catalogue\/catalogue-echo\/elagueuses-echo\/","title":{"rendered":"Elagueuses Echo"},"content":{"rendered":"<p>\u201cBien en main pour \u00e9brancher\u201d et super compactes, les \u00e9lagueuses tron\u00e7onneuses\u00a0CS 3400 pr\u00e9sentent, en dehors des caract\u00e9ristiques communes avec les autres tron\u00e7onneuses ECHO, des particularit\u00e9s sp\u00e9cifiques. Le capot monocoque supprime les risques d\u2019accrochage sur les asp\u00e9rit\u00e9s, le lanceur \u00e0 cassette facilite l\u2019entretien et le frein de cha\u00eene \u00e0 inertie se d\u00e9clenche automatiquement en cas de rebond, permettant \u00e0 l\u2019utilisateur de se consacrer totalement au maniement de la machine.<\/p>\n<p><strong>CS\u00a0303 T<\/strong><\/p>\n<p><img loading=\"lazy\" decoding=\"async\" class=\"alignleft wp-image-1051\" src=\"https:\/\/www.sarlbml.fr\/sarlbml\/wp-content\/uploads\/2015\/05\/cs303t.png\" alt=\"cs303t\" width=\"200\" height=\"121\" srcset=\"https:\/\/www.sarlbml.fr\/sarlbml\/wp-content\/uploads\/2015\/05\/cs303t.png 571w, https:\/\/www.sarlbml.fr\/sarlbml\/wp-content\/uploads\/2015\/05\/cs303t-300x181.png 300w, https:\/\/www.sarlbml.fr\/sarlbml\/wp-content\/uploads\/2015\/05\/cs303t-248x150.png 248w, https:\/\/www.sarlbml.fr\/sarlbml\/wp-content\/uploads\/2015\/05\/cs303t-150x91.png 150w\" sizes=\"auto, (max-width: 200px) 100vw, 200px\" \/><\/p>\n<p>Cylindr\u00e9e : 30,1 cm\u00b3 &#8211;\u00a0Poids : 3,5 kg* &#8211;\u00a0Barre de coupe\u00a030 cm &#8211; 35 cm<\/p>\n<p>Tendeur de cha\u00eene lat\u00e9ral<br \/>\nGriffe<\/p>\n<hr \/>\n<p><span style=\"color: #000000;\">Les \u00e9lagueuses de la nouvelle g\u00e9n\u00e9ration : l\u00e9g\u00e8res, moteur stable et puissance assur\u00e9e gr\u00e2ce \u00e0 l\u2019allumage digital, \u00e9conomes en huile de cha\u00eene.<\/span><\/p>\n<p><strong>CS 2511 TES &#8211; <span style=\"color: #ff6600;\">Nouveaut\u00e9 !<\/span><\/strong><\/p>\n<p><img loading=\"lazy\" decoding=\"async\" class=\"wp-image-1203 alignleft\" src=\"https:\/\/www.sarlbml.fr\/sarlbml\/wp-content\/uploads\/2015\/05\/cs-2510tes.jpg\" alt=\"cs-2510tes\" width=\"200\" height=\"200\" srcset=\"https:\/\/www.sarlbml.fr\/sarlbml\/wp-content\/uploads\/2015\/05\/cs-2510tes.jpg 265w, https:\/\/www.sarlbml.fr\/sarlbml\/wp-content\/uploads\/2015\/05\/cs-2510tes-100x100.jpg 100w, https:\/\/www.sarlbml.fr\/sarlbml\/wp-content\/uploads\/2015\/05\/cs-2510tes-150x150.jpg 150w\" sizes=\"auto, (max-width: 200px) 100vw, 200px\" \/>Cylindr\u00e9e : 25 cm\u00b3 &#8211;\u00a0Poids : 2,3 kg* &#8211;\u00a0Barre de coupe 25 cm<img loading=\"lazy\" decoding=\"async\" class=\"alignright size-full wp-image-405\" src=\"https:\/\/www.sarlbml.fr\/sarlbml\/wp-content\/uploads\/2015\/05\/easystart_echo.jpg\" alt=\"easystart_echo\" width=\"73\" height=\"34\" \/><\/p>\n<p>Allumage \u00e9lectronique Digital CDI &#8211; Starter \u00e0 retour automatique<br \/>\nTendeur de cha\u00eene lat\u00e9ral<br \/>\nGriffe<\/p>\n<hr \/>\n<p><strong>CS 280 T<\/strong><\/p>\n<p><img loading=\"lazy\" decoding=\"async\" class=\"alignleft wp-image-162\" src=\"https:\/\/www.sarlbml.fr\/sarlbml\/wp-content\/uploads\/2015\/05\/cs2600es.jpg\" alt=\"cs2600es\" width=\"200\" height=\"120\" srcset=\"https:\/\/www.sarlbml.fr\/sarlbml\/wp-content\/uploads\/2015\/05\/cs2600es.jpg 400w, https:\/\/www.sarlbml.fr\/sarlbml\/wp-content\/uploads\/2015\/05\/cs2600es-300x179.jpg 300w, https:\/\/www.sarlbml.fr\/sarlbml\/wp-content\/uploads\/2015\/05\/cs2600es-250x150.jpg 250w, https:\/\/www.sarlbml.fr\/sarlbml\/wp-content\/uploads\/2015\/05\/cs2600es-150x90.jpg 150w\" sizes=\"auto, (max-width: 200px) 100vw, 200px\" \/><\/p>\n<p>Cylindr\u00e9e : 26,9 cm\u00b3 &#8211;\u00a0Poids :\u00a03,0 kg* &#8211;\u00a0Barre de coupe 25 cm<\/p>\n<p>Allumage \u00e9lectronique Digital CDI &#8211; Starter \u00e0 retour automatique<br \/>\nTendeur de cha\u00eene lat\u00e9ral &#8211;\u00a0Griffe en option<\/p>\n<hr \/>\n<p><strong>CS 280 TES<\/strong><\/p>\n<p><img loading=\"lazy\" decoding=\"async\" class=\"alignleft wp-image-162\" src=\"https:\/\/www.sarlbml.fr\/sarlbml\/wp-content\/uploads\/2015\/05\/cs2600es.jpg\" alt=\"cs2600es\" width=\"200\" height=\"120\" srcset=\"https:\/\/www.sarlbml.fr\/sarlbml\/wp-content\/uploads\/2015\/05\/cs2600es.jpg 400w, https:\/\/www.sarlbml.fr\/sarlbml\/wp-content\/uploads\/2015\/05\/cs2600es-300x179.jpg 300w, https:\/\/www.sarlbml.fr\/sarlbml\/wp-content\/uploads\/2015\/05\/cs2600es-250x150.jpg 250w, https:\/\/www.sarlbml.fr\/sarlbml\/wp-content\/uploads\/2015\/05\/cs2600es-150x90.jpg 150w\" sizes=\"auto, (max-width: 200px) 100vw, 200px\" \/><\/p>\n<p>Cylindr\u00e9e : 26,9 cm\u00b3 &#8211; Poids :\u00a03,0 kg* &#8211; Barre de coupe 25 cm<img loading=\"lazy\" decoding=\"async\" class=\"alignright size-full wp-image-405\" src=\"https:\/\/www.sarlbml.fr\/sarlbml\/wp-content\/uploads\/2015\/05\/easystart_echo.jpg\" alt=\"easystart_echo\" width=\"73\" height=\"34\" \/><\/p>\n<p>Allumage \u00e9lectronique Digital CDI &#8211; Starter \u00e0 retour automatique<br \/>\nTendeur de cha\u00eene lat\u00e9ral &#8211;\u00a0Griffe en option<\/p>\n<hr \/>\n<p><strong>CS 280 TES 1\/4<\/strong><\/p>\n<p><img loading=\"lazy\" decoding=\"async\" class=\"alignleft wp-image-1050\" src=\"https:\/\/www.sarlbml.fr\/sarlbml\/wp-content\/uploads\/2015\/05\/cs260tes14.jpg\" alt=\"cs260tes14\" width=\"200\" height=\"117\" srcset=\"https:\/\/www.sarlbml.fr\/sarlbml\/wp-content\/uploads\/2015\/05\/cs260tes14.jpg 571w, https:\/\/www.sarlbml.fr\/sarlbml\/wp-content\/uploads\/2015\/05\/cs260tes14-300x175.jpg 300w, https:\/\/www.sarlbml.fr\/sarlbml\/wp-content\/uploads\/2015\/05\/cs260tes14-250x146.jpg 250w, https:\/\/www.sarlbml.fr\/sarlbml\/wp-content\/uploads\/2015\/05\/cs260tes14-150x87.jpg 150w\" sizes=\"auto, (max-width: 200px) 100vw, 200px\" \/><\/p>\n<p>Cylindr\u00e9e : 26,9 cm\u00b3 &#8211; Poids :\u00a03,0 kg* &#8211; Barre de coupe 25 cm<img loading=\"lazy\" decoding=\"async\" class=\"alignright size-full wp-image-405\" src=\"https:\/\/www.sarlbml.fr\/sarlbml\/wp-content\/uploads\/2015\/05\/easystart_echo.jpg\" alt=\"easystart_echo\" width=\"73\" height=\"34\" \/><\/p>\n<p>Allumage \u00e9lectronique Digital CDI &#8211; Starter \u00e0 retour automatique<br \/>\nTendeur de cha\u00eene lat\u00e9ral &#8211;\u00a0Griffe en option<\/p>\n<hr \/>\n<p>Nouvelles r\u00e9f\u00e9rences en mati\u00e8re d\u2019\u00e9lagage par les performances de leurs moteurs dot\u00e9s de cylindres \u00e0 4 transferts, elles sont le compl\u00e9ment indispensable des autres \u00e9lagueuses l\u00e9g\u00e8res, et repr\u00e9sentent aussi par leur capacit\u00e9 de coupe l\u2019entr\u00e9e de la gamme des tron\u00e7onneuses traditionnelles.<\/p>\n<p><strong>CS 320TES<\/strong><\/p>\n<p><img loading=\"lazy\" decoding=\"async\" class=\"alignleft wp-image-390\" src=\"https:\/\/www.sarlbml.fr\/sarlbml\/wp-content\/uploads\/2015\/05\/cs350tes.jpg\" alt=\"cs350tes\" width=\"200\" height=\"105\" srcset=\"https:\/\/www.sarlbml.fr\/sarlbml\/wp-content\/uploads\/2015\/05\/cs350tes.jpg 400w, https:\/\/www.sarlbml.fr\/sarlbml\/wp-content\/uploads\/2015\/05\/cs350tes-300x158.jpg 300w, https:\/\/www.sarlbml.fr\/sarlbml\/wp-content\/uploads\/2015\/05\/cs350tes-250x131.jpg 250w, https:\/\/www.sarlbml.fr\/sarlbml\/wp-content\/uploads\/2015\/05\/cs350tes-150x79.jpg 150w\" sizes=\"auto, (max-width: 200px) 100vw, 200px\" \/><\/p>\n<p>Cylindr\u00e9e : 32,3 cm\u00b3 &#8211; Poids : 3,5 kg* &#8211; Barre de coupe 30 cm &#8211; 35 cm<\/p>\n<p><img loading=\"lazy\" decoding=\"async\" class=\"alignright size-full wp-image-405\" src=\"https:\/\/www.sarlbml.fr\/sarlbml\/wp-content\/uploads\/2015\/05\/easystart_echo.jpg\" alt=\"easystart_echo\" width=\"73\" height=\"34\" \/>Starter \u00e0 retour automatique<br \/>\nTendeur de cha\u00eene lat\u00e9ral &#8211;\u00a0Griffe<\/p>\n<hr \/>\n<p><strong>CS 360 TES &#8211; <span style=\"color: #ff6600;\">Nouveaut\u00e9 !<\/span><\/strong><\/p>\n<p><img loading=\"lazy\" decoding=\"async\" class=\"alignleft wp-image-390\" src=\"https:\/\/www.sarlbml.fr\/sarlbml\/wp-content\/uploads\/2015\/05\/cs350tes.jpg\" alt=\"cs350tes\" width=\"200\" height=\"105\" srcset=\"https:\/\/www.sarlbml.fr\/sarlbml\/wp-content\/uploads\/2015\/05\/cs350tes.jpg 400w, https:\/\/www.sarlbml.fr\/sarlbml\/wp-content\/uploads\/2015\/05\/cs350tes-300x158.jpg 300w, https:\/\/www.sarlbml.fr\/sarlbml\/wp-content\/uploads\/2015\/05\/cs350tes-250x131.jpg 250w, https:\/\/www.sarlbml.fr\/sarlbml\/wp-content\/uploads\/2015\/05\/cs350tes-150x79.jpg 150w\" sizes=\"auto, (max-width: 200px) 100vw, 200px\" \/><\/p>\n<p>Cylindr\u00e9e : 35,8 cm\u00b3 &#8211; Poids : 3,6 kg* &#8211; Barre de coupe 30 cm &#8211; 35 cm<\/p>\n<p><img loading=\"lazy\" decoding=\"async\" class=\"alignright size-full wp-image-405\" src=\"https:\/\/www.sarlbml.fr\/sarlbml\/wp-content\/uploads\/2015\/05\/easystart_echo.jpg\" alt=\"easystart_echo\" width=\"73\" height=\"34\" \/>Allumage \u00e9lectronique Digital CDI &#8211; Starter \u00e0 retour automatique<br \/>\nTendeur de cha\u00eene lat\u00e9ral &#8211;\u00a0Griffe en option<\/p>\n<p><span style=\"font-size: xx-small;\">* vide, sans guide ni cha\u00eene &#8211;\u00a0<\/span><span style=\"font-size: xx-small;\">photos non contractuelles<\/span><\/p>\n","protected":false},"excerpt":{"rendered":"<p>\u201cBien en main pour \u00e9brancher\u201d et super compactes, les \u00e9lagueuses tron\u00e7onneuses\u00a0CS 3400 pr\u00e9sentent, en dehors des caract\u00e9ristiques communes avec les autres tron\u00e7onneuses ECHO, des particularit\u00e9s sp\u00e9cifiques. Le capot monocoque supprime les risques d\u2019accrochage sur les asp\u00e9rit\u00e9s, le lanceur \u00e0 cassette facilite l\u2019entretien et le frein de cha\u00eene \u00e0 inertie se\u2026<\/p>\n<p> <a class=\"continue-reading-link\" href=\"https:\/\/www.sarlbml.fr\/sarlbml\/catalogue\/catalogue-echo\/elagueuses-echo\/\"><span>Lire la suite<\/span><i class=\"crycon-right-dir\"><\/i><\/a> <\/p>\n","protected":false},"author":1,"featured_media":0,"parent":532,"menu_order":1,"comment_status":"closed","ping_status":"open","template":"","meta":{"footnotes":""},"class_list":["post-389","page","type-page","status-publish","hentry"],"_links":{"self":[{"href":"https:\/\/www.sarlbml.fr\/sarlbml\/wp-json\/wp\/v2\/pages\/389","targetHints":{"allow":["GET"]}}],"collection":[{"href":"https:\/\/www.sarlbml.fr\/sarlbml\/wp-json\/wp\/v2\/pages"}],"about":[{"href":"https:\/\/www.sarlbml.fr\/sarlbml\/wp-json\/wp\/v2\/types\/page"}],"author":[{"embeddable":true,"href":"https:\/\/www.sarlbml.fr\/sarlbml\/wp-json\/wp\/v2\/users\/1"}],"replies":[{"embeddable":true,"href":"https:\/\/www.sarlbml.fr\/sarlbml\/wp-json\/wp\/v2\/comments?post=389"}],"version-history":[{"count":15,"href":"https:\/\/www.sarlbml.fr\/sarlbml\/wp-json\/wp\/v2\/pages\/389\/revisions"}],"predecessor-version":[{"id":1733,"href":"https:\/\/www.sarlbml.fr\/sarlbml\/wp-json\/wp\/v2\/pages\/389\/revisions\/1733"}],"up":[{"embeddable":true,"href":"https:\/\/www.sarlbml.fr\/sarlbml\/wp-json\/wp\/v2\/pages\/532"}],"wp:attachment":[{"href":"https:\/\/www.sarlbml.fr\/sarlbml\/wp-json\/wp\/v2\/media?parent=389"}],"curies":[{"name":"wp","href":"https:\/\/api.w.org\/{rel}","templated":true}]}}