{"id":316,"date":"2015-05-27T11:39:35","date_gmt":"2015-05-27T10:39:35","guid":{"rendered":"http:\/\/sarlbmlfzd.cluster011.ovh.net\/sarlbml\/?page_id=316"},"modified":"2019-02-12T18:08:26","modified_gmt":"2019-02-12T17:08:26","slug":"316-2","status":"publish","type":"page","link":"https:\/\/www.sarlbml.fr\/sarlbml\/catalogue\/catalogue-honda\/316-2\/","title":{"rendered":"Souffleur 4 temps"},"content":{"rendered":"<p><img loading=\"lazy\" decoding=\"async\" class=\"alignleft wp-image-317\" src=\"https:\/\/www.sarlbml.fr\/sarlbml\/wp-content\/uploads\/2015\/05\/hhb251.jpg\" alt=\"hhb25\" width=\"200\" height=\"227\" srcset=\"https:\/\/www.sarlbml.fr\/sarlbml\/wp-content\/uploads\/2015\/05\/hhb251.jpg 447w, https:\/\/www.sarlbml.fr\/sarlbml\/wp-content\/uploads\/2015\/05\/hhb251-264x300.jpg 264w, https:\/\/www.sarlbml.fr\/sarlbml\/wp-content\/uploads\/2015\/05\/hhb251-132x150.jpg 132w\" sizes=\"auto, (max-width: 200px) 100vw, 200px\" \/><strong>Id\u00e9al pour le nettoyage de votre jardin et de ses abords (terrasses, all\u00e9es, bords de piscine, &#8230;). Gr\u00e2ce au souffleur Honda 4 temps, oubliez le balai et rassemblez en quelques secondes les feuilles, brindilles, papiers qui jonchent votre terrain. Il vous suffit ensuite d&rsquo;\u00e9vacuer les tas de feuilles et le jardin est impeccable !<\/strong><\/p>\n<p>Le micromoteur Honda 4 temps est puissant l\u00e9ger et peu polluant.<\/p>\n<p>Le d\u00e9compresseur automatique permet un d\u00e9marrage facile sans effort m\u00eame \u00e0 froid.<\/p>\n<p>La poign\u00e9e rev\u00eatue d&rsquo;un mat\u00e9riau \u00ab\u00a0soft skin\u00a0\u00bb r\u00e9duit les vibrations et assure une excellente prise en main.<\/p>\n<p>L&rsquo;acc\u00e9l\u00e9rateur \u00e0 la poign\u00e9e permet un contr\u00f4le pr\u00e9cis du d\u00e9bit d&rsquo;air lors des finitions (recoins, plate-bandes, &#8230;).<\/p>\n<p>Tube optimis\u00e9e pour obtenir un d\u00e9bit d&rsquo;air maximum sans pousser le moteur \u00e0 plein r\u00e9gime. L&rsquo;extr\u00e9mit\u00e9 du tube est aplati pour un flux d&rsquo;air concentr\u00e9 plus efficace.<\/p>\n<hr>\n\n<table id=\"tablepress-8\" class=\"tablepress tablepress-id-8 tablepress-responsive\">\n<tbody class=\"row-striping\">\n<tr class=\"row-1\">\n\t<td class=\"column-1\">Moteur<\/td><td class=\"column-2\"><p style=\"text-align: center;\">GX 25<\/p><\/td>\n<\/tr>\n<tr class=\"row-2\">\n\t<td class=\"column-1\">Type<\/td><td class=\"column-2\"><p style=\"text-align: center;\">4 temps, OHC<\/p><\/td>\n<\/tr>\n<tr class=\"row-3\">\n\t<td class=\"column-1\">Cylindr\u00e9e<\/td><td class=\"column-2\"><p style=\"text-align: center;\">25 cc<\/p><\/td>\n<\/tr>\n<tr class=\"row-4\">\n\t<td class=\"column-1\">Puissance<\/td><td class=\"column-2\"><p style=\"text-align: center;\">0,81 kw \u00e0 7000 tr\/mn<\/p><\/td>\n<\/tr>\n<tr class=\"row-5\">\n\t<td class=\"column-1\">Contenance du r\u00e9servoir<\/td><td class=\"column-2\"><p style=\"text-align: center;\">0,32 litre<\/p><\/td>\n<\/tr>\n<tr class=\"row-6\">\n\t<td class=\"column-1\">D\u00e9bit d'air maximum<\/td><td class=\"column-2\"><p style=\"text-align: center;\">600 m\u00b3\/h<\/p><\/td>\n<\/tr>\n<tr class=\"row-7\">\n\t<td class=\"column-1\">Vitesse de l'air maximum<\/td><td class=\"column-2\"><p style=\"text-align: center;\">70 m\/s<\/p><\/td>\n<\/tr>\n<tr class=\"row-8\">\n\t<td class=\"column-1\">Poids \u00e0 vide<\/td><td class=\"column-2\"><p style=\"text-align: center;\">4,5 kg<\/p><\/td>\n<\/tr>\n<tr class=\"row-9\">\n\t<td class=\"column-1\">Niveau sonore LWA*<\/td><td class=\"column-2\"><p style=\"text-align: center;\">87 dB(A)<\/p><\/td>\n<\/tr>\n<tr class=\"row-10\">\n\t<td class=\"column-1\">Niveau sonore LPA**<\/td><td class=\"column-2\"><p style=\"text-align: center;\">87 dB(A)<\/p><\/td>\n<\/tr>\n<\/tbody>\n<\/table>\n<!-- #tablepress-8 from cache -->\n<p>* selon norme 2000\/14\/EC ** selon norme ISO 11806<\/p>\n","protected":false},"excerpt":{"rendered":"<p>Id\u00e9al pour le nettoyage de votre jardin et de ses abords (terrasses, all\u00e9es, bords de piscine, &#8230;). Gr\u00e2ce au souffleur Honda 4 temps, oubliez le balai et rassemblez en quelques secondes les feuilles, brindilles, papiers qui jonchent votre terrain. Il vous suffit ensuite d&rsquo;\u00e9vacuer les tas de feuilles et le\u2026<\/p>\n<p> <a class=\"continue-reading-link\" href=\"https:\/\/www.sarlbml.fr\/sarlbml\/catalogue\/catalogue-honda\/316-2\/\"><span>Lire la suite<\/span><i class=\"crycon-right-dir\"><\/i><\/a> <\/p>\n","protected":false},"author":1,"featured_media":0,"parent":526,"menu_order":9,"comment_status":"closed","ping_status":"open","template":"","meta":{"footnotes":""},"class_list":["post-316","page","type-page","status-publish","hentry"],"_links":{"self":[{"href":"https:\/\/www.sarlbml.fr\/sarlbml\/wp-json\/wp\/v2\/pages\/316","targetHints":{"allow":["GET"]}}],"collection":[{"href":"https:\/\/www.sarlbml.fr\/sarlbml\/wp-json\/wp\/v2\/pages"}],"about":[{"href":"https:\/\/www.sarlbml.fr\/sarlbml\/wp-json\/wp\/v2\/types\/page"}],"author":[{"embeddable":true,"href":"https:\/\/www.sarlbml.fr\/sarlbml\/wp-json\/wp\/v2\/users\/1"}],"replies":[{"embeddable":true,"href":"https:\/\/www.sarlbml.fr\/sarlbml\/wp-json\/wp\/v2\/comments?post=316"}],"version-history":[{"count":4,"href":"https:\/\/www.sarlbml.fr\/sarlbml\/wp-json\/wp\/v2\/pages\/316\/revisions"}],"predecessor-version":[{"id":1645,"href":"https:\/\/www.sarlbml.fr\/sarlbml\/wp-json\/wp\/v2\/pages\/316\/revisions\/1645"}],"up":[{"embeddable":true,"href":"https:\/\/www.sarlbml.fr\/sarlbml\/wp-json\/wp\/v2\/pages\/526"}],"wp:attachment":[{"href":"https:\/\/www.sarlbml.fr\/sarlbml\/wp-json\/wp\/v2\/media?parent=316"}],"curies":[{"name":"wp","href":"https:\/\/api.w.org\/{rel}","templated":true}]}}