{"id":309,"date":"2015-05-27T11:25:45","date_gmt":"2015-05-27T10:25:45","guid":{"rendered":"http:\/\/sarlbmlfzd.cluster011.ovh.net\/sarlbml\/?page_id=309"},"modified":"2019-02-12T18:10:23","modified_gmt":"2019-02-12T17:10:23","slug":"pulverisateur-4-temps","status":"publish","type":"page","link":"https:\/\/www.sarlbml.fr\/sarlbml\/catalogue\/catalogue-honda\/pulverisateur-4-temps\/","title":{"rendered":"Pulv\u00e9risateur 4 temps"},"content":{"rendered":"<div id=\"attachment_310\" style=\"width: 160px\" class=\"wp-caption alignleft\"><img loading=\"lazy\" decoding=\"async\" aria-describedby=\"caption-attachment-310\" class=\"wp-image-310\" src=\"https:\/\/www.sarlbml.fr\/sarlbml\/wp-content\/uploads\/2015\/05\/wjr25251.jpg\" alt=\"wjr2525\" width=\"150\" height=\"259\" srcset=\"https:\/\/www.sarlbml.fr\/sarlbml\/wp-content\/uploads\/2015\/05\/wjr25251.jpg 237w, https:\/\/www.sarlbml.fr\/sarlbml\/wp-content\/uploads\/2015\/05\/wjr25251-173x300.jpg 173w, https:\/\/www.sarlbml.fr\/sarlbml\/wp-content\/uploads\/2015\/05\/wjr25251-87x150.jpg 87w\" sizes=\"auto, (max-width: 150px) 100vw, 150px\" \/><p id=\"caption-attachment-310\" class=\"wp-caption-text\">Mod\u00e8le WRJ2525<\/p><\/div>\n<p><strong>Recommand\u00e9s pour le traitement des arbres fruitiers, massifs, potagers, cultures, l&rsquo;entretien du jardin et de la maison (toits, terrasses, &#8230;).<\/strong><\/p>\n<p>Double buse \u00e0 turbulence pour un d\u00e9bit maximum de 7,1 l\/mn.<\/p>\n<p>R\u00e9glage de la pression par molette crant\u00e9e, 4 niveau de pression programm\u00e9s.<\/p>\n<p>Ch\u00e2ssis en composite l\u00e9ger, r\u00e9sistant, anticorrosion.<\/p>\n<p>Micromoteur Honda 4 temps avec tous les avantages qui vont avec : Moins de bruit, moins d&rsquo;\u00e9missions polluantes.<\/p>\n<p>Pompe \u00e0 piston pour plus de puissance et une meilleur long\u00e9vit\u00e9.<\/p>\n<hr>\n\n<table id=\"tablepress-7\" class=\"tablepress tablepress-id-7 tablepress-responsive\">\n<tbody class=\"row-striping\">\n<tr class=\"row-1\">\n\t<td class=\"column-1\"><\/td><td class=\"column-2\"><div class=\"wp-block-image\"><figure class=\"aligncenter\"><img loading=\"lazy\" decoding=\"async\" src=\"https:\/\/www.sarlbml.fr\/sarlbml\/wp-content\/uploads\/2015\/05\/wjr25251.jpg\" alt=\"\" width=\"29\" height=\"50\" class=\"aligncenter size-full wp-image-310\" srcset=\"https:\/\/www.sarlbml.fr\/sarlbml\/wp-content\/uploads\/2015\/05\/wjr25251.jpg 237w, https:\/\/www.sarlbml.fr\/sarlbml\/wp-content\/uploads\/2015\/05\/wjr25251-173x300.jpg 173w, https:\/\/www.sarlbml.fr\/sarlbml\/wp-content\/uploads\/2015\/05\/wjr25251-87x150.jpg 87w\" sizes=\"auto, (max-width: 29px) 100vw, 29px\" \/><\/figure><\/div><\/td><td class=\"column-3\"><div class=\"wp-block-image\"><figure class=\"aligncenter\"><img loading=\"lazy\" decoding=\"async\" src=\"https:\/\/www.sarlbml.fr\/sarlbml\/wp-content\/uploads\/2015\/05\/wjr25251.jpg\" alt=\"\" width=\"29\" height=\"50\" class=\"aligncenter size-full wp-image-310\" srcset=\"https:\/\/www.sarlbml.fr\/sarlbml\/wp-content\/uploads\/2015\/05\/wjr25251.jpg 237w, https:\/\/www.sarlbml.fr\/sarlbml\/wp-content\/uploads\/2015\/05\/wjr25251-173x300.jpg 173w, https:\/\/www.sarlbml.fr\/sarlbml\/wp-content\/uploads\/2015\/05\/wjr25251-87x150.jpg 87w\" sizes=\"auto, (max-width: 29px) 100vw, 29px\" \/><\/figure><\/div><\/td>\n<\/tr>\n<tr class=\"row-2\">\n\t<td class=\"column-1\"><strong>Mod\u00e8le<\/strong><\/td><td class=\"column-2\"><p style=\"text-align: center;\"><strong>WRJ 1525<\/strong><\/p><\/td><td class=\"column-3\"><p style=\"text-align: center;\"><strong>WRJ 1525<\/strong><\/p><\/td>\n<\/tr>\n<tr class=\"row-3\">\n\t<td class=\"column-1\">Moteur<\/td><td class=\"column-2\"><p style=\"text-align: center;\">GX 25<\/p><\/td><td class=\"column-3\"><p style=\"text-align: center;\">GX 25<\/p><\/td>\n<\/tr>\n<tr class=\"row-4\">\n\t<td class=\"column-1\">Type<\/td><td class=\"column-2\"><p style=\"text-align: center;\">4 temps, OHC<\/p><\/td><td class=\"column-3\"><p style=\"text-align: center;\">4 temps, OHC<\/p><\/td>\n<\/tr>\n<tr class=\"row-5\">\n\t<td class=\"column-1\">Cylindr\u00e9e<\/td><td class=\"column-2\"><p style=\"text-align: center;\">25 cc<\/p><\/td><td class=\"column-3\"><p style=\"text-align: center;\">25 cc<\/p><\/td>\n<\/tr>\n<tr class=\"row-6\">\n\t<td class=\"column-1\">Puissance<\/td><td class=\"column-2\"><p style=\"text-align: center;\">0,81 kw \u00e0 7000 tr\/mn<\/p><\/td><td class=\"column-3\"><p style=\"text-align: center;\">0,81 kw \u00e0 7000 tr\/mn<\/p><\/td>\n<\/tr>\n<tr class=\"row-7\">\n\t<td class=\"column-1\">Contenance du r\u00e9servoir moteur<\/td><td class=\"column-2\"><p style=\"text-align: center;\">0,55 litre<\/p><\/td><td class=\"column-3\"><p style=\"text-align: center;\">0,55 litre<\/p><\/td>\n<\/tr>\n<tr class=\"row-8\">\n\t<td class=\"column-1\">Type<\/td><td class=\"column-2\"><p style=\"text-align: center;\">\u00e0 piston<\/p><\/td><td class=\"column-3\"><p style=\"text-align: center;\">\u00e0 piston<\/p><\/td>\n<\/tr>\n<tr class=\"row-9\">\n\t<td class=\"column-1\">Pression maximum<\/td><td class=\"column-2\"><p style=\"text-align: center;\">15 bars<\/p><\/td><td class=\"column-3\"><p style=\"text-align: center;\">25 bars<\/p><\/td>\n<\/tr>\n<tr class=\"row-10\">\n\t<td class=\"column-1\">D\u00e9bit maximum<\/td><td class=\"column-2\"><p style=\"text-align: center;\">5,2 l\/mn<\/p><\/td><td class=\"column-3\"><p style=\"text-align: center;\">7,1 l\/mn<\/p><\/td>\n<\/tr>\n<tr class=\"row-11\">\n\t<td class=\"column-1\">Contenance du r\u00e9servoir<\/td><td class=\"column-2\"><p style=\"text-align: center;\">25 litres<\/p><\/td><td class=\"column-3\"><p style=\"text-align: center;\">25 litres<\/p><\/td>\n<\/tr>\n<tr class=\"row-12\">\n\t<td class=\"column-1\">Poids \u00e0 vide<\/td><td class=\"column-2\"><p style=\"text-align: center;\">9,2 kg<\/p><\/td><td class=\"column-3\"><p style=\"text-align: center;\">9,4 kg<\/p><\/td>\n<\/tr>\n<tr class=\"row-13\">\n\t<td class=\"column-1\">Niveau sonore LWA*<\/td><td class=\"column-2\"><p style=\"text-align: center;\">101 dB(A)<\/p><\/td><td class=\"column-3\"><p style=\"text-align: center;\">104 dB(A)<\/p><\/td>\n<\/tr>\n<\/tbody>\n<\/table>\n<!-- #tablepress-7 from cache -->\n<p>* selon norme 2000\/14\/EC<\/p>\n","protected":false},"excerpt":{"rendered":"<p>Recommand\u00e9s pour le traitement des arbres fruitiers, massifs, potagers, cultures, l&rsquo;entretien du jardin et de la maison (toits, terrasses, &#8230;). Double buse \u00e0 turbulence pour un d\u00e9bit maximum de 7,1 l\/mn. R\u00e9glage de la pression par molette crant\u00e9e, 4 niveau de pression programm\u00e9s. Ch\u00e2ssis en composite l\u00e9ger, r\u00e9sistant, anticorrosion. Micromoteur\u2026<\/p>\n<p> <a class=\"continue-reading-link\" href=\"https:\/\/www.sarlbml.fr\/sarlbml\/catalogue\/catalogue-honda\/pulverisateur-4-temps\/\"><span>Lire la suite<\/span><i class=\"crycon-right-dir\"><\/i><\/a> <\/p>\n","protected":false},"author":1,"featured_media":0,"parent":526,"menu_order":9,"comment_status":"closed","ping_status":"open","template":"","meta":{"footnotes":""},"class_list":["post-309","page","type-page","status-publish","hentry"],"_links":{"self":[{"href":"https:\/\/www.sarlbml.fr\/sarlbml\/wp-json\/wp\/v2\/pages\/309","targetHints":{"allow":["GET"]}}],"collection":[{"href":"https:\/\/www.sarlbml.fr\/sarlbml\/wp-json\/wp\/v2\/pages"}],"about":[{"href":"https:\/\/www.sarlbml.fr\/sarlbml\/wp-json\/wp\/v2\/types\/page"}],"author":[{"embeddable":true,"href":"https:\/\/www.sarlbml.fr\/sarlbml\/wp-json\/wp\/v2\/users\/1"}],"replies":[{"embeddable":true,"href":"https:\/\/www.sarlbml.fr\/sarlbml\/wp-json\/wp\/v2\/comments?post=309"}],"version-history":[{"count":6,"href":"https:\/\/www.sarlbml.fr\/sarlbml\/wp-json\/wp\/v2\/pages\/309\/revisions"}],"predecessor-version":[{"id":1647,"href":"https:\/\/www.sarlbml.fr\/sarlbml\/wp-json\/wp\/v2\/pages\/309\/revisions\/1647"}],"up":[{"embeddable":true,"href":"https:\/\/www.sarlbml.fr\/sarlbml\/wp-json\/wp\/v2\/pages\/526"}],"wp:attachment":[{"href":"https:\/\/www.sarlbml.fr\/sarlbml\/wp-json\/wp\/v2\/media?parent=309"}],"curies":[{"name":"wp","href":"https:\/\/api.w.org\/{rel}","templated":true}]}}