{"id":301,"date":"2015-05-27T11:16:02","date_gmt":"2015-05-27T10:16:02","guid":{"rendered":"http:\/\/sarlbmlfzd.cluster011.ovh.net\/sarlbml\/?page_id=301"},"modified":"2019-02-12T18:11:58","modified_gmt":"2019-02-12T17:11:58","slug":"pompes-a-eaux-honda","status":"publish","type":"page","link":"https:\/\/www.sarlbml.fr\/sarlbml\/catalogue\/catalogue-honda\/pompes-a-eaux-honda\/","title":{"rendered":"Pompes \u00e0 eaux Honda"},"content":{"rendered":"<p><a href=\"https:\/\/www.sarlbml.fr\/sarlbml\/catalogue\/catalogue-honda\/pompes-a-eaux-honda\/pompes-a-eau-claire\/\"><img loading=\"lazy\" decoding=\"async\" class=\"alignleft wp-image-306\" src=\"https:\/\/www.sarlbml.fr\/sarlbml\/wp-content\/uploads\/2015\/05\/wx15.jpg\" alt=\"wx15\" width=\"150\" height=\"165\" srcset=\"https:\/\/www.sarlbml.fr\/sarlbml\/wp-content\/uploads\/2015\/05\/wx15.jpg 367w, https:\/\/www.sarlbml.fr\/sarlbml\/wp-content\/uploads\/2015\/05\/wx15-273x300.jpg 273w, https:\/\/www.sarlbml.fr\/sarlbml\/wp-content\/uploads\/2015\/05\/wx15-136x150.jpg 136w\" sizes=\"auto, (max-width: 150px) 100vw, 150px\" \/><\/a><a href=\"https:\/\/www.sarlbml.fr\/sarlbml\/catalogue\/catalogue-honda\/pompes-a-eaux-honda\/pompes-a-eau-claire\/\">Eaux claires :<\/a><\/p>\n<p>Pompes \u00e0 eaux compactes<br \/>\nL\u00e9g\u00e8re, facile \u00e0 transporter<br \/>\nAuto-amor\u00e7ante<br \/>\njusqu&rsquo;\u00e0&nbsp;500 l\/mn<\/p>\n<hr>\n<p><a href=\"https:\/\/www.sarlbml.fr\/sarlbml\/catalogue\/catalogue-honda\/pompes-a-eaux-honda\/pompes-a-eau-chargee\/\"><img loading=\"lazy\" decoding=\"async\" class=\"alignleft wp-image-305\" src=\"https:\/\/www.sarlbml.fr\/sarlbml\/wp-content\/uploads\/2015\/05\/wt30x1.jpg\" alt=\"wt30x\" width=\"150\" height=\"136\" srcset=\"https:\/\/www.sarlbml.fr\/sarlbml\/wp-content\/uploads\/2015\/05\/wt30x1.jpg 349w, https:\/\/www.sarlbml.fr\/sarlbml\/wp-content\/uploads\/2015\/05\/wt30x1-300x272.jpg 300w, https:\/\/www.sarlbml.fr\/sarlbml\/wp-content\/uploads\/2015\/05\/wt30x1-165x150.jpg 165w, https:\/\/www.sarlbml.fr\/sarlbml\/wp-content\/uploads\/2015\/05\/wt30x1-150x136.jpg 150w\" sizes=\"auto, (max-width: 150px) 100vw, 150px\" \/><\/a><a href=\"https:\/\/www.sarlbml.fr\/sarlbml\/catalogue\/catalogue-honda\/pompes-a-eaux-honda\/pompes-a-eau-chargee\/\">Eaux charg\u00e9es :<\/a><\/p>\n<p>Granulom\u00e8trie jusqu&rsquo;\u00e0 31 mm<br \/>\nNettoyage facile, sans outils<br \/>\nAuto-amor\u00e7ante<br \/>\njusqu&rsquo;\u00e0 1640 l\/mn<\/p>\n<hr>\n<p><a href=\"https:\/\/www.sarlbml.fr\/sarlbml\/catalogue\/catalogue-honda\/pompes-a-eaux-honda\/pompes-produits-chimiques\/\"><img loading=\"lazy\" decoding=\"async\" class=\"alignleft wp-image-304\" src=\"https:\/\/www.sarlbml.fr\/sarlbml\/wp-content\/uploads\/2015\/05\/wmp20x.jpg\" alt=\"wmp20x\" width=\"150\" height=\"129\" srcset=\"https:\/\/www.sarlbml.fr\/sarlbml\/wp-content\/uploads\/2015\/05\/wmp20x.jpg 254w, https:\/\/www.sarlbml.fr\/sarlbml\/wp-content\/uploads\/2015\/05\/wmp20x-174x150.jpg 174w, https:\/\/www.sarlbml.fr\/sarlbml\/wp-content\/uploads\/2015\/05\/wmp20x-150x129.jpg 150w\" sizes=\"auto, (max-width: 150px) 100vw, 150px\" \/><\/a><a href=\"https:\/\/www.sarlbml.fr\/sarlbml\/catalogue\/catalogue-honda\/pompes-a-eaux-honda\/pompes-produits-chimiques\/\">Produits chimiques :<\/a><\/p>\n<p>Pompe tous usages<br \/>\nAuto-amor\u00e7ante<br \/>\njusqu&rsquo;\u00e0 833 l\/mn<\/p>\n","protected":false},"excerpt":{"rendered":"<p>Eaux claires : Pompes \u00e0 eaux compactes L\u00e9g\u00e8re, facile \u00e0 transporter Auto-amor\u00e7ante jusqu&rsquo;\u00e0&nbsp;500 l\/mn Eaux charg\u00e9es : Granulom\u00e8trie jusqu&rsquo;\u00e0 31 mm Nettoyage facile, sans outils Auto-amor\u00e7ante jusqu&rsquo;\u00e0 1640 l\/mn Produits chimiques : Pompe tous usages Auto-amor\u00e7ante jusqu&rsquo;\u00e0 833 l\/mn<\/p>\n<p> <a class=\"continue-reading-link\" href=\"https:\/\/www.sarlbml.fr\/sarlbml\/catalogue\/catalogue-honda\/pompes-a-eaux-honda\/\"><span>Lire la suite<\/span><i class=\"crycon-right-dir\"><\/i><\/a> <\/p>\n","protected":false},"author":1,"featured_media":0,"parent":526,"menu_order":8,"comment_status":"closed","ping_status":"open","template":"","meta":{"footnotes":""},"class_list":["post-301","page","type-page","status-publish","hentry"],"_links":{"self":[{"href":"https:\/\/www.sarlbml.fr\/sarlbml\/wp-json\/wp\/v2\/pages\/301","targetHints":{"allow":["GET"]}}],"collection":[{"href":"https:\/\/www.sarlbml.fr\/sarlbml\/wp-json\/wp\/v2\/pages"}],"about":[{"href":"https:\/\/www.sarlbml.fr\/sarlbml\/wp-json\/wp\/v2\/types\/page"}],"author":[{"embeddable":true,"href":"https:\/\/www.sarlbml.fr\/sarlbml\/wp-json\/wp\/v2\/users\/1"}],"replies":[{"embeddable":true,"href":"https:\/\/www.sarlbml.fr\/sarlbml\/wp-json\/wp\/v2\/comments?post=301"}],"version-history":[{"count":5,"href":"https:\/\/www.sarlbml.fr\/sarlbml\/wp-json\/wp\/v2\/pages\/301\/revisions"}],"predecessor-version":[{"id":1648,"href":"https:\/\/www.sarlbml.fr\/sarlbml\/wp-json\/wp\/v2\/pages\/301\/revisions\/1648"}],"up":[{"embeddable":true,"href":"https:\/\/www.sarlbml.fr\/sarlbml\/wp-json\/wp\/v2\/pages\/526"}],"wp:attachment":[{"href":"https:\/\/www.sarlbml.fr\/sarlbml\/wp-json\/wp\/v2\/media?parent=301"}],"curies":[{"name":"wp","href":"https:\/\/api.w.org\/{rel}","templated":true}]}}