{"id":292,"date":"2015-05-27T11:10:35","date_gmt":"2015-05-27T10:10:35","guid":{"rendered":"http:\/\/sarlbmlfzd.cluster011.ovh.net\/sarlbml\/?page_id=292"},"modified":"2019-02-12T18:14:31","modified_gmt":"2019-02-12T17:14:31","slug":"groupes-electrogenes","status":"publish","type":"page","link":"https:\/\/www.sarlbml.fr\/sarlbml\/catalogue\/catalogue-honda\/groupes-electrogenes\/","title":{"rendered":"Groupes \u00e9lectrog\u00e8nes"},"content":{"rendered":"<p><a href=\"https:\/\/www.sarlbml.fr\/sarlbml\/catalogue\/catalogue-honda\/groupes-electrogenes\/groupes-portables\/\"><img loading=\"lazy\" decoding=\"async\" class=\"alignleft wp-image-971 size-thumbnail\" src=\"https:\/\/www.sarlbml.fr\/sarlbml\/wp-content\/uploads\/2015\/05\/eu10i-150x150.png\" alt=\"eu10i\" width=\"150\" height=\"150\" srcset=\"https:\/\/www.sarlbml.fr\/sarlbml\/wp-content\/uploads\/2015\/05\/eu10i-150x150.png 150w, https:\/\/www.sarlbml.fr\/sarlbml\/wp-content\/uploads\/2015\/05\/eu10i-100x100.png 100w, https:\/\/www.sarlbml.fr\/sarlbml\/wp-content\/uploads\/2015\/05\/eu10i.png 200w\" sizes=\"auto, (max-width: 150px) 100vw, 150px\" \/><\/a><a href=\"https:\/\/www.sarlbml.fr\/sarlbml\/catalogue\/catalogue-honda\/groupes-electrogenes\/groupes-portables\/\">Les insonoris\u00e9s portables :<\/a><\/p>\n<p>De&nbsp;1000 \u00e0 3000 W<br \/>\nAutonomie de 2 \u00e0 10 heures<\/p>\n<p>&nbsp;<\/p>\n<hr>\n<p><a href=\"https:\/\/www.sarlbml.fr\/sarlbml\/catalogue\/catalogue-honda\/groupes-electrogenes\/groupes-chantiers\/\"><img loading=\"lazy\" decoding=\"async\" class=\"alignleft wp-image-980 size-thumbnail\" src=\"https:\/\/www.sarlbml.fr\/sarlbml\/wp-content\/uploads\/2015\/05\/ec3600-150x150.png\" alt=\"ec3600\" width=\"150\" height=\"150\" srcset=\"https:\/\/www.sarlbml.fr\/sarlbml\/wp-content\/uploads\/2015\/05\/ec3600-150x150.png 150w, https:\/\/www.sarlbml.fr\/sarlbml\/wp-content\/uploads\/2015\/05\/ec3600-100x100.png 100w, https:\/\/www.sarlbml.fr\/sarlbml\/wp-content\/uploads\/2015\/05\/ec3600.png 200w\" sizes=\"auto, (max-width: 150px) 100vw, 150px\" \/><\/a><a href=\"https:\/\/www.sarlbml.fr\/sarlbml\/catalogue\/catalogue-honda\/groupes-electrogenes\/groupes-chantiers\/\">Les groupes de chantier :<\/a><\/p>\n<p>De 2000 \u00e0&nbsp;7000 W<br \/>\nAutonomie&nbsp;jusqu&rsquo;\u00e0 9 heures<\/p>\n<hr>\n<p><a href=\"https:\/\/www.sarlbml.fr\/sarlbml\/catalogue\/catalogue-honda\/groupes-electrogenes\/groupes-high-tech\/\"><img loading=\"lazy\" decoding=\"async\" class=\"alignleft wp-image-987 size-full\" src=\"https:\/\/www.sarlbml.fr\/sarlbml\/wp-content\/uploads\/2015\/05\/eu70is.png\" alt=\"eu70is\" width=\"150\" height=\"150\" srcset=\"https:\/\/www.sarlbml.fr\/sarlbml\/wp-content\/uploads\/2015\/05\/eu70is.png 150w, https:\/\/www.sarlbml.fr\/sarlbml\/wp-content\/uploads\/2015\/05\/eu70is-100x100.png 100w\" sizes=\"auto, (max-width: 150px) 100vw, 150px\" \/><\/a><a href=\"https:\/\/www.sarlbml.fr\/sarlbml\/catalogue\/catalogue-honda\/groupes-electrogenes\/groupes-high-tech\/\">Les groupes High-tech :<\/a><\/p>\n<p>De&nbsp;3000 \u00e0&nbsp;7000 W<br \/>\nAutonomie jusqu&rsquo;\u00e0 8&nbsp;heures<\/p>\n<hr>\n<p><a href=\"https:\/\/www.sarlbml.fr\/sarlbml\/catalogue\/catalogue-honda\/groupes-electrogenes\/groupes-high-tech-endurants\/\">Les groupes high-tech endurants :<\/a><a href=\"https:\/\/www.sarlbml.fr\/sarlbml\/catalogue\/catalogue-honda\/groupes-electrogenes\/groupes-high-tech-endurants\/\"><img loading=\"lazy\" decoding=\"async\" class=\"alignleft wp-image-993 size-full\" src=\"https:\/\/www.sarlbml.fr\/sarlbml\/wp-content\/uploads\/2015\/05\/eg5500cl.png\" alt=\"eg5500cl\" width=\"150\" height=\"150\" srcset=\"https:\/\/www.sarlbml.fr\/sarlbml\/wp-content\/uploads\/2015\/05\/eg5500cl.png 150w, https:\/\/www.sarlbml.fr\/sarlbml\/wp-content\/uploads\/2015\/05\/eg5500cl-100x100.png 100w\" sizes=\"auto, (max-width: 150px) 100vw, 150px\" \/><\/a><\/p>\n<p>De 3600 \u00e0 5500 W<br \/>\nAutonomie jusqu&rsquo;\u00e0 12 heures<\/p>\n<p>&nbsp;<\/p>\n<hr>\n<p><a href=\"https:\/\/www.sarlbml.fr\/sarlbml\/catalogue\/catalogue-honda\/groupes-electrogenes\/groupes-endurants\/\"><img loading=\"lazy\" decoding=\"async\" class=\"alignleft wp-image-999 size-full\" src=\"https:\/\/www.sarlbml.fr\/sarlbml\/wp-content\/uploads\/2015\/05\/em5500cxs.png\" alt=\"em5500cxs\" width=\"150\" height=\"150\" srcset=\"https:\/\/www.sarlbml.fr\/sarlbml\/wp-content\/uploads\/2015\/05\/em5500cxs.png 150w, https:\/\/www.sarlbml.fr\/sarlbml\/wp-content\/uploads\/2015\/05\/em5500cxs-100x100.png 100w\" sizes=\"auto, (max-width: 150px) 100vw, 150px\" \/><\/a><a href=\"https:\/\/www.sarlbml.fr\/sarlbml\/catalogue\/catalogue-honda\/groupes-electrogenes\/groupes-endurants\/\">Les groupes endurants :<\/a><\/p>\n<p>De&nbsp;3000 \u00e0&nbsp;5500 W<br \/>\nAutonomie jusqu&rsquo;\u00e0 9h15<\/p>\n","protected":false},"excerpt":{"rendered":"<p>Les insonoris\u00e9s portables : De&nbsp;1000 \u00e0 3000 W Autonomie de 2 \u00e0 10 heures &nbsp; Les groupes de chantier : De 2000 \u00e0&nbsp;7000 W Autonomie&nbsp;jusqu&rsquo;\u00e0 9 heures Les groupes High-tech : De&nbsp;3000 \u00e0&nbsp;7000 W Autonomie jusqu&rsquo;\u00e0 8&nbsp;heures Les groupes high-tech endurants : De 3600 \u00e0 5500 W Autonomie jusqu&rsquo;\u00e0 12\u2026<\/p>\n<p> <a class=\"continue-reading-link\" href=\"https:\/\/www.sarlbml.fr\/sarlbml\/catalogue\/catalogue-honda\/groupes-electrogenes\/\"><span>Lire la suite<\/span><i class=\"crycon-right-dir\"><\/i><\/a> <\/p>\n","protected":false},"author":1,"featured_media":0,"parent":526,"menu_order":7,"comment_status":"closed","ping_status":"open","template":"","meta":{"footnotes":""},"class_list":["post-292","page","type-page","status-publish","hentry"],"_links":{"self":[{"href":"https:\/\/www.sarlbml.fr\/sarlbml\/wp-json\/wp\/v2\/pages\/292","targetHints":{"allow":["GET"]}}],"collection":[{"href":"https:\/\/www.sarlbml.fr\/sarlbml\/wp-json\/wp\/v2\/pages"}],"about":[{"href":"https:\/\/www.sarlbml.fr\/sarlbml\/wp-json\/wp\/v2\/types\/page"}],"author":[{"embeddable":true,"href":"https:\/\/www.sarlbml.fr\/sarlbml\/wp-json\/wp\/v2\/users\/1"}],"replies":[{"embeddable":true,"href":"https:\/\/www.sarlbml.fr\/sarlbml\/wp-json\/wp\/v2\/comments?post=292"}],"version-history":[{"count":7,"href":"https:\/\/www.sarlbml.fr\/sarlbml\/wp-json\/wp\/v2\/pages\/292\/revisions"}],"predecessor-version":[{"id":1652,"href":"https:\/\/www.sarlbml.fr\/sarlbml\/wp-json\/wp\/v2\/pages\/292\/revisions\/1652"}],"up":[{"embeddable":true,"href":"https:\/\/www.sarlbml.fr\/sarlbml\/wp-json\/wp\/v2\/pages\/526"}],"wp:attachment":[{"href":"https:\/\/www.sarlbml.fr\/sarlbml\/wp-json\/wp\/v2\/media?parent=292"}],"curies":[{"name":"wp","href":"https:\/\/api.w.org\/{rel}","templated":true}]}}