{"id":29,"date":"2015-05-26T16:15:11","date_gmt":"2015-05-26T15:15:11","guid":{"rendered":"http:\/\/sarlbmlfzd.cluster011.ovh.net\/sarlbml\/?page_id=29"},"modified":"2019-02-12T16:05:35","modified_gmt":"2019-02-12T15:05:35","slug":"guides","status":"publish","type":"page","link":"https:\/\/www.sarlbml.fr\/sarlbml\/guides\/","title":{"rendered":"Guides"},"content":{"rendered":"<p>Ce guide permet de vous aider \u00e0 choisir l&rsquo;appareil de motoculture qui correspond le mieux \u00e0 ce que vous recherchez.<\/p>\n<p><a href=\"https:\/\/www.sarlbml.fr\/sarlbml\/guides\/comment-choisir-votre-tondeuse-a-gazon-honda\/\"><img loading=\"lazy\" decoding=\"async\" class=\"  alignleft wp-image-35\" src=\"https:\/\/www.sarlbml.fr\/sarlbml\/wp-content\/uploads\/2015\/05\/image_tondeuse.jpg\" alt=\"image_tondeuse\" width=\"220\" height=\"154\" srcset=\"https:\/\/www.sarlbml.fr\/sarlbml\/wp-content\/uploads\/2015\/05\/image_tondeuse.jpg 400w, https:\/\/www.sarlbml.fr\/sarlbml\/wp-content\/uploads\/2015\/05\/image_tondeuse-300x209.jpg 300w, https:\/\/www.sarlbml.fr\/sarlbml\/wp-content\/uploads\/2015\/05\/image_tondeuse-215x150.jpg 215w, https:\/\/www.sarlbml.fr\/sarlbml\/wp-content\/uploads\/2015\/05\/image_tondeuse-150x105.jpg 150w\" sizes=\"auto, (max-width: 220px) 100vw, 220px\" \/><\/a><strong>&#8211; Comment choisir votre tondeuse \u00e0 gazon Honda<\/strong><\/p>\n<p><a href=\"https:\/\/www.sarlbml.fr\/sarlbml\/guides\/comment-choisir-votre-tondeuse-a-gazon-honda\/le-plaisir-de-tondre\/\">&gt;&gt;&gt; Le plaisir de tondre<\/a><br \/>\n<a href=\"https:\/\/www.sarlbml.fr\/sarlbml\/guides\/comment-choisir-votre-tondeuse-a-gazon-honda\/a-chaque-jardin-sa-juste-technique\/\">&gt;&gt;&gt; A chaque jardin, sa juste technique<\/a><br \/>\n<a href=\"https:\/\/www.sarlbml.fr\/sarlbml\/guides\/comment-choisir-votre-tondeuse-a-gazon-honda\/la-tonte-mulching\/\">&gt;&gt;&gt; La tonte mulching<\/a><br \/>\n<a href=\"https:\/\/www.sarlbml.fr\/sarlbml\/guides\/comment-choisir-votre-tondeuse-a-gazon-honda\/le-saviez-vous\/\">&gt;&gt;&gt; Le saviez-vous ?<\/a><\/p>\n<hr>\n<p><a href=\"https:\/\/www.sarlbml.fr\/sarlbml\/guides\/choisir-une-autoportee-honda\/\"><img loading=\"lazy\" decoding=\"async\" class=\"  wp-image-30 alignleft\" src=\"https:\/\/www.sarlbml.fr\/sarlbml\/wp-content\/uploads\/2015\/05\/image_autoportee.jpg\" alt=\"image_autoportee\" width=\"220\" height=\"153\" srcset=\"https:\/\/www.sarlbml.fr\/sarlbml\/wp-content\/uploads\/2015\/05\/image_autoportee.jpg 400w, https:\/\/www.sarlbml.fr\/sarlbml\/wp-content\/uploads\/2015\/05\/image_autoportee-300x209.jpg 300w, https:\/\/www.sarlbml.fr\/sarlbml\/wp-content\/uploads\/2015\/05\/image_autoportee-216x150.jpg 216w, https:\/\/www.sarlbml.fr\/sarlbml\/wp-content\/uploads\/2015\/05\/image_autoportee-150x104.jpg 150w\" sizes=\"auto, (max-width: 220px) 100vw, 220px\" \/><\/a><strong>&#8211; Choisir une autoport\u00e9e Honda<\/strong><\/p>\n<p><a href=\"https:\/\/www.sarlbml.fr\/sarlbml\/guides\/choisir-une-autoportee-honda\/le-moteur-honda-bicylindre\/\">&gt;&gt;&gt; Le moteur Honda bicylindre<\/a><br \/>\n<a href=\"https:\/\/www.sarlbml.fr\/sarlbml\/guides\/choisir-une-autoportee-honda\/le-traitement-anticorrosion-du-carter-de-coupe\/\">&gt;&gt;&gt; Le traitement anticorrosion du carter de coupe<\/a><br \/>\n<a href=\"https:\/\/www.sarlbml.fr\/sarlbml\/guides\/choisir-une-autoportee-honda\/la-transmission-hydrostatique\/\">&gt;&gt;&gt; La transmission hydrostatique<\/a><br \/>\n<a href=\"https:\/\/www.sarlbml.fr\/sarlbml\/guides\/choisir-une-autoportee-honda\/3-types-dembrayage-de-lames\/\">&gt;&gt;&gt; 3 types d&#8217;embrayage de lames<\/a><br \/>\n<a href=\"https:\/\/www.sarlbml.fr\/sarlbml\/guides\/choisir-une-autoportee-honda\/la-securite-interactive-en-7-points\/\">&gt;&gt;&gt; La s\u00e9curit\u00e9 interactive en 7 points<\/a><br \/>\n<a href=\"https:\/\/www.sarlbml.fr\/sarlbml\/guides\/choisir-une-autoportee-honda\/le-carter-multifonctions-3-en-1\/\">&gt;&gt;&gt; Le carter multifonctions 3 en 1<\/a><\/p>\n<hr>\n<p><a href=\"https:\/\/www.sarlbml.fr\/sarlbml\/guides\/le-savoir-faire-stihl\/\"><img loading=\"lazy\" decoding=\"async\" class=\" wp-image-36 alignleft\" src=\"https:\/\/www.sarlbml.fr\/sarlbml\/wp-content\/uploads\/2015\/05\/image_tronconneuse.jpg\" alt=\"image_tronconneuse\" width=\"220\" height=\"154\" srcset=\"https:\/\/www.sarlbml.fr\/sarlbml\/wp-content\/uploads\/2015\/05\/image_tronconneuse.jpg 400w, https:\/\/www.sarlbml.fr\/sarlbml\/wp-content\/uploads\/2015\/05\/image_tronconneuse-300x210.jpg 300w, https:\/\/www.sarlbml.fr\/sarlbml\/wp-content\/uploads\/2015\/05\/image_tronconneuse-214x150.jpg 214w, https:\/\/www.sarlbml.fr\/sarlbml\/wp-content\/uploads\/2015\/05\/image_tronconneuse-150x105.jpg 150w\" sizes=\"auto, (max-width: 220px) 100vw, 220px\" \/><\/a><\/p>\n<p><strong>&#8211; Le savoir faire STIHL<\/strong><\/p>\n<p><a href=\"https:\/\/www.sarlbml.fr\/sarlbml\/guides\/le-savoir-faire-stihl\/idees-astucieuses-et-innovations-marquantes\/\">&gt;&gt;&gt; Id\u00e9es astucieuses et innovations marquantes<\/a><br \/>\n<a href=\"https:\/\/www.sarlbml.fr\/sarlbml\/guides\/le-savoir-faire-stihl\/stihl-motomix-150\/\">&gt;&gt;&gt; Stihl MotoMix<\/a><\/p>\n<p>&nbsp;<\/p>\n<hr>\n<p><a href=\"https:\/\/www.sarlbml.fr\/sarlbml\/guides\/les-accessoires-pour-motoculteurs-honda\/\"><img loading=\"lazy\" decoding=\"async\" class=\"alignleft wp-image-33\" src=\"https:\/\/www.sarlbml.fr\/sarlbml\/wp-content\/uploads\/2015\/05\/image_motoculteur.jpg\" alt=\"image_motoculteur\" width=\"220\" height=\"152\" srcset=\"https:\/\/www.sarlbml.fr\/sarlbml\/wp-content\/uploads\/2015\/05\/image_motoculteur.jpg 400w, https:\/\/www.sarlbml.fr\/sarlbml\/wp-content\/uploads\/2015\/05\/image_motoculteur-300x208.jpg 300w, https:\/\/www.sarlbml.fr\/sarlbml\/wp-content\/uploads\/2015\/05\/image_motoculteur-217x150.jpg 217w, https:\/\/www.sarlbml.fr\/sarlbml\/wp-content\/uploads\/2015\/05\/image_motoculteur-150x104.jpg 150w\" sizes=\"auto, (max-width: 220px) 100vw, 220px\" \/><\/a><\/p>\n<p><strong>&#8211; Les accessoires pour les motoculteurs Honda<\/strong><\/p>\n<p><a href=\"https:\/\/www.sarlbml.fr\/sarlbml\/guides\/les-accessoires-pour-motoculteurs-honda\/a-chaque-travail-son-outil\/\">&gt;&gt;&gt; A chaque travail son outil<\/a><br \/>\n<a href=\"https:\/\/www.sarlbml.fr\/sarlbml\/guides\/les-accessoires-pour-motoculteurs-honda\/polyvalence\/\">&gt;&gt;&gt; Polyvalence<\/a><\/p>\n<hr>\n<p><a href=\"https:\/\/www.sarlbml.fr\/sarlbml\/guides\/pourquoi-choisir-les-debroussailleuses-portees-honda\/\"><img loading=\"lazy\" decoding=\"async\" class=\"alignleft wp-image-31\" src=\"https:\/\/www.sarlbml.fr\/sarlbml\/wp-content\/uploads\/2015\/05\/image_debroussailleuse.jpg\" alt=\"image_debroussailleuse\" width=\"220\" height=\"153\" srcset=\"https:\/\/www.sarlbml.fr\/sarlbml\/wp-content\/uploads\/2015\/05\/image_debroussailleuse.jpg 400w, https:\/\/www.sarlbml.fr\/sarlbml\/wp-content\/uploads\/2015\/05\/image_debroussailleuse-300x209.jpg 300w, https:\/\/www.sarlbml.fr\/sarlbml\/wp-content\/uploads\/2015\/05\/image_debroussailleuse-216x150.jpg 216w, https:\/\/www.sarlbml.fr\/sarlbml\/wp-content\/uploads\/2015\/05\/image_debroussailleuse-150x104.jpg 150w\" sizes=\"auto, (max-width: 220px) 100vw, 220px\" \/><\/a>&nbsp;<strong>&#8211; Pourquoi choisir les d\u00e9broussailleuses port\u00e9es Honda ?<\/strong><\/p>\n<p><a href=\"https:\/\/www.sarlbml.fr\/sarlbml\/guides\/pourquoi-choisir-les-debroussailleuses-portees-honda\/les-debroussailleuses-portees-4-temps\/\">&gt;&gt;&gt; Les d\u00e9roussailleuses port\u00e9es 4-temps<\/a><br \/>\n<a href=\"https:\/\/www.sarlbml.fr\/sarlbml\/guides\/pourquoi-choisir-les-debroussailleuses-portees-honda\/la-technologie-4-temps-honda\/\">&gt;&gt;&gt; Technologie 4-temps Honda<\/a><br \/>\n<a href=\"https:\/\/www.sarlbml.fr\/sarlbml\/guides\/pourquoi-choisir-les-debroussailleuses-portees-honda\/des-accessoires-pour-toutes-les-utilisations\/\">&gt;&gt;&gt; Des accessoires pour toutes les utilisations<\/a><\/p>\n<hr>\n<p><a href=\"https:\/\/www.sarlbml.fr\/sarlbml\/guides\/ce-quil-faut-savoir-sur-les-groupes-electrogenes\/\"><img loading=\"lazy\" decoding=\"async\" class=\"alignleft wp-image-32\" src=\"https:\/\/www.sarlbml.fr\/sarlbml\/wp-content\/uploads\/2015\/05\/image_electro.jpg\" alt=\"image_electro\" width=\"220\" height=\"145\" srcset=\"https:\/\/www.sarlbml.fr\/sarlbml\/wp-content\/uploads\/2015\/05\/image_electro.jpg 400w, https:\/\/www.sarlbml.fr\/sarlbml\/wp-content\/uploads\/2015\/05\/image_electro-300x197.jpg 300w, https:\/\/www.sarlbml.fr\/sarlbml\/wp-content\/uploads\/2015\/05\/image_electro-228x150.jpg 228w, https:\/\/www.sarlbml.fr\/sarlbml\/wp-content\/uploads\/2015\/05\/image_electro-150x99.jpg 150w\" sizes=\"auto, (max-width: 220px) 100vw, 220px\" \/><\/a><strong>&#8211; Ce qu&rsquo;il faut savoir sur les groupes \u00e9lectrog\u00e8nes<\/strong><\/p>\n<p><a href=\"https:\/\/www.sarlbml.fr\/sarlbml\/guides\/ce-quil-faut-savoir-sur-les-groupes-electrogenes\/comment-bien-choisir-son-groupe\/\">&gt;&gt;&gt; Comment bien choisir son groupe ?<\/a><br \/>\n<a href=\"https:\/\/www.sarlbml.fr\/sarlbml\/guides\/ce-quil-faut-savoir-sur-les-groupes-electrogenes\/la-technologie-cycloconverter-et-inverter\/\">&gt;&gt;&gt; La technologie Cycloconverter et Inverter<\/a><br \/>\n<a href=\"https:\/\/www.sarlbml.fr\/sarlbml\/guides\/ce-quil-faut-savoir-sur-les-groupes-electrogenes\/comment-mesurer-le-bruit-produit-par-un-groupe\/\">&gt;&gt;&gt; Comment mesurer le bruit produit par un groupe ?<\/a><\/p>\n<hr>\n<p><a href=\"https:\/\/www.sarlbml.fr\/sarlbml\/guides\/ce-quil-faut-savoir-des-pompes-a-eaux\/\"><img loading=\"lazy\" decoding=\"async\" class=\"alignleft wp-image-34\" src=\"https:\/\/www.sarlbml.fr\/sarlbml\/wp-content\/uploads\/2015\/05\/image_pompe.jpg\" alt=\"image_pompe\" width=\"220\" height=\"148\" srcset=\"https:\/\/www.sarlbml.fr\/sarlbml\/wp-content\/uploads\/2015\/05\/image_pompe.jpg 460w, https:\/\/www.sarlbml.fr\/sarlbml\/wp-content\/uploads\/2015\/05\/image_pompe-300x202.jpg 300w, https:\/\/www.sarlbml.fr\/sarlbml\/wp-content\/uploads\/2015\/05\/image_pompe-223x150.jpg 223w, https:\/\/www.sarlbml.fr\/sarlbml\/wp-content\/uploads\/2015\/05\/image_pompe-150x101.jpg 150w\" sizes=\"auto, (max-width: 220px) 100vw, 220px\" \/><\/a><strong>&#8211; Ce qu&rsquo;il faut savoir des pompes \u00e0 eaux<\/strong><\/p>\n<p><a href=\"https:\/\/www.sarlbml.fr\/sarlbml\/guides\/ce-quil-faut-savoir-des-pompes-a-eaux\/la-hauteur-de-refoulement\/\">&gt;&gt;&gt; La hauteur de refoulement<\/a><br \/>\n<a href=\"https:\/\/www.sarlbml.fr\/sarlbml\/guides\/ce-quil-faut-savoir-des-pompes-a-eaux\/les-differents-types-de-liquides-a-pomper\/\">&gt;&gt;&gt; Les diff\u00e9rents types de liquides \u00e0 pomper<\/a><br \/>\n<a href=\"https:\/\/www.sarlbml.fr\/sarlbml\/guides\/ce-quil-faut-savoir-des-pompes-a-eaux\/equipement-de-serie\/\">&gt;&gt;&gt; Equipements de s\u00e9rie<\/a><\/p>\n","protected":false},"excerpt":{"rendered":"<p>Ce guide permet de vous aider \u00e0 choisir l&rsquo;appareil de motoculture qui correspond le mieux \u00e0 ce que vous recherchez. &#8211; Comment choisir votre tondeuse \u00e0 gazon Honda &gt;&gt;&gt; Le plaisir de tondre &gt;&gt;&gt; A chaque jardin, sa juste technique &gt;&gt;&gt; La tonte mulching &gt;&gt;&gt; Le saviez-vous ? &#8211; Choisir\u2026<\/p>\n<p> <a class=\"continue-reading-link\" href=\"https:\/\/www.sarlbml.fr\/sarlbml\/guides\/\"><span>Lire la suite<\/span><i class=\"crycon-right-dir\"><\/i><\/a> <\/p>\n","protected":false},"author":1,"featured_media":0,"parent":0,"menu_order":3,"comment_status":"closed","ping_status":"open","template":"","meta":{"footnotes":""},"class_list":["post-29","page","type-page","status-publish","hentry"],"_links":{"self":[{"href":"https:\/\/www.sarlbml.fr\/sarlbml\/wp-json\/wp\/v2\/pages\/29","targetHints":{"allow":["GET"]}}],"collection":[{"href":"https:\/\/www.sarlbml.fr\/sarlbml\/wp-json\/wp\/v2\/pages"}],"about":[{"href":"https:\/\/www.sarlbml.fr\/sarlbml\/wp-json\/wp\/v2\/types\/page"}],"author":[{"embeddable":true,"href":"https:\/\/www.sarlbml.fr\/sarlbml\/wp-json\/wp\/v2\/users\/1"}],"replies":[{"embeddable":true,"href":"https:\/\/www.sarlbml.fr\/sarlbml\/wp-json\/wp\/v2\/comments?post=29"}],"version-history":[{"count":20,"href":"https:\/\/www.sarlbml.fr\/sarlbml\/wp-json\/wp\/v2\/pages\/29\/revisions"}],"predecessor-version":[{"id":1563,"href":"https:\/\/www.sarlbml.fr\/sarlbml\/wp-json\/wp\/v2\/pages\/29\/revisions\/1563"}],"wp:attachment":[{"href":"https:\/\/www.sarlbml.fr\/sarlbml\/wp-json\/wp\/v2\/media?parent=29"}],"curies":[{"name":"wp","href":"https:\/\/api.w.org\/{rel}","templated":true}]}}