{"id":279,"date":"2015-05-27T10:55:18","date_gmt":"2015-05-27T09:55:18","guid":{"rendered":"http:\/\/sarlbmlfzd.cluster011.ovh.net\/sarlbml\/?page_id=279"},"modified":"2019-02-12T18:23:43","modified_gmt":"2019-02-12T17:23:43","slug":"taille-haies-4-temps","status":"publish","type":"page","link":"https:\/\/www.sarlbml.fr\/sarlbml\/catalogue\/catalogue-honda\/taille-haies-4-temps\/","title":{"rendered":"Taille-haies 4 temps"},"content":{"rendered":"<p><img loading=\"lazy\" decoding=\"async\" class=\"alignleft wp-image-172\" src=\"https:\/\/www.sarlbml.fr\/sarlbml\/wp-content\/uploads\/2015\/05\/hhh25d60.jpg\" alt=\"hhh25d60\" width=\"200\" height=\"231\" srcset=\"https:\/\/www.sarlbml.fr\/sarlbml\/wp-content\/uploads\/2015\/05\/hhh25d60.jpg 531w, https:\/\/www.sarlbml.fr\/sarlbml\/wp-content\/uploads\/2015\/05\/hhh25d60-260x300.jpg 260w, https:\/\/www.sarlbml.fr\/sarlbml\/wp-content\/uploads\/2015\/05\/hhh25d60-130x150.jpg 130w\" sizes=\"auto, (max-width: 200px) 100vw, 200px\" \/><strong>L&rsquo;arriv\u00e9e du nouveau moteur Honda 4-temps GX25 de 25 cc sur ce type d&rsquo;appareils instaure de nouveaux standards. Ergonomie, silence, r\u00e9duction des vibrations, facilit\u00e9 d&rsquo;utilisation, design, tout dans cet appareil \u00e0 \u00e9t\u00e9 pens\u00e9 pour l&rsquo;essentiel : vous !<\/strong><\/p>\n<p>Le moteur est car\u00e9n\u00e9 et donc prot\u00e9g\u00e9 de la poussi\u00e8re et des d\u00e9bris de taille par un carter robuste.<\/p>\n<p>Le lamier extra-rigide d&rsquo;une \u00e9paisseur de lame de 2,2 mm, un guide lame renforc\u00e9 d&rsquo;une \u00e9paisseur de 7 mm et un double boulonnage des lames, assurent une excellente r\u00e9sistance \u00e0 la flexion.<\/p>\n<p>Le micromoteur Honda 4 temps est puissant, silencieux et propre. La m\u00eame acc\u00e9l\u00e9ration qu&rsquo;un moteur 2 temps.<\/p>\n<p>Centre de gravit\u00e9 d\u00e9port\u00e9 pour un excellent \u00e9quilibre au travail.<\/p>\n<p>R\u00e9servoir de grande capacit\u00e9 pour une autonomie importante.<\/p>\n<p>Ch\u00e2ssis anti-vibrations : 100% des points de contact entre le bloc moteur et les poign\u00e9es sont des ressorts. Tr\u00e8s peu de vibrations pour un travail plus confortable.<\/p>\n<p>La poign\u00e9e tournante \u00e0 180\u00b0 ergonomique permet de tailler aussi bien les c\u00f4t\u00e9s que les dessus de haies. Agr\u00e9able \u00e0 tenir et facile \u00e0 tourner. L&rsquo;inclinaison de la poign\u00e9e est \u00e9tudi\u00e9e pour \u00e9viter de se blesser la main en taillant les haies \u00e9pineuses.<\/p>\n<hr>\n\n<table id=\"tablepress-48\" class=\"tablepress tablepress-id-48 tablepress-responsive tbody-has-connected-cells\">\n<tbody class=\"row-striping\">\n<tr class=\"row-1\">\n\t<td class=\"column-1\"><\/td><td class=\"column-2\"><div class=\"wp-block-image\"><figure class=\"aligncenter\"><img loading=\"lazy\" decoding=\"async\" src=\"https:\/\/www.sarlbml.fr\/sarlbml\/wp-content\/uploads\/2015\/05\/hhh25d60.jpg\" alt=\"\" width=\"45\" height=\"50\" class=\"aligncenter size-full wp-image-852\" \/><\/figure><\/div><\/td><td class=\"column-3\"><div class=\"wp-block-image\"><figure class=\"aligncenter\"><img loading=\"lazy\" decoding=\"async\" src=\"https:\/\/www.sarlbml.fr\/sarlbml\/wp-content\/uploads\/2015\/05\/hhh25d60.jpg\" alt=\"\" width=\"45\" height=\"50\" class=\"aligncenter size-full wp-image-852\" \/><\/figure><\/div><\/td><td class=\"column-4\"><div class=\"wp-block-image\"><figure class=\"aligncenter\"><img loading=\"lazy\" decoding=\"async\" src=\"https:\/\/www.sarlbml.fr\/sarlbml\/wp-content\/uploads\/2015\/05\/hhh25s75.jpg\" alt=\"\" width=\"50\" height=\"40\" class=\"aligncenter size-full wp-image-852\" \/><\/figure><\/div><\/td>\n<\/tr>\n<tr class=\"row-2\">\n\t<td class=\"column-1\"><strong>Mod\u00e8le<\/strong><\/td><td class=\"column-2\"><p style=\"text-align: center;\"><strong>HHH 25 D 60<\/strong><\/p><\/td><td class=\"column-3\"><p style=\"text-align: center;\"><strong>HHH 25 D 75<\/strong><\/p><\/td><td class=\"column-4\"><p style=\"text-align: center;\"><strong>HHH 25 S 75<\/strong><\/p><\/td>\n<\/tr>\n<tr class=\"row-3\">\n\t<td class=\"column-1\">Moteur<\/td><td colspan=\"3\" class=\"column-2\"><p style=\"text-align: center;\">GX 25<\/p><\/td>\n<\/tr>\n<tr class=\"row-4\">\n\t<td class=\"column-1\">Type<\/td><td colspan=\"3\" class=\"column-2\"><p style=\"text-align: center;\">4 temps, OHC<\/p><\/td>\n<\/tr>\n<tr class=\"row-5\">\n\t<td class=\"column-1\">Cylindr\u00e9e<\/td><td colspan=\"3\" class=\"column-2\"><p style=\"text-align: center;\">25 cc<\/p><\/td>\n<\/tr>\n<tr class=\"row-6\">\n\t<td class=\"column-1\">Puissance<\/td><td colspan=\"3\" class=\"column-2\"><p style=\"text-align: center;\">0,81 kw \u00e0 7000 tr\/mn<\/p><\/td>\n<\/tr>\n<tr class=\"row-7\">\n\t<td class=\"column-1\">Contenance du r\u00e9servoir<\/td><td colspan=\"3\" class=\"column-2\"><p style=\"text-align: center;\">0,4 litre<\/p><\/td>\n<\/tr>\n<tr class=\"row-8\">\n\t<td class=\"column-1\">Embrayage<\/td><td colspan=\"3\" class=\"column-2\"><p style=\"text-align: center;\">Centrifuge<\/p><\/td>\n<\/tr>\n<tr class=\"row-9\">\n\t<td class=\"column-1\">Longueur de lames<\/td><td class=\"column-2\"><p style=\"text-align: center;\">580 mm<\/p><\/td><td class=\"column-3\"><p style=\"text-align: center;\">720 mm<\/p><\/td><td class=\"column-4\"><p style=\"text-align: center;\">720 mm<\/p><\/td>\n<\/tr>\n<tr class=\"row-10\">\n\t<td class=\"column-1\">Ecartement des dents<\/td><td colspan=\"3\" class=\"column-2\"><p style=\"text-align: center;\">36 mm<\/p><\/td>\n<\/tr>\n<tr class=\"row-11\">\n\t<td class=\"column-1\">L\u00e2mes auto-affutantes<\/td><td colspan=\"3\" class=\"column-2\"><p style=\"text-align: center;\">Oui<\/p><\/td>\n<\/tr>\n<tr class=\"row-12\">\n\t<td class=\"column-1\">Poids \u00e0 vide<\/td><td class=\"column-2\"><p style=\"text-align: center;\">6,3 kg<\/p><\/td><td class=\"column-3\"><p style=\"text-align: center;\">6,5 kg<\/p><\/td><td class=\"column-4\"><p style=\"text-align: center;\">5,8 kg<\/p><\/td>\n<\/tr>\n<tr class=\"row-13\">\n\t<td class=\"column-1\">Niveau sonore LWA*<\/td><td colspan=\"3\" class=\"column-2\"><p style=\"text-align: center;\">104 dB(A)<\/p><\/td>\n<\/tr>\n<tr class=\"row-14\">\n\t<td class=\"column-1\">Niveau sonore LPA**<\/td><td colspan=\"3\" class=\"column-2\"><p style=\"text-align: center;\">92 dB(A)<\/p><\/td>\n<\/tr>\n<\/tbody>\n<\/table>\n<!-- #tablepress-48 from cache -->\n<hr>\n<p>Les avantages en r\u00e9sum\u00e9 :<\/p>\n<p>&#8211; D\u00e9marrage facile : d\u00e9compresseur automatique<br \/>\n&#8211; Acc\u00e9l\u00e9ration franche et nerveuse<br \/>\n&#8211; Essence sans plomb 95 au lieu d&rsquo;un m\u00e9lange Huile + Essence<br \/>\n&#8211; Moteur Honda 4-temps<br \/>\n&#8211; Niveau sonore agr\u00e9able gr\u00e2ce \u00e0 la technologie 4-temps<br \/>\n&#8211; Faible consommation d&rsquo;essence et d&rsquo;huile<br \/>\n&#8211; R\u00e9pond d\u00e8s \u00e0 pr\u00e9sent aux normes d&rsquo;\u00e9missions de gaz tr\u00e8s strictes de demain<br \/>\n&#8211; Produit peu de vibrations<br \/>\n&#8211; D\u00e9marre et tourne dans n&rsquo;importe quelle position<br \/>\n&#8211; Entretien facile et simplifi\u00e9 : utilisation du m\u00eame carburant que votre tondeuse<\/p>\n<p><span style=\"font-size: xx-small;\">* selon norme 2000\/14\/EC ** selon norme EEC\/81\/1051<\/span><\/p>\n","protected":false},"excerpt":{"rendered":"<p>L&rsquo;arriv\u00e9e du nouveau moteur Honda 4-temps GX25 de 25 cc sur ce type d&rsquo;appareils instaure de nouveaux standards. Ergonomie, silence, r\u00e9duction des vibrations, facilit\u00e9 d&rsquo;utilisation, design, tout dans cet appareil \u00e0 \u00e9t\u00e9 pens\u00e9 pour l&rsquo;essentiel : vous ! Le moteur est car\u00e9n\u00e9 et donc prot\u00e9g\u00e9 de la poussi\u00e8re et des\u2026<\/p>\n<p> <a class=\"continue-reading-link\" href=\"https:\/\/www.sarlbml.fr\/sarlbml\/catalogue\/catalogue-honda\/taille-haies-4-temps\/\"><span>Lire la suite<\/span><i class=\"crycon-right-dir\"><\/i><\/a> <\/p>\n","protected":false},"author":1,"featured_media":0,"parent":526,"menu_order":5,"comment_status":"closed","ping_status":"open","template":"","meta":{"footnotes":""},"class_list":["post-279","page","type-page","status-publish","hentry"],"_links":{"self":[{"href":"https:\/\/www.sarlbml.fr\/sarlbml\/wp-json\/wp\/v2\/pages\/279","targetHints":{"allow":["GET"]}}],"collection":[{"href":"https:\/\/www.sarlbml.fr\/sarlbml\/wp-json\/wp\/v2\/pages"}],"about":[{"href":"https:\/\/www.sarlbml.fr\/sarlbml\/wp-json\/wp\/v2\/types\/page"}],"author":[{"embeddable":true,"href":"https:\/\/www.sarlbml.fr\/sarlbml\/wp-json\/wp\/v2\/users\/1"}],"replies":[{"embeddable":true,"href":"https:\/\/www.sarlbml.fr\/sarlbml\/wp-json\/wp\/v2\/comments?post=279"}],"version-history":[{"count":4,"href":"https:\/\/www.sarlbml.fr\/sarlbml\/wp-json\/wp\/v2\/pages\/279\/revisions"}],"predecessor-version":[{"id":1663,"href":"https:\/\/www.sarlbml.fr\/sarlbml\/wp-json\/wp\/v2\/pages\/279\/revisions\/1663"}],"up":[{"embeddable":true,"href":"https:\/\/www.sarlbml.fr\/sarlbml\/wp-json\/wp\/v2\/pages\/526"}],"wp:attachment":[{"href":"https:\/\/www.sarlbml.fr\/sarlbml\/wp-json\/wp\/v2\/media?parent=279"}],"curies":[{"name":"wp","href":"https:\/\/api.w.org\/{rel}","templated":true}]}}