{"id":27,"date":"2015-05-26T16:04:32","date_gmt":"2015-05-26T15:04:32","guid":{"rendered":"http:\/\/sarlbmlfzd.cluster011.ovh.net\/sarlbml\/?page_id=27"},"modified":"2019-02-12T15:40:45","modified_gmt":"2019-02-12T14:40:45","slug":"contact","status":"publish","type":"page","link":"https:\/\/www.sarlbml.fr\/sarlbml\/contact\/","title":{"rendered":"Contact"},"content":{"rendered":"<p><img loading=\"lazy\" decoding=\"async\" class=\" size-full wp-image-21 aligncenter\" src=\"https:\/\/www.sarlbml.fr\/sarlbml\/wp-content\/uploads\/2015\/05\/pano_magasin.jpg\" alt=\"pano_magasin\" width=\"600\" height=\"156\" srcset=\"https:\/\/www.sarlbml.fr\/sarlbml\/wp-content\/uploads\/2015\/05\/pano_magasin.jpg 600w, https:\/\/www.sarlbml.fr\/sarlbml\/wp-content\/uploads\/2015\/05\/pano_magasin-300x78.jpg 300w, https:\/\/www.sarlbml.fr\/sarlbml\/wp-content\/uploads\/2015\/05\/pano_magasin-250x65.jpg 250w, https:\/\/www.sarlbml.fr\/sarlbml\/wp-content\/uploads\/2015\/05\/pano_magasin-150x39.jpg 150w\" sizes=\"auto, (max-width: 600px) 100vw, 600px\" \/><\/p>\n<p style=\"text-align: center;\">SARL Bouchaud Motoculture Loisirs<\/p>\n<p style=\"text-align: center;\">82, rue de la Pierre-Anne<br \/>\n44340 Bouguenais<\/p>\n<p style=\"text-align: center;\">&#8211; T\u00e9l\u00e9phone : 02 40 31 21 45<br \/>\n&#8211; T\u00e9l\u00e9copie : 02 40 31 29 49<br \/>\n<a href=\"mailto:magasinbml@orange.fr\"> magasinbml@orange.fr<\/a><\/p>\n<p style=\"text-align: center;\">Voici le plan d&rsquo;acc\u00e8s aux locaux de SARL BML, cliquez sur la carte pour agrandir :<\/p>\n<p style=\"text-align: center;\"><iframe loading=\"lazy\" style=\"border: 0px currentColor;\" src=\"https:\/\/www.google.com\/maps\/embed?pb=!1m18!1m12!1m3!1d1356.3144776754268!2d-1.5662220000000017!3d47.16512100000001!2m3!1f0!2f0!3f0!3m2!1i1024!2i768!4f13.1!3m3!1m2!1s0x0000000000000000%3A0x45047f47e94dc208!2sBouchaud+Motoculture+Loisir!5e0!3m2!1sfr!2sfr!4v1433684867893\" width=\"600\" height=\"450\" frameborder=\"0\"><\/iframe><\/p>\n<p>&nbsp;<\/p>\n","protected":false},"excerpt":{"rendered":"<p>SARL Bouchaud Motoculture Loisirs 82, rue de la Pierre-Anne 44340 Bouguenais &#8211; T\u00e9l\u00e9phone : 02 40 31 21 45 &#8211; T\u00e9l\u00e9copie : 02 40 31 29 49 magasinbml@orange.fr Voici le plan d&rsquo;acc\u00e8s aux locaux de SARL BML, cliquez sur la carte pour agrandir : &nbsp;<\/p>\n<p> <a class=\"continue-reading-link\" href=\"https:\/\/www.sarlbml.fr\/sarlbml\/contact\/\"><span>Lire la suite<\/span><i class=\"crycon-right-dir\"><\/i><\/a> <\/p>\n","protected":false},"author":1,"featured_media":0,"parent":0,"menu_order":8,"comment_status":"closed","ping_status":"open","template":"","meta":{"footnotes":""},"class_list":["post-27","page","type-page","status-publish","hentry"],"_links":{"self":[{"href":"https:\/\/www.sarlbml.fr\/sarlbml\/wp-json\/wp\/v2\/pages\/27","targetHints":{"allow":["GET"]}}],"collection":[{"href":"https:\/\/www.sarlbml.fr\/sarlbml\/wp-json\/wp\/v2\/pages"}],"about":[{"href":"https:\/\/www.sarlbml.fr\/sarlbml\/wp-json\/wp\/v2\/types\/page"}],"author":[{"embeddable":true,"href":"https:\/\/www.sarlbml.fr\/sarlbml\/wp-json\/wp\/v2\/users\/1"}],"replies":[{"embeddable":true,"href":"https:\/\/www.sarlbml.fr\/sarlbml\/wp-json\/wp\/v2\/comments?post=27"}],"version-history":[{"count":12,"href":"https:\/\/www.sarlbml.fr\/sarlbml\/wp-json\/wp\/v2\/pages\/27\/revisions"}],"predecessor-version":[{"id":1550,"href":"https:\/\/www.sarlbml.fr\/sarlbml\/wp-json\/wp\/v2\/pages\/27\/revisions\/1550"}],"wp:attachment":[{"href":"https:\/\/www.sarlbml.fr\/sarlbml\/wp-json\/wp\/v2\/media?parent=27"}],"curies":[{"name":"wp","href":"https:\/\/api.w.org\/{rel}","templated":true}]}}