{"id":253,"date":"2015-05-26T21:21:23","date_gmt":"2015-05-26T20:21:23","guid":{"rendered":"http:\/\/sarlbmlfzd.cluster011.ovh.net\/sarlbml\/?page_id=253"},"modified":"2019-02-12T18:32:29","modified_gmt":"2019-02-12T17:32:29","slug":"hf-1211","status":"publish","type":"page","link":"https:\/\/www.sarlbml.fr\/sarlbml\/catalogue\/catalogue-honda\/tondeuses-autoportees-honda\/hf-1211\/","title":{"rendered":"HF 1211"},"content":{"rendered":"<p><img loading=\"lazy\" decoding=\"async\" class=\"alignleft wp-image-240\" src=\"https:\/\/www.sarlbml.fr\/sarlbml\/wp-content\/uploads\/2015\/05\/hf1211.jpg\" alt=\"hf1211\" width=\"250\" height=\"225\" srcset=\"https:\/\/www.sarlbml.fr\/sarlbml\/wp-content\/uploads\/2015\/05\/hf1211.jpg 409w, https:\/\/www.sarlbml.fr\/sarlbml\/wp-content\/uploads\/2015\/05\/hf1211-300x270.jpg 300w, https:\/\/www.sarlbml.fr\/sarlbml\/wp-content\/uploads\/2015\/05\/hf1211-167x150.jpg 167w, https:\/\/www.sarlbml.fr\/sarlbml\/wp-content\/uploads\/2015\/05\/hf1211-150x135.jpg 150w\" sizes=\"auto, (max-width: 250px) 100vw, 250px\" \/><strong>Tondre avec ce mod\u00e8le est d&rsquo;une incroyable facilit\u00e9. Il suffit de s&rsquo;asseoir confortablement et de circuler librement sur la pelouse. La lame se commande depuis le si\u00e8ge, tout comme le bac de remplissage. La transmission hydrostatique permet d&rsquo;adapter son rythme aux conditions de tonte. Quant au moteur, il garantit d&rsquo;excellentes performances dans la dur\u00e9e tout en se montrant sobre et silencieux. Surface pr\u00e9conis\u00e9e : jusqu&rsquo;\u00e0 3000 m\u00b2.<\/strong><\/p>\n<p>Les si\u00e8ges Honda offrent un soutien lat\u00e9ral et par cons\u00e9quent un confort optimal. S\u00e9curit\u00e9 renforc\u00e9e, d\u00e8s que l&rsquo;utilisateur se l\u00e8ve du si\u00e8ge, le moteur et la lame s&rsquo;arr\u00eatent imm\u00e9diatement.<\/p>\n<p>Le poste de pilotage ergonomique offre une vue tr\u00e8s d\u00e9gag\u00e9e qui facilite la pr\u00e9cision des man\u0153uvres.<\/p>\n<p><img loading=\"lazy\" decoding=\"async\" class=\"alignright wp-image-84 size-thumbnail\" src=\"https:\/\/www.sarlbml.fr\/sarlbml\/wp-content\/uploads\/2015\/05\/demohp28_1-150x150.jpg\" alt=\"demohp28_1\" width=\"150\" height=\"150\" srcset=\"https:\/\/www.sarlbml.fr\/sarlbml\/wp-content\/uploads\/2015\/05\/demohp28_1-150x150.jpg 150w, https:\/\/www.sarlbml.fr\/sarlbml\/wp-content\/uploads\/2015\/05\/demohp28_1-100x100.jpg 100w, https:\/\/www.sarlbml.fr\/sarlbml\/wp-content\/uploads\/2015\/05\/demohp28_1.jpg 200w\" sizes=\"auto, (max-width: 150px) 100vw, 150px\" \/>La transmission hydrostatique permet de r\u00e9gler avec pr\u00e9cision et de fa\u00e7on continu la vitesse d&rsquo;avancement, sans la moindre secousse et cela m\u00eame pendant le fonctionnement.<\/p>\n<p>Le bac de ramassage est d&rsquo;une grande capacit\u00e9 : 170 L.<\/p>\n<p>Le rayon de braquage est optimal pour une plus grande maniabilit\u00e9.<\/p>\n<p>Le r\u00e9glage de la hauteur de coupe se fait \u00e0 partir d&rsquo;un dispositif central se commandant depuis le si\u00e8ge et offrant 7 positions.<\/p>\n<p>Carter multi-fonctions : RAMASSER \/ BROYER \/ EJECTER<br \/>\nDurant toute l&rsquo;ann\u00e9e, vous avez le choix de votre mode de tonte : ramassage, tonte mulching (obturateur en option), \u00e9jection (d\u00e9flecteur en option). Protection anti-corrosion du carter de coupe par une laque \u00e9poxy appliqu\u00e9e en bain par \u00e9lectrod\u00e9position.<br \/>\nNettoyage rapide et facile du carter de coupe gr\u00e2ce \u00e0 l&rsquo;orifice situ\u00e9 sur le carter qui permet de raccorder un tuyau d&rsquo;arrosage.<\/p>\n<hr>\n\n<table id=\"tablepress-69\" class=\"tablepress tablepress-id-69 tablepress-responsive\">\n<tbody class=\"row-striping\">\n<tr class=\"row-1\">\n\t<td class=\"column-1\"><\/td><td class=\"column-2\"><div class=\"wp-block-image\"><figure class=\"aligncenter\"><img loading=\"lazy\" decoding=\"async\" src=\"https:\/\/www.sarlbml.fr\/sarlbml\/wp-content\/uploads\/2015\/05\/hf1211.jpg\" alt=\"\" width=\"56\" height=\"50\" class=\"aligncenter size-full wp-image-240\" srcset=\"https:\/\/www.sarlbml.fr\/sarlbml\/wp-content\/uploads\/2015\/05\/hf1211.jpg 409w, https:\/\/www.sarlbml.fr\/sarlbml\/wp-content\/uploads\/2015\/05\/hf1211-300x270.jpg 300w, https:\/\/www.sarlbml.fr\/sarlbml\/wp-content\/uploads\/2015\/05\/hf1211-167x150.jpg 167w, https:\/\/www.sarlbml.fr\/sarlbml\/wp-content\/uploads\/2015\/05\/hf1211-150x135.jpg 150w\" sizes=\"auto, (max-width: 56px) 100vw, 56px\" \/><\/figure><\/div><\/td>\n<\/tr>\n<tr class=\"row-2\">\n\t<td class=\"column-1\"><strong>Mod\u00e8le<\/strong><\/td><td class=\"column-2\"><p style=\"text-align: center;\"><strong>HF 1211 HF<\/strong><\/p><\/td>\n<\/tr>\n<tr class=\"row-3\">\n\t<td class=\"column-1\">Largeur de coupe<\/td><td class=\"column-2\"><p style=\"text-align: center;\">71 cm<\/p><\/td>\n<\/tr>\n<tr class=\"row-4\">\n\t<td class=\"column-1\">Syst\u00e8me de coupe<\/td><td class=\"column-2\"><p style=\"text-align: center;\">1 lame\/\u00e9jection arri\u00e8re<\/p><\/td>\n<\/tr>\n<tr class=\"row-5\">\n\t<td class=\"column-1\">R\u00e9glage de coupe<\/td><td class=\"column-2\"><p style=\"text-align: center;\">7 positions de 30 \u00e0 80 mm<\/p><\/td>\n<\/tr>\n<tr class=\"row-6\">\n\t<td class=\"column-1\">Contenance du bac de ramassage<\/td><td class=\"column-2\"><p style=\"text-align: center;\">170 litres<\/p><\/td>\n<\/tr>\n<tr class=\"row-7\">\n\t<td class=\"column-1\">Vidage du bac de ramassage<\/td><td class=\"column-2\"><p style=\"text-align: center;\">Manuel<\/p><\/td>\n<\/tr>\n<tr class=\"row-8\">\n\t<td class=\"column-1\">Poids \u00e0 vide<\/td><td class=\"column-2\"><p style=\"text-align: center;\">177 kg<\/p><\/td>\n<\/tr>\n<tr class=\"row-9\">\n\t<td class=\"column-1\">Dimensions Longueur x Largeur x Hauteur<\/td><td class=\"column-2\"><p style=\"text-align: center;\">1863 x 760 x 1100 mm<\/p><\/td>\n<\/tr>\n<tr class=\"row-10\">\n\t<td class=\"column-1\"><span style=\"color: #0000ff;\">Transmission<\/span><\/td><td class=\"column-2\"><p style=\"text-align: center;\"><span style=\"color: #0000ff;\">Hydrostatique<\/span><\/p><\/td>\n<\/tr>\n<tr class=\"row-11\">\n\t<td class=\"column-1\">Vitesse AVANT<\/td><td class=\"column-2\"><p style=\"text-align: center;\">-<\/p><\/td>\n<\/tr>\n<tr class=\"row-12\">\n\t<td class=\"column-1\">Vitesse ARRIERE<\/td><td class=\"column-2\"><p style=\"text-align: center;\">-<\/p><\/td>\n<\/tr>\n<tr class=\"row-13\">\n\t<td class=\"column-1\">Pneus AVANT<\/td><td class=\"column-2\"><p style=\"text-align: center;\">11 x 4,00-4<\/p><\/td>\n<\/tr>\n<tr class=\"row-14\">\n\t<td class=\"column-1\">Pneus ARRIERE<\/td><td class=\"column-2\"><p style=\"text-align: center;\">15 x 6,00-6<\/p><\/td>\n<\/tr>\n<tr class=\"row-15\">\n\t<td class=\"column-1\">Carter<\/td><td class=\"column-2\"><p style=\"text-align: center;\">Acier - Traitement cataphor\u00e8se - Antirouille<\/p><\/td>\n<\/tr>\n<tr class=\"row-16\">\n\t<td class=\"column-1\">Carter de coupe multi-fonctions<\/td><td class=\"column-2\"><p style=\"text-align: center;\">Ramassage\/Mulching\/Ejection<\/p><\/td>\n<\/tr>\n<tr class=\"row-17\">\n\t<td class=\"column-1\">Embrayage de lames<\/td><td class=\"column-2\"><p style=\"text-align: center;\">M\u00e9canique<\/p><\/td>\n<\/tr>\n<tr class=\"row-18\">\n\t<td class=\"column-1\">Particularit\u00e9s<\/td><td class=\"column-2\"><p style=\"text-align: center;\">Syst\u00e8me de s\u00e9curit\u00e9 \u00e0 points interactifs, chargeur de batterie inclus<\/p><\/td>\n<\/tr>\n<tr class=\"row-19\">\n\t<td class=\"column-1\">Moteur Honda<\/td><td class=\"column-2\"><p style=\"text-align: center;\">Mono-cylindre GXV 340\/337 cm\u00b3<\/p><br \/>\n <\/td>\n<\/tr>\n<tr class=\"row-20\">\n\t<td class=\"column-1\">Puissance maximal<\/td><td class=\"column-2\"><p style=\"text-align: center;\">6,6 kW\/3600 tr\/mn<\/p><\/td>\n<\/tr>\n<tr class=\"row-21\">\n\t<td class=\"column-1\">Contenance du r\u00e9servoir<\/td><td class=\"column-2\"><p style=\"text-align: center;\">4 litres<\/p><\/td>\n<\/tr>\n<tr class=\"row-22\">\n\t<td class=\"column-1\">Pare-chocs<\/td><td class=\"column-2\"><p style=\"text-align: center;\">-<\/p><\/td>\n<\/tr>\n<tr class=\"row-23\">\n\t<td class=\"column-1\">Equipements<\/td><td class=\"column-2\"><p style=\"text-align: center;\">-<\/p><\/td>\n<\/tr>\n<\/tbody>\n<\/table>\n<!-- #tablepress-69 from cache -->\n<hr>\n<p><strong>Les avantages en r\u00e9sum\u00e9 :<\/strong><\/p>\n<p>&#8211; Moteur Honda<br \/>\n&#8211; Bo\u00eete de vitesse hydrostatique (HF 1211 HMF)<br \/>\n&#8211; Rayon de braquage<br \/>\n&#8211; Traitement anti-corrosion du carter de coupe<br \/>\n&#8211; Carter de coupe multi-fonctions<br \/>\n&#8211; R\u00e9sultat de travail parfait<\/p>\n","protected":false},"excerpt":{"rendered":"<p>Tondre avec ce mod\u00e8le est d&rsquo;une incroyable facilit\u00e9. Il suffit de s&rsquo;asseoir confortablement et de circuler librement sur la pelouse. La lame se commande depuis le si\u00e8ge, tout comme le bac de remplissage. La transmission hydrostatique permet d&rsquo;adapter son rythme aux conditions de tonte. Quant au moteur, il garantit d&rsquo;excellentes\u2026<\/p>\n<p> <a class=\"continue-reading-link\" href=\"https:\/\/www.sarlbml.fr\/sarlbml\/catalogue\/catalogue-honda\/tondeuses-autoportees-honda\/hf-1211\/\"><span>Lire la suite<\/span><i class=\"crycon-right-dir\"><\/i><\/a> <\/p>\n","protected":false},"author":1,"featured_media":0,"parent":239,"menu_order":1,"comment_status":"closed","ping_status":"open","template":"","meta":{"footnotes":""},"class_list":["post-253","page","type-page","status-publish","hentry"],"_links":{"self":[{"href":"https:\/\/www.sarlbml.fr\/sarlbml\/wp-json\/wp\/v2\/pages\/253","targetHints":{"allow":["GET"]}}],"collection":[{"href":"https:\/\/www.sarlbml.fr\/sarlbml\/wp-json\/wp\/v2\/pages"}],"about":[{"href":"https:\/\/www.sarlbml.fr\/sarlbml\/wp-json\/wp\/v2\/types\/page"}],"author":[{"embeddable":true,"href":"https:\/\/www.sarlbml.fr\/sarlbml\/wp-json\/wp\/v2\/users\/1"}],"replies":[{"embeddable":true,"href":"https:\/\/www.sarlbml.fr\/sarlbml\/wp-json\/wp\/v2\/comments?post=253"}],"version-history":[{"count":9,"href":"https:\/\/www.sarlbml.fr\/sarlbml\/wp-json\/wp\/v2\/pages\/253\/revisions"}],"predecessor-version":[{"id":1671,"href":"https:\/\/www.sarlbml.fr\/sarlbml\/wp-json\/wp\/v2\/pages\/253\/revisions\/1671"}],"up":[{"embeddable":true,"href":"https:\/\/www.sarlbml.fr\/sarlbml\/wp-json\/wp\/v2\/pages\/239"}],"wp:attachment":[{"href":"https:\/\/www.sarlbml.fr\/sarlbml\/wp-json\/wp\/v2\/media?parent=253"}],"curies":[{"name":"wp","href":"https:\/\/api.w.org\/{rel}","templated":true}]}}