{"id":246,"date":"2015-05-26T21:14:41","date_gmt":"2015-05-26T20:14:41","guid":{"rendered":"http:\/\/sarlbmlfzd.cluster011.ovh.net\/sarlbml\/?page_id=246"},"modified":"2019-02-12T18:30:23","modified_gmt":"2019-02-12T17:30:23","slug":"debroussailleuses-a-roues","status":"publish","type":"page","link":"https:\/\/www.sarlbml.fr\/sarlbml\/catalogue\/catalogue-honda\/debroussailleuses-a-roues\/","title":{"rendered":"D\u00e9broussailleuses \u00e0 roues"},"content":{"rendered":"<p><img loading=\"lazy\" decoding=\"async\" class=\"alignleft size-full wp-image-820\" src=\"https:\/\/www.sarlbml.fr\/sarlbml\/wp-content\/uploads\/2015\/05\/um536ebe.png\" alt=\"um536ebe\" width=\"200\" height=\"200\" srcset=\"https:\/\/www.sarlbml.fr\/sarlbml\/wp-content\/uploads\/2015\/05\/um536ebe.png 200w, https:\/\/www.sarlbml.fr\/sarlbml\/wp-content\/uploads\/2015\/05\/um536ebe-100x100.png 100w, https:\/\/www.sarlbml.fr\/sarlbml\/wp-content\/uploads\/2015\/05\/um536ebe-150x150.png 150w\" sizes=\"auto, (max-width: 200px) 100vw, 200px\" \/><strong>Fid\u00e8le \u00e0 sa vocation d&rsquo;apporter des solutions motoris\u00e9es pour faciliter le travail de tous, Honda a d\u00e9velopp\u00e9 une gamme de d\u00e9broussailleuses \u00e0 roues appr\u00e9ci\u00e9es des utilisateurs pour leur robustesse et reconnues pour leur innovation technique. Elles sont des partenaires fiables pour combattre les herbes folles du verger, le long des routes ou encore sur les terrains difficilement praticables. Maniables et par cons\u00e9quent faciles \u00e0 utiliser, gr\u00e2ce \u00e0 leur roue pivotante que vous pouvez bloquer si vous souhaitez aller tout droit. Ainsi vous pouvez tondre et d\u00e9broussailler sans effort, en toute s\u00e9curit\u00e9 aussi bien sur les pentes ardues que sur les talus.<\/strong><\/p>\n<p><img loading=\"lazy\" decoding=\"async\" class=\"alignright wp-image-817 size-thumbnail\" src=\"https:\/\/www.sarlbml.fr\/sarlbml\/wp-content\/uploads\/2015\/05\/demohp38_2-150x150.jpg\" alt=\"demohp38_2\" width=\"150\" height=\"150\" srcset=\"https:\/\/www.sarlbml.fr\/sarlbml\/wp-content\/uploads\/2015\/05\/demohp38_2-150x150.jpg 150w, https:\/\/www.sarlbml.fr\/sarlbml\/wp-content\/uploads\/2015\/05\/demohp38_2-100x100.jpg 100w, https:\/\/www.sarlbml.fr\/sarlbml\/wp-content\/uploads\/2015\/05\/demohp38_2.jpg 200w\" sizes=\"auto, (max-width: 150px) 100vw, 150px\" \/>D\u00e9marrage facile par simple traction sur le lanceur, le moteur d\u00e9marre facilement aussi bien \u00e0 chaud qu&rsquo;\u00e0 froid.<\/p>\n<p>Le syst\u00e8me de carter flottant d\u00e9velopp\u00e9 par Honda facilite le passage en herbes hautes, ce qui permet un meilleur travail de la lame de coupe.<\/p>\n<p><img loading=\"lazy\" decoding=\"async\" class=\"alignleft wp-image-818 size-thumbnail\" src=\"https:\/\/www.sarlbml.fr\/sarlbml\/wp-content\/uploads\/2015\/05\/demohp38_3-150x150.jpg\" alt=\"demohp38_3\" width=\"150\" height=\"150\" srcset=\"https:\/\/www.sarlbml.fr\/sarlbml\/wp-content\/uploads\/2015\/05\/demohp38_3-150x150.jpg 150w, https:\/\/www.sarlbml.fr\/sarlbml\/wp-content\/uploads\/2015\/05\/demohp38_3-100x100.jpg 100w, https:\/\/www.sarlbml.fr\/sarlbml\/wp-content\/uploads\/2015\/05\/demohp38_3.jpg 200w\" sizes=\"auto, (max-width: 150px) 100vw, 150px\" \/>S\u00e9curit\u00e9 frein de lame : d\u00e8s que vous rel\u00e2chez le levier de s\u00e9curit\u00e9, la lame s&rsquo;arr\u00eate instantan\u00e9ment.<\/p>\n<p><img loading=\"lazy\" decoding=\"async\" class=\"alignright wp-image-816 size-thumbnail\" src=\"https:\/\/www.sarlbml.fr\/sarlbml\/wp-content\/uploads\/2015\/05\/demohp38_1-150x150.jpg\" alt=\"demohp38_1\" width=\"150\" height=\"150\" srcset=\"https:\/\/www.sarlbml.fr\/sarlbml\/wp-content\/uploads\/2015\/05\/demohp38_1-150x150.jpg 150w, https:\/\/www.sarlbml.fr\/sarlbml\/wp-content\/uploads\/2015\/05\/demohp38_1-100x100.jpg 100w, https:\/\/www.sarlbml.fr\/sarlbml\/wp-content\/uploads\/2015\/05\/demohp38_1.jpg 200w\" sizes=\"auto, (max-width: 150px) 100vw, 150px\" \/>Le dispositif de hauteur de coupe \u00e0 4 positions se commande facilement et confortablement gr\u00e2ce \u00e0 sa p\u00e9dale.<\/p>\n<p>Les frein \u00e0 tambour garantissent une s\u00e9curit\u00e9 absolue en toutes circonstances.<\/p>\n<p><img loading=\"lazy\" decoding=\"async\" class=\"alignleft wp-image-819 size-thumbnail\" src=\"https:\/\/www.sarlbml.fr\/sarlbml\/wp-content\/uploads\/2015\/05\/demohp38_4-150x150.jpg\" alt=\"demohp38_4\" width=\"150\" height=\"150\" srcset=\"https:\/\/www.sarlbml.fr\/sarlbml\/wp-content\/uploads\/2015\/05\/demohp38_4-150x150.jpg 150w, https:\/\/www.sarlbml.fr\/sarlbml\/wp-content\/uploads\/2015\/05\/demohp38_4-100x100.jpg 100w, https:\/\/www.sarlbml.fr\/sarlbml\/wp-content\/uploads\/2015\/05\/demohp38_4.jpg 200w\" sizes=\"auto, (max-width: 150px) 100vw, 150px\" \/>La roue pivotante l&rsquo;avant permet un guidage stable et une maniabilit\u00e9 maximale. Toutefois, la roue peut aussi \u00eatre bloqu\u00e9e pour garantir une stabilit\u00e9 absolue m\u00eame su les pentes.<\/p>\n<hr>\n\n<table id=\"tablepress-39\" class=\"tablepress tablepress-id-39 tablepress-responsive tbody-has-connected-cells\">\n<tbody class=\"row-striping\">\n<tr class=\"row-1\">\n\t<td class=\"column-1\"><\/td><td class=\"column-2\"><div class=\"wp-block-image\"><figure class=\"aligncenter\"><img loading=\"lazy\" decoding=\"async\" src=\"https:\/\/www.sarlbml.fr\/sarlbml\/wp-content\/uploads\/2015\/05\/um536ee.png\" alt=\"\" width=\"50\" height=\"50\" class=\"aligncenter size-full wp-image-822\" srcset=\"https:\/\/www.sarlbml.fr\/sarlbml\/wp-content\/uploads\/2015\/05\/um536ee.png 200w, https:\/\/www.sarlbml.fr\/sarlbml\/wp-content\/uploads\/2015\/05\/um536ee-100x100.png 100w, https:\/\/www.sarlbml.fr\/sarlbml\/wp-content\/uploads\/2015\/05\/um536ee-150x150.png 150w\" sizes=\"auto, (max-width: 50px) 100vw, 50px\" \/><\/figure><\/div><\/td><td class=\"column-3\"><div class=\"wp-block-image\"><figure class=\"aligncenter\"><img loading=\"lazy\" decoding=\"async\" src=\"https:\/\/www.sarlbml.fr\/sarlbml\/wp-content\/uploads\/2015\/05\/um536ebe.png\" alt=\"\" width=\"50\" height=\"50\" class=\"aligncenter size-full wp-image-822\" \/><\/figure><\/div><\/td><td class=\"column-4\"><div class=\"wp-block-image\"><figure class=\"aligncenter\"><img loading=\"lazy\" decoding=\"async\" src=\"https:\/\/www.sarlbml.fr\/sarlbml\/wp-content\/uploads\/2015\/05\/um616ebe.png\" alt=\"\" width=\"50\" height=\"50\" class=\"aligncenter size-full wp-image-822\" \/><\/figure><\/div><\/td>\n<\/tr>\n<tr class=\"row-2\">\n\t<td class=\"column-1\"><strong>Mod\u00e8le<\/strong><\/td><td class=\"column-2\"><p style=\"text-align: center;\"><strong>UM 536 EE<\/strong><\/p><\/td><td class=\"column-3\"><p style=\"text-align: center;\"><strong>UM 536 EBE<\/strong><\/p><\/td><td class=\"column-4\"><p style=\"text-align: center;\"><strong>UM 616 EBE<\/strong><\/p><\/td>\n<\/tr>\n<tr class=\"row-3\">\n\t<td class=\"column-1\">Largeur de coupe<\/td><td colspan=\"2\" class=\"column-2\"><p style=\"text-align: center;\">53 cm<\/p><\/td><td class=\"column-4\"><p style=\"text-align: center;\">61 cm<\/p><\/td>\n<\/tr>\n<tr class=\"row-4\">\n\t<td class=\"column-1\">Carter<\/td><td colspan=\"3\" class=\"column-2\"><p style=\"text-align: center;\">Flottant<\/p><\/td>\n<\/tr>\n<tr class=\"row-5\">\n\t<td class=\"column-1\">Poids<\/td><td class=\"column-2\"><p style=\"text-align: center;\">62 kg<\/p><\/td><td class=\"column-3\"><p style=\"text-align: center;\">66 kg<\/p><\/td><td class=\"column-4\"><p style=\"text-align: center;\">76,2 kg<\/p><\/td>\n<\/tr>\n<tr class=\"row-6\">\n\t<td class=\"column-1\">S\u00e9curit\u00e9 de lame<\/td><td colspan=\"3\" class=\"column-2\"><p style=\"text-align: center;\">Embrayage de lame<\/p><\/td>\n<\/tr>\n<tr class=\"row-7\">\n\t<td class=\"column-1\">Frein de pente<\/td><td class=\"column-2\"><p style=\"text-align: center;\">-<\/p><\/td><td class=\"column-3\"><p style=\"text-align: center;\">Frein tambour<\/p><\/td><td class=\"column-4\"><p style=\"text-align: center;\">-<\/p><\/td>\n<\/tr>\n<tr class=\"row-8\">\n\t<td class=\"column-1\">R\u00e9glage hauteur de coupe<\/td><td colspan=\"3\" class=\"column-2\"><p style=\"text-align: center;\">4 positions de 15 \u00e0 75 mm<\/p><\/td>\n<\/tr>\n<tr class=\"row-9\">\n\t<td class=\"column-1\">Transmission<\/td><td colspan=\"2\" class=\"column-2\"><p style=\"text-align: center;\">M\u00e9canique 2 vitesses<\/p><\/td><td class=\"column-4\">Hydrostatique<\/p><\/td>\n<\/tr>\n<tr class=\"row-10\">\n\t<td class=\"column-1\">Moteur Honda<\/td><td colspan=\"3\" class=\"column-2\"><p style=\"text-align: center;\">GXV 160\/163 cm\u00b3<\/p><\/td>\n<\/tr>\n<tr class=\"row-11\">\n\t<td class=\"column-1\">Puissance maximale<\/td><td colspan=\"3\" class=\"column-2\"><p style=\"text-align: center;\">4,0 kW\/3600 tr\/mn<\/p><\/td>\n<\/tr>\n<tr class=\"row-12\">\n\t<td class=\"column-1\">Carter de coupe<\/td><td colspan=\"3\" class=\"column-2\"><p style=\"text-align: center;\">T\u00f4le d'acier<\/p><\/td>\n<\/tr>\n<tr class=\"row-13\">\n\t<td class=\"column-1\">Diam\u00e8tre des roues avant<\/td><td colspan=\"3\" class=\"column-2\"><p style=\"text-align: center;\">200 mm<\/p><\/td>\n<\/tr>\n<tr class=\"row-14\">\n\t<td class=\"column-1\">Diam\u00e8tre des roues arri\u00e8re<\/td><td colspan=\"3\" class=\"column-2\"><p style=\"text-align: center;\">330 mm<\/p><\/td>\n<\/tr>\n<\/tbody>\n<\/table>\n<!-- #tablepress-39 from cache -->\n<hr>\n<p>Les avantages en r\u00e9sum\u00e9 :<\/p>\n<p>&#8211; Moteur Honda puissant et fiable<br \/>\n&#8211; Machine polyvalente et tous terrains<br \/>\n&#8211; D\u00e9marrage facile<br \/>\n&#8211; Carter flottant<br \/>\n&#8211; R\u00e9sultat de travail parfait<\/p>\n","protected":false},"excerpt":{"rendered":"<p>Fid\u00e8le \u00e0 sa vocation d&rsquo;apporter des solutions motoris\u00e9es pour faciliter le travail de tous, Honda a d\u00e9velopp\u00e9 une gamme de d\u00e9broussailleuses \u00e0 roues appr\u00e9ci\u00e9es des utilisateurs pour leur robustesse et reconnues pour leur innovation technique. Elles sont des partenaires fiables pour combattre les herbes folles du verger, le long des\u2026<\/p>\n<p> <a class=\"continue-reading-link\" href=\"https:\/\/www.sarlbml.fr\/sarlbml\/catalogue\/catalogue-honda\/debroussailleuses-a-roues\/\"><span>Lire la suite<\/span><i class=\"crycon-right-dir\"><\/i><\/a> <\/p>\n","protected":false},"author":1,"featured_media":0,"parent":526,"menu_order":3,"comment_status":"closed","ping_status":"open","template":"","meta":{"footnotes":""},"class_list":["post-246","page","type-page","status-publish","hentry"],"_links":{"self":[{"href":"https:\/\/www.sarlbml.fr\/sarlbml\/wp-json\/wp\/v2\/pages\/246","targetHints":{"allow":["GET"]}}],"collection":[{"href":"https:\/\/www.sarlbml.fr\/sarlbml\/wp-json\/wp\/v2\/pages"}],"about":[{"href":"https:\/\/www.sarlbml.fr\/sarlbml\/wp-json\/wp\/v2\/types\/page"}],"author":[{"embeddable":true,"href":"https:\/\/www.sarlbml.fr\/sarlbml\/wp-json\/wp\/v2\/users\/1"}],"replies":[{"embeddable":true,"href":"https:\/\/www.sarlbml.fr\/sarlbml\/wp-json\/wp\/v2\/comments?post=246"}],"version-history":[{"count":4,"href":"https:\/\/www.sarlbml.fr\/sarlbml\/wp-json\/wp\/v2\/pages\/246\/revisions"}],"predecessor-version":[{"id":1669,"href":"https:\/\/www.sarlbml.fr\/sarlbml\/wp-json\/wp\/v2\/pages\/246\/revisions\/1669"}],"up":[{"embeddable":true,"href":"https:\/\/www.sarlbml.fr\/sarlbml\/wp-json\/wp\/v2\/pages\/526"}],"wp:attachment":[{"href":"https:\/\/www.sarlbml.fr\/sarlbml\/wp-json\/wp\/v2\/media?parent=246"}],"curies":[{"name":"wp","href":"https:\/\/api.w.org\/{rel}","templated":true}]}}