{"id":2244,"date":"2019-03-12T18:32:36","date_gmt":"2019-03-12T17:32:36","guid":{"rendered":"https:\/\/www.sarlbml.fr\/sarlbml\/?page_id=2244"},"modified":"2019-04-20T13:56:02","modified_gmt":"2019-04-20T12:56:02","slug":"catalogue-stiga","status":"publish","type":"page","link":"https:\/\/www.sarlbml.fr\/sarlbml\/catalogue\/catalogue-stiga\/","title":{"rendered":"Catalogue STIGA"},"content":{"rendered":"\n<figure class=\"wp-block-image is-resized\"><img loading=\"lazy\" decoding=\"async\" src=\"https:\/\/www.sarlbml.fr\/sarlbml\/wp-content\/uploads\/2019\/03\/logo_stiga_white-300x67.jpg\" alt=\"\" class=\"wp-image-2243\" width=\"150\" height=\"34\" srcset=\"https:\/\/www.sarlbml.fr\/sarlbml\/wp-content\/uploads\/2019\/03\/logo_stiga_white-300x67.jpg 300w, https:\/\/www.sarlbml.fr\/sarlbml\/wp-content\/uploads\/2019\/03\/logo_stiga_white-768x170.jpg 768w, https:\/\/www.sarlbml.fr\/sarlbml\/wp-content\/uploads\/2019\/03\/logo_stiga_white-1024x227.jpg 1024w, https:\/\/www.sarlbml.fr\/sarlbml\/wp-content\/uploads\/2019\/03\/logo_stiga_white-150x33.jpg 150w, https:\/\/www.sarlbml.fr\/sarlbml\/wp-content\/uploads\/2019\/03\/logo_stiga_white.jpg 1920w, https:\/\/www.sarlbml.fr\/sarlbml\/wp-content\/uploads\/2019\/03\/logo_stiga_white-600x133.jpg 600w\" sizes=\"auto, (max-width: 150px) 100vw, 150px\" \/><\/figure>\n\n\n\n<table class=\"wp-block-table\"><tbody><tr><td><div class=\"wp-block-image\"><figure class=\"aligncenter is-resized\"><a href=\"https:\/\/www.sarlbml.fr\/sarlbml\/categorie-produit\/thermiques_stiga\/\"><img loading=\"lazy\" decoding=\"async\" src=\"https:\/\/www.sarlbml.fr\/sarlbml\/wp-content\/uploads\/2019\/03\/stiga_twinclip_55svh_1.jpg\" alt=\"\" class=\"wp-image-2188\" width=\"215\" height=\"215\" srcset=\"https:\/\/www.sarlbml.fr\/sarlbml\/wp-content\/uploads\/2019\/03\/stiga_twinclip_55svh_1.jpg 860w, https:\/\/www.sarlbml.fr\/sarlbml\/wp-content\/uploads\/2019\/03\/stiga_twinclip_55svh_1-150x150.jpg 150w, https:\/\/www.sarlbml.fr\/sarlbml\/wp-content\/uploads\/2019\/03\/stiga_twinclip_55svh_1-300x300.jpg 300w, https:\/\/www.sarlbml.fr\/sarlbml\/wp-content\/uploads\/2019\/03\/stiga_twinclip_55svh_1-768x768.jpg 768w, https:\/\/www.sarlbml.fr\/sarlbml\/wp-content\/uploads\/2019\/03\/stiga_twinclip_55svh_1-400x400.jpg 400w, https:\/\/www.sarlbml.fr\/sarlbml\/wp-content\/uploads\/2019\/03\/stiga_twinclip_55svh_1-600x600.jpg 600w, https:\/\/www.sarlbml.fr\/sarlbml\/wp-content\/uploads\/2019\/03\/stiga_twinclip_55svh_1-100x100.jpg 100w\" sizes=\"auto, (max-width: 215px) 100vw, 215px\" \/><\/a><\/figure><\/div><p style=\"text-align:center\"><a href=\"https:\/\/www.sarlbml.fr\/sarlbml\/categorie-produit\/thermiques_stiga\/\">Tondeuses thermiques<\/a><\/p><\/td><td><div class=\"wp-block-image\"><figure class=\"aligncenter is-resized\"><a href=\"https:\/\/www.sarlbml.fr\/sarlbml\/categorie-produit\/autoportees_stiga\/\"><img loading=\"lazy\" decoding=\"async\" src=\"https:\/\/www.sarlbml.fr\/sarlbml\/wp-content\/uploads\/2019\/03\/stiga_3098h_1.jpg\" alt=\"\" class=\"wp-image-2023\" width=\"215\" height=\"215\" srcset=\"https:\/\/www.sarlbml.fr\/sarlbml\/wp-content\/uploads\/2019\/03\/stiga_3098h_1.jpg 860w, https:\/\/www.sarlbml.fr\/sarlbml\/wp-content\/uploads\/2019\/03\/stiga_3098h_1-150x150.jpg 150w, https:\/\/www.sarlbml.fr\/sarlbml\/wp-content\/uploads\/2019\/03\/stiga_3098h_1-300x300.jpg 300w, https:\/\/www.sarlbml.fr\/sarlbml\/wp-content\/uploads\/2019\/03\/stiga_3098h_1-768x768.jpg 768w, https:\/\/www.sarlbml.fr\/sarlbml\/wp-content\/uploads\/2019\/03\/stiga_3098h_1-400x400.jpg 400w, https:\/\/www.sarlbml.fr\/sarlbml\/wp-content\/uploads\/2019\/03\/stiga_3098h_1-600x600.jpg 600w, https:\/\/www.sarlbml.fr\/sarlbml\/wp-content\/uploads\/2019\/03\/stiga_3098h_1-100x100.jpg 100w\" sizes=\"auto, (max-width: 215px) 100vw, 215px\" \/><\/a><\/figure><\/div><p style=\"text-align:center\"><a href=\"https:\/\/www.sarlbml.fr\/sarlbml\/categorie-produit\/autoportees_stiga\/\">Tondeuses auto-port\u00e9es<\/a><\/p><\/td><td><div class=\"wp-block-image\"><figure class=\"aligncenter is-resized\"><a href=\"https:\/\/www.sarlbml.fr\/sarlbml\/categorie-produit\/tondeuses-robots-stiga\/\"><img loading=\"lazy\" decoding=\"async\" src=\"https:\/\/www.sarlbml.fr\/sarlbml\/wp-content\/uploads\/2019\/03\/stiga_autoclip_m3_1.jpg\" alt=\"\" class=\"wp-image-2226\" width=\"215\" height=\"215\" srcset=\"https:\/\/www.sarlbml.fr\/sarlbml\/wp-content\/uploads\/2019\/03\/stiga_autoclip_m3_1.jpg 860w, https:\/\/www.sarlbml.fr\/sarlbml\/wp-content\/uploads\/2019\/03\/stiga_autoclip_m3_1-150x150.jpg 150w, https:\/\/www.sarlbml.fr\/sarlbml\/wp-content\/uploads\/2019\/03\/stiga_autoclip_m3_1-300x300.jpg 300w, https:\/\/www.sarlbml.fr\/sarlbml\/wp-content\/uploads\/2019\/03\/stiga_autoclip_m3_1-768x768.jpg 768w, https:\/\/www.sarlbml.fr\/sarlbml\/wp-content\/uploads\/2019\/03\/stiga_autoclip_m3_1-400x400.jpg 400w, https:\/\/www.sarlbml.fr\/sarlbml\/wp-content\/uploads\/2019\/03\/stiga_autoclip_m3_1-600x600.jpg 600w, https:\/\/www.sarlbml.fr\/sarlbml\/wp-content\/uploads\/2019\/03\/stiga_autoclip_m3_1-100x100.jpg 100w\" sizes=\"auto, (max-width: 215px) 100vw, 215px\" \/><\/a><\/figure><\/div><p style=\"text-align:center\"><a href=\"https:\/\/www.sarlbml.fr\/sarlbml\/categorie-produit\/tondeuses-robots-stiga\/\">Tondeuses robots<\/a><\/p><\/td><\/tr><tr><td><\/td><td><div class=\"wp-block-image\"><figure class=\"aligncenter is-resized\"><a href=\"https:\/\/www.sarlbml.fr\/sarlbml\/categorie-produit\/auto-portees-coupe-frontale\/\"><img loading=\"lazy\" decoding=\"async\" src=\"https:\/\/www.sarlbml.fr\/sarlbml\/wp-content\/uploads\/2019\/04\/stiga_park220_1.jpg\" alt=\"\" class=\"wp-image-2188\" width=\"215\" height=\"215\"><\/a><\/figure><\/div><p style=\"text-align:center\"><a href=\"https:\/\/www.sarlbml.fr\/sarlbml\/categorie-produit\/auto-portees-coupe-frontale\/\">Tondeuses \u00e0 coupe frontale<\/a><\/p><\/td><td><\/td><\/tr><\/tbody><\/table>\n\n\n\n<p><a href=\"https:\/\/www.sarlbml.fr\/sarlbml\/contact\/\">Contactez-nous<\/a> pour voir les produits en magasin.<\/p>\n\n\n\n<p>Photos non contractuelles. Les descriptions et caract\u00e9ristiques techniques sont fournies \u00e0 titre indicatif et peuvent subir des modifications sans pr\u00e9avis.  <\/p>\n","protected":false},"excerpt":{"rendered":"<p>Tondeuses thermiques Tondeuses auto-port\u00e9es Tondeuses robots Tondeuses \u00e0 coupe frontale Contactez-nous pour voir les produits en magasin. Photos non contractuelles. Les descriptions et caract\u00e9ristiques techniques sont fournies \u00e0 titre indicatif et peuvent subir des modifications sans pr\u00e9avis.<\/p>\n<p> <a class=\"continue-reading-link\" href=\"https:\/\/www.sarlbml.fr\/sarlbml\/catalogue\/catalogue-stiga\/\"><span>Lire la suite<\/span><i class=\"crycon-right-dir\"><\/i><\/a> <\/p>\n","protected":false},"author":1,"featured_media":0,"parent":160,"menu_order":9,"comment_status":"closed","ping_status":"closed","template":"","meta":{"footnotes":""},"class_list":["post-2244","page","type-page","status-publish","hentry"],"_links":{"self":[{"href":"https:\/\/www.sarlbml.fr\/sarlbml\/wp-json\/wp\/v2\/pages\/2244","targetHints":{"allow":["GET"]}}],"collection":[{"href":"https:\/\/www.sarlbml.fr\/sarlbml\/wp-json\/wp\/v2\/pages"}],"about":[{"href":"https:\/\/www.sarlbml.fr\/sarlbml\/wp-json\/wp\/v2\/types\/page"}],"author":[{"embeddable":true,"href":"https:\/\/www.sarlbml.fr\/sarlbml\/wp-json\/wp\/v2\/users\/1"}],"replies":[{"embeddable":true,"href":"https:\/\/www.sarlbml.fr\/sarlbml\/wp-json\/wp\/v2\/comments?post=2244"}],"version-history":[{"count":6,"href":"https:\/\/www.sarlbml.fr\/sarlbml\/wp-json\/wp\/v2\/pages\/2244\/revisions"}],"predecessor-version":[{"id":12999,"href":"https:\/\/www.sarlbml.fr\/sarlbml\/wp-json\/wp\/v2\/pages\/2244\/revisions\/12999"}],"up":[{"embeddable":true,"href":"https:\/\/www.sarlbml.fr\/sarlbml\/wp-json\/wp\/v2\/pages\/160"}],"wp:attachment":[{"href":"https:\/\/www.sarlbml.fr\/sarlbml\/wp-json\/wp\/v2\/media?parent=2244"}],"curies":[{"name":"wp","href":"https:\/\/api.w.org\/{rel}","templated":true}]}}