{"id":1741,"date":"2019-02-19T18:07:43","date_gmt":"2019-02-19T17:07:43","guid":{"rendered":"https:\/\/www.sarlbml.fr\/sarlbml\/?page_id=1741"},"modified":"2025-04-25T07:34:16","modified_gmt":"2025-04-25T06:34:16","slug":"catalogue-ego","status":"publish","type":"page","link":"https:\/\/www.sarlbml.fr\/sarlbml\/catalogue\/catalogue-ego\/","title":{"rendered":"Catalogue EGO"},"content":{"rendered":"\n<figure class=\"wp-block-image is-resized\"><a href=\"https:\/\/egopowerplus.fr\/produits\" target=\"_blank\" rel=\"noreferrer noopener\"><img loading=\"lazy\" decoding=\"async\" width=\"363\" height=\"170\" src=\"https:\/\/www.sarlbml.fr\/sarlbml\/wp-content\/uploads\/2019\/02\/logo_EGO.jpg\" alt=\"\" class=\"wp-image-1739\" style=\"width:91px;height:43px\" srcset=\"https:\/\/www.sarlbml.fr\/sarlbml\/wp-content\/uploads\/2019\/02\/logo_EGO.jpg 363w, https:\/\/www.sarlbml.fr\/sarlbml\/wp-content\/uploads\/2019\/02\/logo_EGO-300x140.jpg 300w, https:\/\/www.sarlbml.fr\/sarlbml\/wp-content\/uploads\/2019\/02\/logo_EGO-150x70.jpg 150w\" sizes=\"auto, (max-width: 363px) 100vw, 363px\" \/><\/a><\/figure>\n\n\n\n<figure class=\"wp-block-table\"><table><tbody><tr><td><p style=\"text-align: center;\"><a href=\"https:\/\/www.iseki.fr\/univers\/batteries-et-chargeurs-ego\/\" target=\"_blank\" rel=\"noopener noreferrer\"><img loading=\"lazy\" decoding=\"async\" class=\"aligncenter size-full wp-image-173\" src=\"https:\/\/www.sarlbml.fr\/sarlbml\/wp-content\/uploads\/2019\/02\/EGO_batterie.jpg\" alt=\"\" width=\"208\" height=\"150\"><\/a><a href=\"https:\/\/www.iseki.fr\/univers\/batteries-et-chargeurs-ego\/\" target=\"_blank\" rel=\"noopener noreferrer\">Batteries et chargeurs<\/a><\/p><\/td><td><p style=\"text-align: center;\"><a href=\"https:\/\/www.iseki.fr\/univers\/tondeuses-electriques-a-batteries\/\" target=\"_blank\" rel=\"noreferrer noopener\"><img loading=\"lazy\" decoding=\"async\" width=\"215\" height=\"150\" class=\"aligncenter size-full wp-image-173\" src=\"https:\/\/www.sarlbml.fr\/sarlbml\/wp-content\/uploads\/2019\/02\/EGO_mower.png\" alt=\"\">Tondeuses \u00e0 batteries<\/a><\/p><\/td><td><p style=\"text-align: center;\"><a href=\"https:\/\/www.iseki.fr\/univers\/vegetation-taille-haies\/\" target=\"_blank\" rel=\"noreferrer noopener\"><img loading=\"lazy\" decoding=\"async\" width=\"208\" height=\"150\" class=\"aligncenter size-full wp-image-173\" src=\"https:\/\/www.sarlbml.fr\/sarlbml\/wp-content\/uploads\/2019\/02\/EGO_taillehaie.jpg\" alt=\"\">Taille-haies \u00e0 batteries<\/a><\/p><\/td><\/tr><tr><td><p style=\"text-align: center;\"><a href=\"https:\/\/www.iseki.fr\/univers\/debroussailleuses-a-main-a-dos\/\" target=\"_blank\" rel=\"noreferrer noopener\"><img loading=\"lazy\" decoding=\"async\" width=\"215\" height=\"150\" class=\"aligncenter size-full wp-image-173\" src=\"https:\/\/www.sarlbml.fr\/sarlbml\/wp-content\/uploads\/2019\/02\/EGO_debrousailleuse.png\" alt=\"\">D\u00e9broussailleuses \u00e0 batteries<\/a><\/p><\/td><td><p style=\"text-align: center;\"><a href=\"https:\/\/www.iseki.fr\/univers\/tronconneuses-electriques\/\" target=\"_blank\" rel=\"noreferrer noopener\"><img loading=\"lazy\" decoding=\"async\" width=\"215\" height=\"150\" class=\"aligncenter size-full wp-image-173\" src=\"https:\/\/www.sarlbml.fr\/sarlbml\/wp-content\/uploads\/2019\/02\/EGO_tronconneuse.jpg\" alt=\"\">Tron\u00e7onneuses \u00e0 batteries<\/a><\/p><\/td><td><p style=\"text-align: center;\"><a href=\"https:\/\/www.iseki.fr\/produit\/souffleurs-sans-fil-a-batterie-ego\/\" target=\"_blank\" rel=\"noopener noreferrer\"><img loading=\"lazy\" decoding=\"async\" width=\"208\" height=\"150\" class=\"aligncenter size-full wp-image-173\" src=\"https:\/\/www.sarlbml.fr\/sarlbml\/wp-content\/uploads\/2019\/02\/EGO_souffleur.jpg\" alt=\"\"><\/a><a href=\"https:\/\/www.iseki.fr\/produit\/souffleurs-sans-fil-a-batterie-ego\/\" target=\"_blank\" rel=\"noopener noreferrer\">Souffleurs \u00e0 batteries<\/a><\/p><\/td><\/tr><\/tbody><\/table><\/figure>\n\n\n\n<p><a href=\"https:\/\/www.sarlbml.fr\/sarlbml\/contact\/\">Contactez-nous<\/a> pour voir les produits en magasin.<\/p>\n\n\n\n<p>Photos non contractuelles. Les descriptions et caract\u00e9ristiques techniques sont fournies \u00e0 titre indicatif et peuvent subir des modifications sans pr\u00e9avis.  <\/p>\n","protected":false},"excerpt":{"rendered":"<p>Batteries et chargeurs Tondeuses \u00e0 batteries Taille-haies \u00e0 batteries D\u00e9broussailleuses \u00e0 batteries Tron\u00e7onneuses \u00e0 batteries Souffleurs \u00e0 batteries Contactez-nous pour voir les produits en magasin. Photos non contractuelles. Les descriptions et caract\u00e9ristiques techniques sont fournies \u00e0 titre indicatif et peuvent subir des modifications sans pr\u00e9avis.<\/p>\n<p> <a class=\"continue-reading-link\" href=\"https:\/\/www.sarlbml.fr\/sarlbml\/catalogue\/catalogue-ego\/\"><span>Lire la suite<\/span><i class=\"crycon-right-dir\"><\/i><\/a> <\/p>\n","protected":false},"author":1,"featured_media":0,"parent":160,"menu_order":5,"comment_status":"closed","ping_status":"closed","template":"","meta":{"footnotes":""},"class_list":["post-1741","page","type-page","status-publish","hentry"],"_links":{"self":[{"href":"https:\/\/www.sarlbml.fr\/sarlbml\/wp-json\/wp\/v2\/pages\/1741","targetHints":{"allow":["GET"]}}],"collection":[{"href":"https:\/\/www.sarlbml.fr\/sarlbml\/wp-json\/wp\/v2\/pages"}],"about":[{"href":"https:\/\/www.sarlbml.fr\/sarlbml\/wp-json\/wp\/v2\/types\/page"}],"author":[{"embeddable":true,"href":"https:\/\/www.sarlbml.fr\/sarlbml\/wp-json\/wp\/v2\/users\/1"}],"replies":[{"embeddable":true,"href":"https:\/\/www.sarlbml.fr\/sarlbml\/wp-json\/wp\/v2\/comments?post=1741"}],"version-history":[{"count":9,"href":"https:\/\/www.sarlbml.fr\/sarlbml\/wp-json\/wp\/v2\/pages\/1741\/revisions"}],"predecessor-version":[{"id":13068,"href":"https:\/\/www.sarlbml.fr\/sarlbml\/wp-json\/wp\/v2\/pages\/1741\/revisions\/13068"}],"up":[{"embeddable":true,"href":"https:\/\/www.sarlbml.fr\/sarlbml\/wp-json\/wp\/v2\/pages\/160"}],"wp:attachment":[{"href":"https:\/\/www.sarlbml.fr\/sarlbml\/wp-json\/wp\/v2\/media?parent=1741"}],"curies":[{"name":"wp","href":"https:\/\/api.w.org\/{rel}","templated":true}]}}