{"id":1705,"date":"2019-02-14T17:31:27","date_gmt":"2019-02-14T16:31:27","guid":{"rendered":"https:\/\/www.sarlbml.fr\/sarlbml\/?page_id=1705"},"modified":"2019-02-18T17:34:22","modified_gmt":"2019-02-18T16:34:22","slug":"imprimez-vos-pieces-en-3d","status":"publish","type":"page","link":"https:\/\/www.sarlbml.fr\/sarlbml\/imprimez-vos-pieces-en-3d\/","title":{"rendered":"Imprimez vos pi\u00e8ces en 3D"},"content":{"rendered":"\n<p>Les nouvelles technologies des imprimantes 3D apportent une vraie r\u00e9volution pouvant r\u00e9pondre \u00e0 des besoins qui \u00e9taient jusqu&rsquo;alors compliqu\u00e9s \u00e0 satisfaire.<\/p>\n\n\n\n<p>Vous cherchez \u00e0 remplacer une des pi\u00e8ces de votre machine-outil de jardinage ?<\/p>\n\n\n<p><span style=\"color: #339966;\">Remplacer une pi\u00e8ce plastique<\/span><\/p>\n\n\n<div class=\"wp-block-image\"><figure class=\"alignright\"><img loading=\"lazy\" decoding=\"async\" width=\"321\" height=\"363\" src=\"https:\/\/www.sarlbml.fr\/sarlbml\/wp-content\/uploads\/2019\/02\/impression3D-pupitre.jpg\" alt=\"\" class=\"wp-image-1708\" srcset=\"https:\/\/www.sarlbml.fr\/sarlbml\/wp-content\/uploads\/2019\/02\/impression3D-pupitre.jpg 321w, https:\/\/www.sarlbml.fr\/sarlbml\/wp-content\/uploads\/2019\/02\/impression3D-pupitre-265x300.jpg 265w, https:\/\/www.sarlbml.fr\/sarlbml\/wp-content\/uploads\/2019\/02\/impression3D-pupitre-133x150.jpg 133w\" sizes=\"auto, (max-width: 321px) 100vw, 321px\" \/><\/figure><\/div>\n\n\n\n<p>Jusqu&rsquo;\u00e0 maintenant, si vous perdiez ou cassiez le bouchon de r\u00e9servoir d&rsquo;essence de votre tondeuse, vous aviez deux solutions : commander ce bouchon de r\u00e9servoir aupr\u00e8s du constructeur ou du revendeur (pas toujours facile quand on a un vieux mod\u00e8le) ou bien acheter une nouvelle machine\u2026<\/p>\n\n\n\n<p>Atelier Sterenn vous propose d\u00e9sormais une autre solution bien plus rapide et beaucoup moins ch\u00e8re : faire imprimer votre bouchon dans votre imprimante 3D et le r\u00e9cup\u00e9rer en boutique ou se le faire livrer \u00e0 domicile.<\/p>\n\n\n<p><span style=\"color: #339966;\">L&rsquo;impression 3D, la solution la plus rapide<\/span><\/p>\n\n\n<p>Nous avons mod\u00e9lis\u00e9 plus de 200 pi\u00e8ces adaptables pour des machines de marques comme Honda, Stihl, MTD, Stiga, Husqvarna, Echo, Bosch, Gardena, Ryobi, Briggs &amp; Stratton\u2026<\/p>\n\n\n\n<figure class=\"wp-block-image\"><img loading=\"lazy\" decoding=\"async\" width=\"1024\" height=\"196\" src=\"https:\/\/www.sarlbml.fr\/sarlbml\/wp-content\/uploads\/2019\/02\/pieces-3D-1024x196.jpg\" alt=\"\" class=\"wp-image-1709\" srcset=\"https:\/\/www.sarlbml.fr\/sarlbml\/wp-content\/uploads\/2019\/02\/pieces-3D-1024x196.jpg 1024w, https:\/\/www.sarlbml.fr\/sarlbml\/wp-content\/uploads\/2019\/02\/pieces-3D-300x57.jpg 300w, https:\/\/www.sarlbml.fr\/sarlbml\/wp-content\/uploads\/2019\/02\/pieces-3D-768x147.jpg 768w, https:\/\/www.sarlbml.fr\/sarlbml\/wp-content\/uploads\/2019\/02\/pieces-3D-150x29.jpg 150w, https:\/\/www.sarlbml.fr\/sarlbml\/wp-content\/uploads\/2019\/02\/pieces-3D-600x115.jpg 600w, https:\/\/www.sarlbml.fr\/sarlbml\/wp-content\/uploads\/2019\/02\/pieces-3D.jpg 1046w\" sizes=\"auto, (max-width: 1024px) 100vw, 1024px\" \/><\/figure>\n\n\n\n<p>Vous pouvez commander votre pi\u00e8ce 3D (bouchon de r\u00e9servoir d&rsquo;essence, bouchon de r\u00e9servoir d&rsquo;huile\u2026) directement depuis votre smartphone, et l&rsquo;impression se lance dans votre magasin certifi\u00e9 Atelier Sterenn.<\/p>\n\n\n\n<p style=\"text-align:center\"><a href=\"https:\/\/www.sarlbml.fr\/sarlbml\/contact\/\">Contactez Bouchaud Motoculture Loisirs<\/a><\/p>\n\n\n\n<p>Vous recevez un SMS lorsque votre bouchon est imprim\u00e9, vous venez le chercher dans votre magasin pour remplacer celui que vous avez cass\u00e9 ou perdu.<\/p>\n\n\n\n<p>Tous nos produits imprimables sont disponibles sur le site Atelier Sterenn.<\/p>\n\n\n<p><span style=\"color: #339966;\">Atelier Sterenn et l&rsquo;innovation 3D<\/span><\/p>\n\n\n<div class=\"wp-block-image\"><figure class=\"alignleft\"><img loading=\"lazy\" decoding=\"async\" width=\"281\" height=\"281\" src=\"https:\/\/www.sarlbml.fr\/sarlbml\/wp-content\/uploads\/2019\/02\/imprimante-3D.png\" alt=\"\" class=\"wp-image-1707\" srcset=\"https:\/\/www.sarlbml.fr\/sarlbml\/wp-content\/uploads\/2019\/02\/imprimante-3D.png 281w, https:\/\/www.sarlbml.fr\/sarlbml\/wp-content\/uploads\/2019\/02\/imprimante-3D-150x150.png 150w, https:\/\/www.sarlbml.fr\/sarlbml\/wp-content\/uploads\/2019\/02\/imprimante-3D-100x100.png 100w\" sizes=\"auto, (max-width: 281px) 100vw, 281px\" \/><\/figure><\/div>\n\n\n\n<p>Nous travaillons depuis 2 ans \u00e0 la conceptualisation des pi\u00e8ces imprimables en 3D afin de les adapter aux contraintes de l&rsquo;impression tout en am\u00e9liorant le confort d&rsquo;utilisation des pi\u00e8ces.<\/p>\n\n\n\n<p>Afin de r\u00e9pondre aux crit\u00e8res d&rsquo;usages des outils motoris\u00e9s de jardin, nous avons travaill\u00e9 avec des laboratoires sp\u00e9cialis\u00e9s pour d\u00e9velopper une mati\u00e8re fran\u00e7aise responsable et norm\u00e9e.<\/p>\n\n\n\n<div class=\"wp-block-image\"><figure class=\"alignright is-resized\"><img loading=\"lazy\" decoding=\"async\" src=\"https:\/\/www.sarlbml.fr\/sarlbml\/wp-content\/uploads\/2019\/02\/piece-en-impression-3D.jpg\" alt=\"\" class=\"wp-image-1710\" width=\"146\" height=\"134\" srcset=\"https:\/\/www.sarlbml.fr\/sarlbml\/wp-content\/uploads\/2019\/02\/piece-en-impression-3D.jpg 292w, https:\/\/www.sarlbml.fr\/sarlbml\/wp-content\/uploads\/2019\/02\/piece-en-impression-3D-150x137.jpg 150w\" sizes=\"auto, (max-width: 146px) 100vw, 146px\" \/><\/figure><\/div>\n\n\n\n<p>Pour r\u00e9pondre aux attentes des consommateurs, nous avons repens\u00e9 un syst\u00e8me de distribution connect\u00e9. Le fil d&rsquo;impression 3D produit par ces laboratoires et les fichiers num\u00e9riques r\u00e9alis\u00e9s par notre service 3D forment ensemble votre solution sur mesure !<\/p>\n","protected":false},"excerpt":{"rendered":"<p>Les nouvelles technologies des imprimantes 3D apportent une vraie r\u00e9volution pouvant r\u00e9pondre \u00e0 des besoins qui \u00e9taient jusqu&rsquo;alors compliqu\u00e9s \u00e0 satisfaire. Vous cherchez \u00e0 remplacer une des pi\u00e8ces de votre machine-outil de jardinage ? Remplacer une pi\u00e8ce plastique Jusqu&rsquo;\u00e0 maintenant, si vous perdiez ou cassiez le bouchon de r\u00e9servoir d&rsquo;essence\u2026<\/p>\n<p> <a class=\"continue-reading-link\" href=\"https:\/\/www.sarlbml.fr\/sarlbml\/imprimez-vos-pieces-en-3d\/\"><span>Lire la suite<\/span><i class=\"crycon-right-dir\"><\/i><\/a> <\/p>\n","protected":false},"author":1,"featured_media":0,"parent":0,"menu_order":0,"comment_status":"closed","ping_status":"closed","template":"","meta":{"footnotes":""},"class_list":["post-1705","page","type-page","status-publish","hentry"],"_links":{"self":[{"href":"https:\/\/www.sarlbml.fr\/sarlbml\/wp-json\/wp\/v2\/pages\/1705","targetHints":{"allow":["GET"]}}],"collection":[{"href":"https:\/\/www.sarlbml.fr\/sarlbml\/wp-json\/wp\/v2\/pages"}],"about":[{"href":"https:\/\/www.sarlbml.fr\/sarlbml\/wp-json\/wp\/v2\/types\/page"}],"author":[{"embeddable":true,"href":"https:\/\/www.sarlbml.fr\/sarlbml\/wp-json\/wp\/v2\/users\/1"}],"replies":[{"embeddable":true,"href":"https:\/\/www.sarlbml.fr\/sarlbml\/wp-json\/wp\/v2\/comments?post=1705"}],"version-history":[{"count":5,"href":"https:\/\/www.sarlbml.fr\/sarlbml\/wp-json\/wp\/v2\/pages\/1705\/revisions"}],"predecessor-version":[{"id":1720,"href":"https:\/\/www.sarlbml.fr\/sarlbml\/wp-json\/wp\/v2\/pages\/1705\/revisions\/1720"}],"wp:attachment":[{"href":"https:\/\/www.sarlbml.fr\/sarlbml\/wp-json\/wp\/v2\/media?parent=1705"}],"curies":[{"name":"wp","href":"https:\/\/api.w.org\/{rel}","templated":true}]}}