{"id":1691,"date":"2019-02-14T14:54:47","date_gmt":"2019-02-14T13:54:47","guid":{"rendered":"https:\/\/www.sarlbml.fr\/sarlbml\/?page_id=1691"},"modified":"2019-02-18T18:53:43","modified_gmt":"2019-02-18T17:53:43","slug":"louez-le-materiel-dont-vous-avez-besoin-avec-loxam","status":"publish","type":"page","link":"https:\/\/www.sarlbml.fr\/sarlbml\/location-de-materiel\/louez-le-materiel-dont-vous-avez-besoin-avec-loxam\/","title":{"rendered":"Louez le mat\u00e9riel dont vous avez besoin avec LOXAM"},"content":{"rendered":"\n<div class=\"wp-block-image\"><figure class=\"alignleft\"><img loading=\"lazy\" decoding=\"async\" width=\"240\" height=\"194\" src=\"https:\/\/www.sarlbml.fr\/sarlbml\/wp-content\/uploads\/2019\/02\/atelier-loxam.png\" alt=\"\" class=\"wp-image-1690\" srcset=\"https:\/\/www.sarlbml.fr\/sarlbml\/wp-content\/uploads\/2019\/02\/atelier-loxam.png 240w, https:\/\/www.sarlbml.fr\/sarlbml\/wp-content\/uploads\/2019\/02\/atelier-loxam-150x121.png 150w\" sizes=\"auto, (max-width: 240px) 100vw, 240px\" \/><\/figure><\/div>\n\n\n<p>Louez toute la gamme <span style=\"color: #ff0000;\">LOXAM<\/span> pour construire, embellir et entretenir votre jardin.<\/p>\n\n\n<p>B\u00e9n\u00e9ficiez d\u2019un mat\u00e9riel professionnel pour r\u00e9aliser tous vos projets.<\/p>\n\n\n\n<div style=\"height:20px\" aria-hidden=\"true\" class=\"wp-block-spacer\"><\/div>\n\n\n\n<p>Soyez accompagn\u00e9 par votre expert Atelier Sterenn sur l\u2019utilisation des machines.<\/p>\n\n\n<p><span style=\"color: #339966;\">Louez du mat\u00e9riel et de l&rsquo;outillage<\/span> <span style=\"color: #ff0000;\">de qualit\u00e9 professionnelle<\/span> !<\/p>\n<p>* Les \u00e9quipes du r\u00e9seau Atelier Sterenn ont \u00e9t\u00e9 form\u00e9es par l&rsquo;institut de formation <span style=\"color: #ff0000;\">LOXAM<\/span> pour vous aider sans la d\u00e9couverte et la satisfaction de vos besoins.<\/p>\n\n\n<p>* \u00c0 chaque \u00e9tape de votre projet jardin, l&rsquo;\u00e9quipe saura vous proposer le mat\u00e9riel ad\u00e9quat et les consommables adapt\u00e9s. Il vous sera \u00e9galement recommand\u00e9 tout l&rsquo;\u00e9quipement essentiel \u00e0 votre s\u00e9curit\u00e9.<\/p>\n\n\n<p>* Atelier Sterenn et <span style=\"color: #ff0000;\">LOXAM<\/span> vous garantissent une satisfaction optimale lors de l&rsquo;utilisation de la gamme de mat\u00e9riels techniques.<\/p>\n\n\n<p>* Munissez-vous simplement d&rsquo;un ch\u00e8que ou d&rsquo;une carte bancaire ainsi qu&rsquo;une pi\u00e8ce d&rsquo;identit\u00e9 et <a href=\"https:\/\/www.sarlbml.fr\/sarlbml\/contact\/\">contactez-nous<\/a>.<\/p>\n\n\n\n<p>* Repartez avec votre machine ou faites-vous livrer sous 72h chez vous ou sur le chantier.<\/p>\n","protected":false},"excerpt":{"rendered":"<p>Louez toute la gamme LOXAM pour construire, embellir et entretenir votre jardin. B\u00e9n\u00e9ficiez d\u2019un mat\u00e9riel professionnel pour r\u00e9aliser tous vos projets. Soyez accompagn\u00e9 par votre expert Atelier Sterenn sur l\u2019utilisation des machines. Louez du mat\u00e9riel et de l&rsquo;outillage de qualit\u00e9 professionnelle ! * Les \u00e9quipes du r\u00e9seau Atelier Sterenn ont\u2026<\/p>\n<p> <a class=\"continue-reading-link\" href=\"https:\/\/www.sarlbml.fr\/sarlbml\/location-de-materiel\/louez-le-materiel-dont-vous-avez-besoin-avec-loxam\/\"><span>Lire la suite<\/span><i class=\"crycon-right-dir\"><\/i><\/a> <\/p>\n","protected":false},"author":1,"featured_media":0,"parent":469,"menu_order":5,"comment_status":"closed","ping_status":"closed","template":"","meta":{"footnotes":""},"class_list":["post-1691","page","type-page","status-publish","hentry"],"_links":{"self":[{"href":"https:\/\/www.sarlbml.fr\/sarlbml\/wp-json\/wp\/v2\/pages\/1691","targetHints":{"allow":["GET"]}}],"collection":[{"href":"https:\/\/www.sarlbml.fr\/sarlbml\/wp-json\/wp\/v2\/pages"}],"about":[{"href":"https:\/\/www.sarlbml.fr\/sarlbml\/wp-json\/wp\/v2\/types\/page"}],"author":[{"embeddable":true,"href":"https:\/\/www.sarlbml.fr\/sarlbml\/wp-json\/wp\/v2\/users\/1"}],"replies":[{"embeddable":true,"href":"https:\/\/www.sarlbml.fr\/sarlbml\/wp-json\/wp\/v2\/comments?post=1691"}],"version-history":[{"count":4,"href":"https:\/\/www.sarlbml.fr\/sarlbml\/wp-json\/wp\/v2\/pages\/1691\/revisions"}],"predecessor-version":[{"id":1717,"href":"https:\/\/www.sarlbml.fr\/sarlbml\/wp-json\/wp\/v2\/pages\/1691\/revisions\/1717"}],"up":[{"embeddable":true,"href":"https:\/\/www.sarlbml.fr\/sarlbml\/wp-json\/wp\/v2\/pages\/469"}],"wp:attachment":[{"href":"https:\/\/www.sarlbml.fr\/sarlbml\/wp-json\/wp\/v2\/media?parent=1691"}],"curies":[{"name":"wp","href":"https:\/\/api.w.org\/{rel}","templated":true}]}}