{"id":156,"date":"2015-05-26T17:41:23","date_gmt":"2015-05-26T16:41:23","guid":{"rendered":"http:\/\/sarlbmlfzd.cluster011.ovh.net\/sarlbml\/?page_id=156"},"modified":"2019-02-12T16:42:52","modified_gmt":"2019-02-12T15:42:52","slug":"equipement-de-serie","status":"publish","type":"page","link":"https:\/\/www.sarlbml.fr\/sarlbml\/guides\/ce-quil-faut-savoir-des-pompes-a-eaux\/equipement-de-serie\/","title":{"rendered":"Equipement de s\u00e9rie"},"content":{"rendered":"<p><img loading=\"lazy\" decoding=\"async\" class=\" size-full wp-image-157 alignleft\" src=\"https:\/\/www.sarlbml.fr\/sarlbml\/wp-content\/uploads\/2015\/05\/pompeseaux_equipements.jpg\" alt=\"pompeseaux_equipements\" width=\"250\" height=\"143\" srcset=\"https:\/\/www.sarlbml.fr\/sarlbml\/wp-content\/uploads\/2015\/05\/pompeseaux_equipements.jpg 250w, https:\/\/www.sarlbml.fr\/sarlbml\/wp-content\/uploads\/2015\/05\/pompeseaux_equipements-150x86.jpg 150w\" sizes=\"auto, (max-width: 250px) 100vw, 250px\" \/>Toutes les pompes \u00e0 eau Honda sont livr\u00e9es avec :<\/p>\n<p>&#8211; Pi\u00e8ces de raccordement pour aspiration et refoulement<br \/>\n&#8211; Filtre cr\u00e9pine qui ne laisse passer que les particules jusqu&rsquo;\u00e0 la granulom\u00e9trie admissible<\/p>\n","protected":false},"excerpt":{"rendered":"<p>Toutes les pompes \u00e0 eau Honda sont livr\u00e9es avec : &#8211; Pi\u00e8ces de raccordement pour aspiration et refoulement &#8211; Filtre cr\u00e9pine qui ne laisse passer que les particules jusqu&rsquo;\u00e0 la granulom\u00e9trie admissible<\/p>\n<p> <a class=\"continue-reading-link\" href=\"https:\/\/www.sarlbml.fr\/sarlbml\/guides\/ce-quil-faut-savoir-des-pompes-a-eaux\/equipement-de-serie\/\"><span>Lire la suite<\/span><i class=\"crycon-right-dir\"><\/i><\/a> <\/p>\n","protected":false},"author":1,"featured_media":0,"parent":556,"menu_order":3,"comment_status":"closed","ping_status":"open","template":"","meta":{"footnotes":""},"class_list":["post-156","page","type-page","status-publish","hentry"],"_links":{"self":[{"href":"https:\/\/www.sarlbml.fr\/sarlbml\/wp-json\/wp\/v2\/pages\/156","targetHints":{"allow":["GET"]}}],"collection":[{"href":"https:\/\/www.sarlbml.fr\/sarlbml\/wp-json\/wp\/v2\/pages"}],"about":[{"href":"https:\/\/www.sarlbml.fr\/sarlbml\/wp-json\/wp\/v2\/types\/page"}],"author":[{"embeddable":true,"href":"https:\/\/www.sarlbml.fr\/sarlbml\/wp-json\/wp\/v2\/users\/1"}],"replies":[{"embeddable":true,"href":"https:\/\/www.sarlbml.fr\/sarlbml\/wp-json\/wp\/v2\/comments?post=156"}],"version-history":[{"count":2,"href":"https:\/\/www.sarlbml.fr\/sarlbml\/wp-json\/wp\/v2\/pages\/156\/revisions"}],"predecessor-version":[{"id":1595,"href":"https:\/\/www.sarlbml.fr\/sarlbml\/wp-json\/wp\/v2\/pages\/156\/revisions\/1595"}],"up":[{"embeddable":true,"href":"https:\/\/www.sarlbml.fr\/sarlbml\/wp-json\/wp\/v2\/pages\/556"}],"wp:attachment":[{"href":"https:\/\/www.sarlbml.fr\/sarlbml\/wp-json\/wp\/v2\/media?parent=156"}],"curies":[{"name":"wp","href":"https:\/\/api.w.org\/{rel}","templated":true}]}}