{"id":152,"date":"2015-05-26T17:40:19","date_gmt":"2015-05-26T16:40:19","guid":{"rendered":"http:\/\/sarlbmlfzd.cluster011.ovh.net\/sarlbml\/?page_id=152"},"modified":"2019-02-12T16:42:14","modified_gmt":"2019-02-12T15:42:14","slug":"les-differents-types-de-liquides-a-pomper","status":"publish","type":"page","link":"https:\/\/www.sarlbml.fr\/sarlbml\/guides\/ce-quil-faut-savoir-des-pompes-a-eaux\/les-differents-types-de-liquides-a-pomper\/","title":{"rendered":"Les diff\u00e9rents types de liquides \u00e0 pomper"},"content":{"rendered":"<p><img loading=\"lazy\" decoding=\"async\" class=\" size-full wp-image-153 alignleft\" src=\"https:\/\/www.sarlbml.fr\/sarlbml\/wp-content\/uploads\/2015\/05\/typeseaux.jpg\" alt=\"typeseaux\" width=\"250\" height=\"351\" srcset=\"https:\/\/www.sarlbml.fr\/sarlbml\/wp-content\/uploads\/2015\/05\/typeseaux.jpg 250w, https:\/\/www.sarlbml.fr\/sarlbml\/wp-content\/uploads\/2015\/05\/typeseaux-214x300.jpg 214w, https:\/\/www.sarlbml.fr\/sarlbml\/wp-content\/uploads\/2015\/05\/typeseaux-107x150.jpg 107w\" sizes=\"auto, (max-width: 250px) 100vw, 250px\" \/><\/p>\n<p>&nbsp;<\/p>\n<p>Pour bien choisir votre pompe \u00e0 eau, il faut d&rsquo;abord savoir le type de liquide \u00e0 pomper :<\/p>\n<p>&#8211; Eaux claires<br \/>\n&#8211; Eaux charg\u00e9es : particules jusqu&rsquo;\u00e0 30 mm<br \/>\n&#8211; Eaux sal\u00e9es, produits chimiques et produits de nettoyage : pH entre 4 et 9.<\/p>\n","protected":false},"excerpt":{"rendered":"<p>&nbsp; Pour bien choisir votre pompe \u00e0 eau, il faut d&rsquo;abord savoir le type de liquide \u00e0 pomper : &#8211; Eaux claires &#8211; Eaux charg\u00e9es : particules jusqu&rsquo;\u00e0 30 mm &#8211; Eaux sal\u00e9es, produits chimiques et produits de nettoyage : pH entre 4 et 9.<\/p>\n<p> <a class=\"continue-reading-link\" href=\"https:\/\/www.sarlbml.fr\/sarlbml\/guides\/ce-quil-faut-savoir-des-pompes-a-eaux\/les-differents-types-de-liquides-a-pomper\/\"><span>Lire la suite<\/span><i class=\"crycon-right-dir\"><\/i><\/a> <\/p>\n","protected":false},"author":1,"featured_media":0,"parent":556,"menu_order":2,"comment_status":"closed","ping_status":"open","template":"","meta":{"footnotes":""},"class_list":["post-152","page","type-page","status-publish","hentry"],"_links":{"self":[{"href":"https:\/\/www.sarlbml.fr\/sarlbml\/wp-json\/wp\/v2\/pages\/152","targetHints":{"allow":["GET"]}}],"collection":[{"href":"https:\/\/www.sarlbml.fr\/sarlbml\/wp-json\/wp\/v2\/pages"}],"about":[{"href":"https:\/\/www.sarlbml.fr\/sarlbml\/wp-json\/wp\/v2\/types\/page"}],"author":[{"embeddable":true,"href":"https:\/\/www.sarlbml.fr\/sarlbml\/wp-json\/wp\/v2\/users\/1"}],"replies":[{"embeddable":true,"href":"https:\/\/www.sarlbml.fr\/sarlbml\/wp-json\/wp\/v2\/comments?post=152"}],"version-history":[{"count":2,"href":"https:\/\/www.sarlbml.fr\/sarlbml\/wp-json\/wp\/v2\/pages\/152\/revisions"}],"predecessor-version":[{"id":1594,"href":"https:\/\/www.sarlbml.fr\/sarlbml\/wp-json\/wp\/v2\/pages\/152\/revisions\/1594"}],"up":[{"embeddable":true,"href":"https:\/\/www.sarlbml.fr\/sarlbml\/wp-json\/wp\/v2\/pages\/556"}],"wp:attachment":[{"href":"https:\/\/www.sarlbml.fr\/sarlbml\/wp-json\/wp\/v2\/media?parent=152"}],"curies":[{"name":"wp","href":"https:\/\/api.w.org\/{rel}","templated":true}]}}