{"id":148,"date":"2015-05-26T17:38:40","date_gmt":"2015-05-26T16:38:40","guid":{"rendered":"http:\/\/sarlbmlfzd.cluster011.ovh.net\/sarlbml\/?page_id=148"},"modified":"2019-02-12T16:41:44","modified_gmt":"2019-02-12T15:41:44","slug":"la-hauteur-de-refoulement","status":"publish","type":"page","link":"https:\/\/www.sarlbml.fr\/sarlbml\/guides\/ce-quil-faut-savoir-des-pompes-a-eaux\/la-hauteur-de-refoulement\/","title":{"rendered":"La hauteur de refoulement"},"content":{"rendered":"<p>La hauteur de refoulement est la distance verticale entre le centre de la roue de la pompe jusqu&rsquo;au point o\u00f9 le tuyau de refoulement atteint sa hauteur maximale.<\/p>\n<p>La hauteur d&rsquo;aspiration repr\u00e9sente la distance verticale entre la surface de l&rsquo;eau \u00e0 pomper et le centre de la roue de la pompe.<\/p>\n<p><img loading=\"lazy\" decoding=\"async\" class=\" size-full wp-image-149 aligncenter\" src=\"https:\/\/www.sarlbml.fr\/sarlbml\/wp-content\/uploads\/2015\/05\/refoulement.jpg\" alt=\"refoulement\" width=\"456\" height=\"271\" srcset=\"https:\/\/www.sarlbml.fr\/sarlbml\/wp-content\/uploads\/2015\/05\/refoulement.jpg 456w, https:\/\/www.sarlbml.fr\/sarlbml\/wp-content\/uploads\/2015\/05\/refoulement-300x178.jpg 300w, https:\/\/www.sarlbml.fr\/sarlbml\/wp-content\/uploads\/2015\/05\/refoulement-250x150.jpg 250w, https:\/\/www.sarlbml.fr\/sarlbml\/wp-content\/uploads\/2015\/05\/refoulement-150x89.jpg 150w\" sizes=\"auto, (max-width: 456px) 100vw, 456px\" \/><\/p>\n","protected":false},"excerpt":{"rendered":"<p>La hauteur de refoulement est la distance verticale entre le centre de la roue de la pompe jusqu&rsquo;au point o\u00f9 le tuyau de refoulement atteint sa hauteur maximale. La hauteur d&rsquo;aspiration repr\u00e9sente la distance verticale entre la surface de l&rsquo;eau \u00e0 pomper et le centre de la roue de la\u2026<\/p>\n<p> <a class=\"continue-reading-link\" href=\"https:\/\/www.sarlbml.fr\/sarlbml\/guides\/ce-quil-faut-savoir-des-pompes-a-eaux\/la-hauteur-de-refoulement\/\"><span>Lire la suite<\/span><i class=\"crycon-right-dir\"><\/i><\/a> <\/p>\n","protected":false},"author":1,"featured_media":0,"parent":556,"menu_order":1,"comment_status":"closed","ping_status":"open","template":"","meta":{"footnotes":""},"class_list":["post-148","page","type-page","status-publish","hentry"],"_links":{"self":[{"href":"https:\/\/www.sarlbml.fr\/sarlbml\/wp-json\/wp\/v2\/pages\/148","targetHints":{"allow":["GET"]}}],"collection":[{"href":"https:\/\/www.sarlbml.fr\/sarlbml\/wp-json\/wp\/v2\/pages"}],"about":[{"href":"https:\/\/www.sarlbml.fr\/sarlbml\/wp-json\/wp\/v2\/types\/page"}],"author":[{"embeddable":true,"href":"https:\/\/www.sarlbml.fr\/sarlbml\/wp-json\/wp\/v2\/users\/1"}],"replies":[{"embeddable":true,"href":"https:\/\/www.sarlbml.fr\/sarlbml\/wp-json\/wp\/v2\/comments?post=148"}],"version-history":[{"count":3,"href":"https:\/\/www.sarlbml.fr\/sarlbml\/wp-json\/wp\/v2\/pages\/148\/revisions"}],"predecessor-version":[{"id":1593,"href":"https:\/\/www.sarlbml.fr\/sarlbml\/wp-json\/wp\/v2\/pages\/148\/revisions\/1593"}],"up":[{"embeddable":true,"href":"https:\/\/www.sarlbml.fr\/sarlbml\/wp-json\/wp\/v2\/pages\/556"}],"wp:attachment":[{"href":"https:\/\/www.sarlbml.fr\/sarlbml\/wp-json\/wp\/v2\/media?parent=148"}],"curies":[{"name":"wp","href":"https:\/\/api.w.org\/{rel}","templated":true}]}}