{"id":144,"date":"2015-05-26T17:37:04","date_gmt":"2015-05-26T16:37:04","guid":{"rendered":"http:\/\/sarlbmlfzd.cluster011.ovh.net\/sarlbml\/?page_id=144"},"modified":"2019-02-12T16:45:11","modified_gmt":"2019-02-12T15:45:11","slug":"comment-mesurer-le-bruit-produit-par-un-groupe","status":"publish","type":"page","link":"https:\/\/www.sarlbml.fr\/sarlbml\/guides\/ce-quil-faut-savoir-sur-les-groupes-electrogenes\/comment-mesurer-le-bruit-produit-par-un-groupe\/","title":{"rendered":"Comment mesurer le bruit produit par un groupe ?"},"content":{"rendered":"<p><img loading=\"lazy\" decoding=\"async\" class=\" size-full wp-image-145 alignleft\" src=\"https:\/\/www.sarlbml.fr\/sarlbml\/wp-content\/uploads\/2015\/05\/sonore_dba.jpg\" alt=\"sonore_dba\" width=\"250\" height=\"249\" srcset=\"https:\/\/www.sarlbml.fr\/sarlbml\/wp-content\/uploads\/2015\/05\/sonore_dba.jpg 250w, https:\/\/www.sarlbml.fr\/sarlbml\/wp-content\/uploads\/2015\/05\/sonore_dba-100x100.jpg 100w, https:\/\/www.sarlbml.fr\/sarlbml\/wp-content\/uploads\/2015\/05\/sonore_dba-150x150.jpg 150w, https:\/\/www.sarlbml.fr\/sarlbml\/wp-content\/uploads\/2015\/05\/sonore_dba-151x150.jpg 151w\" sizes=\"auto, (max-width: 250px) 100vw, 250px\" \/><strong>La norme dB(A) LWA<\/strong><\/p>\n<p>Face aux nombreuses valeurs affich\u00e9es pour exprimer le bruit que produit un appareil, il est parfois difficile de s&rsquo;y retrouver. Il faut savoir que seule la valeur de la puissance acoustique LWA exprim\u00e9e en d\u00e9cibels : dB(A), r\u00e9pond \u00e0 une norme stricte permettant une comparaison. Elle repr\u00e9sente une moyenne de plusieurs relev\u00e9s. Toute autre valeur en d\u00e9cibel n&rsquo;indiquant pas le symbole LWA, correspond \u00e0 une mesure de niveau sonore \u00e0 une distance \u00e9quivalente. Mais la valeur varie en fonction de la position du point de mesure par rapport \u00e0 l&rsquo;appareil (haut, gauche, droite&#8230;).<\/p>\n","protected":false},"excerpt":{"rendered":"<p>La norme dB(A) LWA Face aux nombreuses valeurs affich\u00e9es pour exprimer le bruit que produit un appareil, il est parfois difficile de s&rsquo;y retrouver. Il faut savoir que seule la valeur de la puissance acoustique LWA exprim\u00e9e en d\u00e9cibels : dB(A), r\u00e9pond \u00e0 une norme stricte permettant une comparaison. Elle\u2026<\/p>\n<p> <a class=\"continue-reading-link\" href=\"https:\/\/www.sarlbml.fr\/sarlbml\/guides\/ce-quil-faut-savoir-sur-les-groupes-electrogenes\/comment-mesurer-le-bruit-produit-par-un-groupe\/\"><span>Lire la suite<\/span><i class=\"crycon-right-dir\"><\/i><\/a> <\/p>\n","protected":false},"author":1,"featured_media":0,"parent":554,"menu_order":3,"comment_status":"closed","ping_status":"open","template":"","meta":{"footnotes":""},"class_list":["post-144","page","type-page","status-publish","hentry"],"_links":{"self":[{"href":"https:\/\/www.sarlbml.fr\/sarlbml\/wp-json\/wp\/v2\/pages\/144","targetHints":{"allow":["GET"]}}],"collection":[{"href":"https:\/\/www.sarlbml.fr\/sarlbml\/wp-json\/wp\/v2\/pages"}],"about":[{"href":"https:\/\/www.sarlbml.fr\/sarlbml\/wp-json\/wp\/v2\/types\/page"}],"author":[{"embeddable":true,"href":"https:\/\/www.sarlbml.fr\/sarlbml\/wp-json\/wp\/v2\/users\/1"}],"replies":[{"embeddable":true,"href":"https:\/\/www.sarlbml.fr\/sarlbml\/wp-json\/wp\/v2\/comments?post=144"}],"version-history":[{"count":3,"href":"https:\/\/www.sarlbml.fr\/sarlbml\/wp-json\/wp\/v2\/pages\/144\/revisions"}],"predecessor-version":[{"id":1598,"href":"https:\/\/www.sarlbml.fr\/sarlbml\/wp-json\/wp\/v2\/pages\/144\/revisions\/1598"}],"up":[{"embeddable":true,"href":"https:\/\/www.sarlbml.fr\/sarlbml\/wp-json\/wp\/v2\/pages\/554"}],"wp:attachment":[{"href":"https:\/\/www.sarlbml.fr\/sarlbml\/wp-json\/wp\/v2\/media?parent=144"}],"curies":[{"name":"wp","href":"https:\/\/api.w.org\/{rel}","templated":true}]}}