{"id":140,"date":"2015-05-26T17:35:30","date_gmt":"2015-05-26T16:35:30","guid":{"rendered":"http:\/\/sarlbmlfzd.cluster011.ovh.net\/sarlbml\/?page_id=140"},"modified":"2019-02-12T16:44:36","modified_gmt":"2019-02-12T15:44:36","slug":"la-technologie-cycloconverter-et-inverter","status":"publish","type":"page","link":"https:\/\/www.sarlbml.fr\/sarlbml\/guides\/ce-quil-faut-savoir-sur-les-groupes-electrogenes\/la-technologie-cycloconverter-et-inverter\/","title":{"rendered":"La technologie Cycloconverter et Inverter"},"content":{"rendered":"<p><img loading=\"lazy\" decoding=\"async\" class=\" size-full wp-image-141 alignleft\" src=\"https:\/\/www.sarlbml.fr\/sarlbml\/wp-content\/uploads\/2015\/05\/inverter.jpg\" alt=\"inverter\" width=\"250\" height=\"204\" srcset=\"https:\/\/www.sarlbml.fr\/sarlbml\/wp-content\/uploads\/2015\/05\/inverter.jpg 250w, https:\/\/www.sarlbml.fr\/sarlbml\/wp-content\/uploads\/2015\/05\/inverter-184x150.jpg 184w, https:\/\/www.sarlbml.fr\/sarlbml\/wp-content\/uploads\/2015\/05\/inverter-150x122.jpg 150w\" sizes=\"auto, (max-width: 250px) 100vw, 250px\" \/>Ce syst\u00e8me \u00e9lectronique de r\u00e9gulation ne corrige plus simplement le courant mais le retraite compl\u00e8tement pour arriver \u00e0 un signal \u00e9lectrique id\u00e9al. La technologie Inverter apporte, en plus d&rsquo;un courant parfait, l&rsquo;asservissement du r\u00e9gime du moteur du groupe en fonction de la puissance \u00e9lectrique absorb\u00e9e par l\u2019appareil raccord\u00e9 \u00e0 la prise \u00e9lectrique du groupe. La fr\u00e9quence du courant g\u00e9n\u00e9r\u00e9 ne d\u00e9pend plus du r\u00e9gime moteur. Le moteur peut donc adapter sa vitesse et il ne tourne plus en permanence \u00e0 plein r\u00e9gime. Vous r\u00e9alisez ainsi des \u00e9conomies de carburant et disposez d&rsquo;une plus grande autonomie. La r\u00e9gulation Inverter pr\u00e9dispose naturellement ces groupes \u00e0 l&rsquo;alimentation de tous les appareils sophistiqu\u00e9s, notamment ceux \u00e9quip\u00e9s de composants \u00e9lectroniques sensibles.<\/p>\n","protected":false},"excerpt":{"rendered":"<p>Ce syst\u00e8me \u00e9lectronique de r\u00e9gulation ne corrige plus simplement le courant mais le retraite compl\u00e8tement pour arriver \u00e0 un signal \u00e9lectrique id\u00e9al. La technologie Inverter apporte, en plus d&rsquo;un courant parfait, l&rsquo;asservissement du r\u00e9gime du moteur du groupe en fonction de la puissance \u00e9lectrique absorb\u00e9e par l\u2019appareil raccord\u00e9 \u00e0 la\u2026<\/p>\n<p> <a class=\"continue-reading-link\" href=\"https:\/\/www.sarlbml.fr\/sarlbml\/guides\/ce-quil-faut-savoir-sur-les-groupes-electrogenes\/la-technologie-cycloconverter-et-inverter\/\"><span>Lire la suite<\/span><i class=\"crycon-right-dir\"><\/i><\/a> <\/p>\n","protected":false},"author":1,"featured_media":0,"parent":554,"menu_order":2,"comment_status":"closed","ping_status":"open","template":"","meta":{"footnotes":""},"class_list":["post-140","page","type-page","status-publish","hentry"],"_links":{"self":[{"href":"https:\/\/www.sarlbml.fr\/sarlbml\/wp-json\/wp\/v2\/pages\/140","targetHints":{"allow":["GET"]}}],"collection":[{"href":"https:\/\/www.sarlbml.fr\/sarlbml\/wp-json\/wp\/v2\/pages"}],"about":[{"href":"https:\/\/www.sarlbml.fr\/sarlbml\/wp-json\/wp\/v2\/types\/page"}],"author":[{"embeddable":true,"href":"https:\/\/www.sarlbml.fr\/sarlbml\/wp-json\/wp\/v2\/users\/1"}],"replies":[{"embeddable":true,"href":"https:\/\/www.sarlbml.fr\/sarlbml\/wp-json\/wp\/v2\/comments?post=140"}],"version-history":[{"count":3,"href":"https:\/\/www.sarlbml.fr\/sarlbml\/wp-json\/wp\/v2\/pages\/140\/revisions"}],"predecessor-version":[{"id":1597,"href":"https:\/\/www.sarlbml.fr\/sarlbml\/wp-json\/wp\/v2\/pages\/140\/revisions\/1597"}],"up":[{"embeddable":true,"href":"https:\/\/www.sarlbml.fr\/sarlbml\/wp-json\/wp\/v2\/pages\/554"}],"wp:attachment":[{"href":"https:\/\/www.sarlbml.fr\/sarlbml\/wp-json\/wp\/v2\/media?parent=140"}],"curies":[{"name":"wp","href":"https:\/\/api.w.org\/{rel}","templated":true}]}}