{"id":136,"date":"2015-05-26T17:33:50","date_gmt":"2015-05-26T16:33:50","guid":{"rendered":"http:\/\/sarlbmlfzd.cluster011.ovh.net\/sarlbml\/?page_id=136"},"modified":"2019-02-12T16:43:23","modified_gmt":"2019-02-12T15:43:23","slug":"comment-bien-choisir-son-groupe","status":"publish","type":"page","link":"https:\/\/www.sarlbml.fr\/sarlbml\/guides\/ce-quil-faut-savoir-sur-les-groupes-electrogenes\/comment-bien-choisir-son-groupe\/","title":{"rendered":"Comment bien choisir son groupe"},"content":{"rendered":"<p>Tout groupe \u00e9lectrog\u00e8ne produit une puissance disponible pour alimenter diff\u00e9rents appareils \u00e9lectriques. Cette puissance apparente se mesure en kVA. N\u00e9anmoins, la plupart des appareils re\u00e7oivent qu&rsquo;une part de cette puissance, appel\u00e9e puissance effective qui se mesure en kW.<\/p>\n<p><img loading=\"lazy\" decoding=\"async\" class=\" size-full wp-image-137 aligncenter\" src=\"https:\/\/www.sarlbml.fr\/sarlbml\/wp-content\/uploads\/2015\/05\/puissances_groupeselectro.jpg\" alt=\"puissances_groupeselectro\" width=\"637\" height=\"578\" srcset=\"https:\/\/www.sarlbml.fr\/sarlbml\/wp-content\/uploads\/2015\/05\/puissances_groupeselectro.jpg 637w, https:\/\/www.sarlbml.fr\/sarlbml\/wp-content\/uploads\/2015\/05\/puissances_groupeselectro-600x544.jpg 600w, https:\/\/www.sarlbml.fr\/sarlbml\/wp-content\/uploads\/2015\/05\/puissances_groupeselectro-300x272.jpg 300w, https:\/\/www.sarlbml.fr\/sarlbml\/wp-content\/uploads\/2015\/05\/puissances_groupeselectro-165x150.jpg 165w, https:\/\/www.sarlbml.fr\/sarlbml\/wp-content\/uploads\/2015\/05\/puissances_groupeselectro-150x136.jpg 150w\" sizes=\"auto, (max-width: 637px) 100vw, 637px\" \/><\/p>\n","protected":false},"excerpt":{"rendered":"<p>Tout groupe \u00e9lectrog\u00e8ne produit une puissance disponible pour alimenter diff\u00e9rents appareils \u00e9lectriques. Cette puissance apparente se mesure en kVA. N\u00e9anmoins, la plupart des appareils re\u00e7oivent qu&rsquo;une part de cette puissance, appel\u00e9e puissance effective qui se mesure en kW.<\/p>\n<p> <a class=\"continue-reading-link\" href=\"https:\/\/www.sarlbml.fr\/sarlbml\/guides\/ce-quil-faut-savoir-sur-les-groupes-electrogenes\/comment-bien-choisir-son-groupe\/\"><span>Lire la suite<\/span><i class=\"crycon-right-dir\"><\/i><\/a> <\/p>\n","protected":false},"author":1,"featured_media":0,"parent":554,"menu_order":1,"comment_status":"closed","ping_status":"open","template":"","meta":{"footnotes":""},"class_list":["post-136","page","type-page","status-publish","hentry"],"_links":{"self":[{"href":"https:\/\/www.sarlbml.fr\/sarlbml\/wp-json\/wp\/v2\/pages\/136","targetHints":{"allow":["GET"]}}],"collection":[{"href":"https:\/\/www.sarlbml.fr\/sarlbml\/wp-json\/wp\/v2\/pages"}],"about":[{"href":"https:\/\/www.sarlbml.fr\/sarlbml\/wp-json\/wp\/v2\/types\/page"}],"author":[{"embeddable":true,"href":"https:\/\/www.sarlbml.fr\/sarlbml\/wp-json\/wp\/v2\/users\/1"}],"replies":[{"embeddable":true,"href":"https:\/\/www.sarlbml.fr\/sarlbml\/wp-json\/wp\/v2\/comments?post=136"}],"version-history":[{"count":3,"href":"https:\/\/www.sarlbml.fr\/sarlbml\/wp-json\/wp\/v2\/pages\/136\/revisions"}],"predecessor-version":[{"id":1596,"href":"https:\/\/www.sarlbml.fr\/sarlbml\/wp-json\/wp\/v2\/pages\/136\/revisions\/1596"}],"up":[{"embeddable":true,"href":"https:\/\/www.sarlbml.fr\/sarlbml\/wp-json\/wp\/v2\/pages\/554"}],"wp:attachment":[{"href":"https:\/\/www.sarlbml.fr\/sarlbml\/wp-json\/wp\/v2\/media?parent=136"}],"curies":[{"name":"wp","href":"https:\/\/api.w.org\/{rel}","templated":true}]}}