{"id":129,"date":"2015-05-26T17:32:10","date_gmt":"2015-05-26T16:32:10","guid":{"rendered":"http:\/\/sarlbmlfzd.cluster011.ovh.net\/sarlbml\/?page_id=129"},"modified":"2019-02-12T16:53:28","modified_gmt":"2019-02-12T15:53:28","slug":"des-accessoires-pour-toutes-les-utilisations","status":"publish","type":"page","link":"https:\/\/www.sarlbml.fr\/sarlbml\/guides\/pourquoi-choisir-les-debroussailleuses-portees-honda\/des-accessoires-pour-toutes-les-utilisations\/","title":{"rendered":"Des accessoires pour toutes les utilisations"},"content":{"rendered":"<p>La gamme tr\u00e8s vari\u00e9e des accessoires Honda permet de faire de la d\u00e9broussailleuse un outil indispensable, polyvalent et complet pour tous les travaux de jardin.<\/p>\n<p><img loading=\"lazy\" decoding=\"async\" class=\"alignleft wp-image-131 size-thumbnail\" src=\"https:\/\/www.sarlbml.fr\/sarlbml\/wp-content\/uploads\/2015\/05\/demohp47_2-150x150.jpg\" alt=\"demohp47_2\" width=\"150\" height=\"150\" srcset=\"https:\/\/www.sarlbml.fr\/sarlbml\/wp-content\/uploads\/2015\/05\/demohp47_2-150x150.jpg 150w, https:\/\/www.sarlbml.fr\/sarlbml\/wp-content\/uploads\/2015\/05\/demohp47_2-100x100.jpg 100w, https:\/\/www.sarlbml.fr\/sarlbml\/wp-content\/uploads\/2015\/05\/demohp47_2.jpg 200w\" sizes=\"auto, (max-width: 150px) 100vw, 150px\" \/><strong>T\u00eate Nylon Tap &amp; Go<\/strong> permet le d\u00e9roulement semi-automatique du fil par pression de la t\u00eate sur le sol.<\/p>\n<p>Nettoyage et fauchage des grandes surfaces.<\/p>\n<p>&nbsp;<\/p>\n<hr>\n<p><img loading=\"lazy\" decoding=\"async\" class=\"alignleft wp-image-132 size-thumbnail\" src=\"https:\/\/www.sarlbml.fr\/sarlbml\/wp-content\/uploads\/2015\/05\/demohp47_3-150x150.jpg\" alt=\"demohp47_3\" width=\"150\" height=\"150\" srcset=\"https:\/\/www.sarlbml.fr\/sarlbml\/wp-content\/uploads\/2015\/05\/demohp47_3-150x150.jpg 150w, https:\/\/www.sarlbml.fr\/sarlbml\/wp-content\/uploads\/2015\/05\/demohp47_3-100x100.jpg 100w, https:\/\/www.sarlbml.fr\/sarlbml\/wp-content\/uploads\/2015\/05\/demohp47_3.jpg 200w\" sizes=\"auto, (max-width: 150px) 100vw, 150px\" \/><strong>Lame 3 dents<\/strong> 250, 230, 300 mm.<\/p>\n<p>Id\u00e9ale pour la taille des haies \u00e9pineuses et broussailles \u00e9paisses.<\/p>\n<p>&nbsp;<\/p>\n<p>&nbsp;<\/p>\n<hr>\n<p><img loading=\"lazy\" decoding=\"async\" class=\" size-thumbnail wp-image-130 alignleft\" src=\"https:\/\/www.sarlbml.fr\/sarlbml\/wp-content\/uploads\/2015\/05\/demohp47_1-150x150.jpg\" alt=\"demohp47_1\" width=\"150\" height=\"150\" srcset=\"https:\/\/www.sarlbml.fr\/sarlbml\/wp-content\/uploads\/2015\/05\/demohp47_1-150x150.jpg 150w, https:\/\/www.sarlbml.fr\/sarlbml\/wp-content\/uploads\/2015\/05\/demohp47_1-100x100.jpg 100w, https:\/\/www.sarlbml.fr\/sarlbml\/wp-content\/uploads\/2015\/05\/demohp47_1.jpg 200w\" sizes=\"auto, (max-width: 150px) 100vw, 150px\" \/><strong>Lame 4 dents<\/strong> 230, 255 mm.<\/p>\n<p>Recommand\u00e9e pour le fauchage de grandes surfaces en herbe.<\/p>\n<p>&nbsp;<\/p>\n<p>&nbsp;<\/p>\n<hr>\n<p><img loading=\"lazy\" decoding=\"async\" class=\" size-thumbnail wp-image-133 alignleft\" src=\"https:\/\/www.sarlbml.fr\/sarlbml\/wp-content\/uploads\/2015\/05\/demohp47_4-150x150.jpg\" alt=\"demohp47_4\" width=\"150\" height=\"150\" srcset=\"https:\/\/www.sarlbml.fr\/sarlbml\/wp-content\/uploads\/2015\/05\/demohp47_4-150x150.jpg 150w, https:\/\/www.sarlbml.fr\/sarlbml\/wp-content\/uploads\/2015\/05\/demohp47_4-100x100.jpg 100w, https:\/\/www.sarlbml.fr\/sarlbml\/wp-content\/uploads\/2015\/05\/demohp47_4.jpg 200w\" sizes=\"auto, (max-width: 150px) 100vw, 150px\" \/><strong>Lame 8 dents<\/strong> 255 mm.<\/p>\n<p>Id\u00e9ale pour le fauchage des herbes hautes et s\u00e8ches (roseaux, par exemple).<\/p>\n","protected":false},"excerpt":{"rendered":"<p>La gamme tr\u00e8s vari\u00e9e des accessoires Honda permet de faire de la d\u00e9broussailleuse un outil indispensable, polyvalent et complet pour tous les travaux de jardin. T\u00eate Nylon Tap &amp; Go permet le d\u00e9roulement semi-automatique du fil par pression de la t\u00eate sur le sol. Nettoyage et fauchage des grandes surfaces.\u2026<\/p>\n<p> <a class=\"continue-reading-link\" href=\"https:\/\/www.sarlbml.fr\/sarlbml\/guides\/pourquoi-choisir-les-debroussailleuses-portees-honda\/des-accessoires-pour-toutes-les-utilisations\/\"><span>Lire la suite<\/span><i class=\"crycon-right-dir\"><\/i><\/a> <\/p>\n","protected":false},"author":1,"featured_media":0,"parent":552,"menu_order":3,"comment_status":"closed","ping_status":"open","template":"","meta":{"footnotes":""},"class_list":["post-129","page","type-page","status-publish","hentry"],"_links":{"self":[{"href":"https:\/\/www.sarlbml.fr\/sarlbml\/wp-json\/wp\/v2\/pages\/129","targetHints":{"allow":["GET"]}}],"collection":[{"href":"https:\/\/www.sarlbml.fr\/sarlbml\/wp-json\/wp\/v2\/pages"}],"about":[{"href":"https:\/\/www.sarlbml.fr\/sarlbml\/wp-json\/wp\/v2\/types\/page"}],"author":[{"embeddable":true,"href":"https:\/\/www.sarlbml.fr\/sarlbml\/wp-json\/wp\/v2\/users\/1"}],"replies":[{"embeddable":true,"href":"https:\/\/www.sarlbml.fr\/sarlbml\/wp-json\/wp\/v2\/comments?post=129"}],"version-history":[{"count":3,"href":"https:\/\/www.sarlbml.fr\/sarlbml\/wp-json\/wp\/v2\/pages\/129\/revisions"}],"predecessor-version":[{"id":1606,"href":"https:\/\/www.sarlbml.fr\/sarlbml\/wp-json\/wp\/v2\/pages\/129\/revisions\/1606"}],"up":[{"embeddable":true,"href":"https:\/\/www.sarlbml.fr\/sarlbml\/wp-json\/wp\/v2\/pages\/552"}],"wp:attachment":[{"href":"https:\/\/www.sarlbml.fr\/sarlbml\/wp-json\/wp\/v2\/media?parent=129"}],"curies":[{"name":"wp","href":"https:\/\/api.w.org\/{rel}","templated":true}]}}