{"id":125,"date":"2015-05-26T17:28:15","date_gmt":"2015-05-26T16:28:15","guid":{"rendered":"http:\/\/sarlbmlfzd.cluster011.ovh.net\/sarlbml\/?page_id=125"},"modified":"2019-02-12T16:52:24","modified_gmt":"2019-02-12T15:52:24","slug":"la-technologie-4-temps-honda","status":"publish","type":"page","link":"https:\/\/www.sarlbml.fr\/sarlbml\/guides\/pourquoi-choisir-les-debroussailleuses-portees-honda\/la-technologie-4-temps-honda\/","title":{"rendered":"La technologie 4-temps Honda"},"content":{"rendered":"<p><strong>L&rsquo;engagement de Honda pour l&rsquo;environnement et un avenir plus propre.<\/strong><\/p>\n<p>Depuis toujours, le challenge de Honda est d&rsquo;associer harmonieusement la technologie et l&rsquo;environnement.<\/p>\n<p>Des technologies propres pour des produits propres. C&rsquo;est la raison pour laquelle Honda depuis sa cr\u00e9ation s&rsquo;est investi dans le d\u00e9veloppement de la technologie des moteurs 4-temps qui est mise en commun pour proposer des produits toujours plus innovants.<\/p>\n<p>La technologie 4-temps d\u00e9velopp\u00e9e par Honda sur la nouvelle gamme de d\u00e9broussailleuses port\u00e9es et des outils motoris\u00e9s portables r\u00e9pond d\u00e9j\u00e0 aux normes am\u00e9ricaines -EPA- reconnues les plus s\u00e9v\u00e8res \u00e0 l&rsquo;\u00e9chelle mondiale et qui seront mises en application en 2005 en Europe. Le taux d&rsquo;\u00e9missions polluantes des moteurs Honda de ces nouvelles d\u00e9broussailleuses Honda 4-temps et outils motoris\u00e9es portables est inf\u00e9rieur de 90 % \u00e0 celui des d\u00e9broussailleuses classiques motoris\u00e9es 2-temps. Les mauvaises odeurs et fum\u00e9es d\u00e9gag\u00e9es par les appareils \u00e0 moteur 2-temps appartiennent d\u00e9sormais au pass\u00e9.<\/p>\n<p>La technologie 4-temps du micro moteur Honda r\u00e9duit de fa\u00e7on significative la fatigue acoustique, garantit en toutes circonstances un d\u00e9marrage instantan\u00e9 et diminue sensiblement la consommation de carburant.<\/p>\n<p>Autre avantage, en acqu\u00e9rant une d\u00e9broussailleuse Honda 4-temps, son entretien sera simplifi\u00e9 car vous emploierez le m\u00eame carburant que celui que vous emploierez pour votre tondeuse.<\/p>\n<p>Tous ces choix, toutes ces innovations ne visent qu&rsquo;un seul but : l&rsquo;agr\u00e9ment de l&rsquo;utilisateur.<\/p>\n<p><strong>Comparaison de d\u00e9p\u00f4t de gaz d&rsquo;\u00e9chappement :<\/strong><\/p>\n<p><img loading=\"lazy\" decoding=\"async\" class=\" size-full wp-image-127 aligncenter\" src=\"https:\/\/www.sarlbml.fr\/sarlbml\/wp-content\/uploads\/2015\/05\/4temps2.jpg\" alt=\"4temps2\" width=\"300\" height=\"160\" srcset=\"https:\/\/www.sarlbml.fr\/sarlbml\/wp-content\/uploads\/2015\/05\/4temps2.jpg 300w, https:\/\/www.sarlbml.fr\/sarlbml\/wp-content\/uploads\/2015\/05\/4temps2-250x133.jpg 250w, https:\/\/www.sarlbml.fr\/sarlbml\/wp-content\/uploads\/2015\/05\/4temps2-150x80.jpg 150w\" sizes=\"auto, (max-width: 300px) 100vw, 300px\" \/><\/p>\n<p>Comparaison des \u00e9missions de particules \u00e0 un r\u00e9gime constant et apr\u00e8s un temps de fonctionnement de 15 minutes entre un 2-temps traditionnel et un micro moteur Honda 4-temps (Mesures obtenues lors d&rsquo;un test interne Honda, \u00e0 une distance indentique devant une feuille blanche).<\/p>\n<p><strong>La High-tech pour des performances de pointe<\/strong><\/p>\n<p><img loading=\"lazy\" decoding=\"async\" class=\" size-full wp-image-126 aligncenter\" src=\"https:\/\/www.sarlbml.fr\/sarlbml\/wp-content\/uploads\/2015\/05\/4temps1.jpg\" alt=\"4temps1\" width=\"300\" height=\"214\" srcset=\"https:\/\/www.sarlbml.fr\/sarlbml\/wp-content\/uploads\/2015\/05\/4temps1.jpg 300w, https:\/\/www.sarlbml.fr\/sarlbml\/wp-content\/uploads\/2015\/05\/4temps1-210x150.jpg 210w, https:\/\/www.sarlbml.fr\/sarlbml\/wp-content\/uploads\/2015\/05\/4temps1-150x107.jpg 150w\" sizes=\"auto, (max-width: 300px) 100vw, 300px\" \/><\/p>\n<p>Hydrocarbure NHC et oxyde d&rsquo;azote NOX en comparaison.<\/p>\n<p>Les moteurs 4-temps Honda d\u00e9gagent consid\u00e9rablement moins d&rsquo;\u00e9missions nocives par rapport aux moteurs 2-temps.<\/p>\n","protected":false},"excerpt":{"rendered":"<p>L&rsquo;engagement de Honda pour l&rsquo;environnement et un avenir plus propre. Depuis toujours, le challenge de Honda est d&rsquo;associer harmonieusement la technologie et l&rsquo;environnement. Des technologies propres pour des produits propres. C&rsquo;est la raison pour laquelle Honda depuis sa cr\u00e9ation s&rsquo;est investi dans le d\u00e9veloppement de la technologie des moteurs 4-temps\u2026<\/p>\n<p> <a class=\"continue-reading-link\" href=\"https:\/\/www.sarlbml.fr\/sarlbml\/guides\/pourquoi-choisir-les-debroussailleuses-portees-honda\/la-technologie-4-temps-honda\/\"><span>Lire la suite<\/span><i class=\"crycon-right-dir\"><\/i><\/a> <\/p>\n","protected":false},"author":1,"featured_media":0,"parent":552,"menu_order":2,"comment_status":"closed","ping_status":"open","template":"","meta":{"footnotes":""},"class_list":["post-125","page","type-page","status-publish","hentry"],"_links":{"self":[{"href":"https:\/\/www.sarlbml.fr\/sarlbml\/wp-json\/wp\/v2\/pages\/125","targetHints":{"allow":["GET"]}}],"collection":[{"href":"https:\/\/www.sarlbml.fr\/sarlbml\/wp-json\/wp\/v2\/pages"}],"about":[{"href":"https:\/\/www.sarlbml.fr\/sarlbml\/wp-json\/wp\/v2\/types\/page"}],"author":[{"embeddable":true,"href":"https:\/\/www.sarlbml.fr\/sarlbml\/wp-json\/wp\/v2\/users\/1"}],"replies":[{"embeddable":true,"href":"https:\/\/www.sarlbml.fr\/sarlbml\/wp-json\/wp\/v2\/comments?post=125"}],"version-history":[{"count":3,"href":"https:\/\/www.sarlbml.fr\/sarlbml\/wp-json\/wp\/v2\/pages\/125\/revisions"}],"predecessor-version":[{"id":1605,"href":"https:\/\/www.sarlbml.fr\/sarlbml\/wp-json\/wp\/v2\/pages\/125\/revisions\/1605"}],"up":[{"embeddable":true,"href":"https:\/\/www.sarlbml.fr\/sarlbml\/wp-json\/wp\/v2\/pages\/552"}],"wp:attachment":[{"href":"https:\/\/www.sarlbml.fr\/sarlbml\/wp-json\/wp\/v2\/media?parent=125"}],"curies":[{"name":"wp","href":"https:\/\/api.w.org\/{rel}","templated":true}]}}