{"id":118,"date":"2015-05-26T17:25:00","date_gmt":"2015-05-26T16:25:00","guid":{"rendered":"http:\/\/sarlbmlfzd.cluster011.ovh.net\/sarlbml\/?page_id=118"},"modified":"2019-02-12T16:51:41","modified_gmt":"2019-02-12T15:51:41","slug":"les-debroussailleuses-portees-4-temps","status":"publish","type":"page","link":"https:\/\/www.sarlbml.fr\/sarlbml\/guides\/pourquoi-choisir-les-debroussailleuses-portees-honda\/les-debroussailleuses-portees-4-temps\/","title":{"rendered":"Les d\u00e9broussailleuses port\u00e9es 4 temps"},"content":{"rendered":"<p><img loading=\"lazy\" decoding=\"async\" class=\"alignleft wp-image-121\" src=\"https:\/\/www.sarlbml.fr\/sarlbml\/wp-content\/uploads\/2015\/05\/demoh05p41.jpg\" alt=\"demoh05p41\" width=\"150\" height=\"156\" srcset=\"https:\/\/www.sarlbml.fr\/sarlbml\/wp-content\/uploads\/2015\/05\/demoh05p41.jpg 200w, https:\/\/www.sarlbml.fr\/sarlbml\/wp-content\/uploads\/2015\/05\/demoh05p41-144x150.jpg 144w\" sizes=\"auto, (max-width: 150px) 100vw, 150px\" \/><strong>Commencer \u00e0 travailler sans fatigue avec un d\u00e9marrage tr\u00e8s facile :<\/strong><br \/>\nMoteur froid ou chaud, les d\u00e9broussailleuses Honda 4- temps d\u00e9marrent facilement dans n&rsquo;importe quelle position (360\u00b0).<\/p>\n<p><strong>Pleine performance &#8211; r\u00e9elle puissance moteur :<\/strong><br \/>\nLa d\u00e9broussailleuse Honda 4-temps dispose d&rsquo;une acc\u00e9l\u00e9ration tr\u00e8s nerveuse.<\/p>\n<p>&nbsp;<\/p>\n<p><img loading=\"lazy\" decoding=\"async\" class=\"alignright wp-image-119\" src=\"https:\/\/www.sarlbml.fr\/sarlbml\/wp-content\/uploads\/2015\/05\/demoh05p40_1.jpg\" alt=\"demoh05p40_1\" width=\"150\" height=\"130\" srcset=\"https:\/\/www.sarlbml.fr\/sarlbml\/wp-content\/uploads\/2015\/05\/demoh05p40_1.jpg 300w, https:\/\/www.sarlbml.fr\/sarlbml\/wp-content\/uploads\/2015\/05\/demoh05p40_1-174x150.jpg 174w, https:\/\/www.sarlbml.fr\/sarlbml\/wp-content\/uploads\/2015\/05\/demoh05p40_1-150x130.jpg 150w\" sizes=\"auto, (max-width: 150px) 100vw, 150px\" \/><strong>Mieux travailler sans odeurs d\u00e9sagr\u00e9ables :<\/strong><br \/>\nLes d\u00e9broussailleuses Honda 4-temps ne produisent pas d&rsquo;odeur p\u00e9n\u00e9trante et d\u00e9sagr\u00e9able due au m\u00e9lange d&rsquo;huile + essence typique des moteurs 2-temps.<\/p>\n<p><strong>Contribution \u00e0 notre environnement &#8211; importantes r\u00e9ductions des \u00e9missions nocives :<\/strong><br \/>\nLes d\u00e9broussailleuses Honda 4-temps d\u00e9gagent beaucoup moins d&rsquo;\u00e9missions nocives et fum\u00e9es dues \u00e0 la combustion du m\u00e9lange huile + essence. C&rsquo;est votre contribution \u00e0 un environnement plus propre.<\/p>\n<p><img loading=\"lazy\" decoding=\"async\" class=\" wp-image-120 alignleft\" src=\"https:\/\/www.sarlbml.fr\/sarlbml\/wp-content\/uploads\/2015\/05\/demoh05p40_2.jpg\" alt=\"demoh05p40_2\" width=\"250\" height=\"146\" srcset=\"https:\/\/www.sarlbml.fr\/sarlbml\/wp-content\/uploads\/2015\/05\/demoh05p40_2.jpg 500w, https:\/\/www.sarlbml.fr\/sarlbml\/wp-content\/uploads\/2015\/05\/demoh05p40_2-300x175.jpg 300w, https:\/\/www.sarlbml.fr\/sarlbml\/wp-content\/uploads\/2015\/05\/demoh05p40_2-250x146.jpg 250w, https:\/\/www.sarlbml.fr\/sarlbml\/wp-content\/uploads\/2015\/05\/demoh05p40_2-150x88.jpg 150w\" sizes=\"auto, (max-width: 250px) 100vw, 250px\" \/><strong>Peu de bruit &#8211; le vacarme c&rsquo;est exclu !!!<\/strong><br \/>\nLe niveau sonore est nettement moindre que celui des moteurs 2-temps et sa perception est plus agr\u00e9able. Vous travaillerez dans une agr\u00e9able tranquillit\u00e9.<\/p>\n<p><strong>Economiques :<\/strong><br \/>\nLes d\u00e9broussailleuses Honda 4-temps consomment jusqu&rsquo;\u00e0 50 % d&rsquo;essence et 80 % d&rsquo;huile en moins par rapport aux machines 2-temps. Le fastidieux m\u00e9lange d&rsquo;huile et d&rsquo;essence n&rsquo;est plus n\u00e9cessaire.<\/p>\n<p><img loading=\"lazy\" decoding=\"async\" class=\" size-full wp-image-122 alignright\" src=\"https:\/\/www.sarlbml.fr\/sarlbml\/wp-content\/uploads\/2015\/05\/en-tete_debrou4t.jpg\" alt=\"en-tete_debrou4t\" width=\"123\" height=\"100\"><strong>Meilleures dans l&#8217;emploi, car moins de vibrations :<\/strong><br \/>\nGr\u00e2ce aux vibrations r\u00e9duites la machine tient mieux en main. Ainsi le travail est moins fatiguant.<\/p>\n","protected":false},"excerpt":{"rendered":"<p>Commencer \u00e0 travailler sans fatigue avec un d\u00e9marrage tr\u00e8s facile : Moteur froid ou chaud, les d\u00e9broussailleuses Honda 4- temps d\u00e9marrent facilement dans n&rsquo;importe quelle position (360\u00b0). Pleine performance &#8211; r\u00e9elle puissance moteur : La d\u00e9broussailleuse Honda 4-temps dispose d&rsquo;une acc\u00e9l\u00e9ration tr\u00e8s nerveuse. &nbsp; Mieux travailler sans odeurs d\u00e9sagr\u00e9ables :\u2026<\/p>\n<p> <a class=\"continue-reading-link\" href=\"https:\/\/www.sarlbml.fr\/sarlbml\/guides\/pourquoi-choisir-les-debroussailleuses-portees-honda\/les-debroussailleuses-portees-4-temps\/\"><span>Lire la suite<\/span><i class=\"crycon-right-dir\"><\/i><\/a> <\/p>\n","protected":false},"author":1,"featured_media":0,"parent":552,"menu_order":1,"comment_status":"closed","ping_status":"open","template":"","meta":{"footnotes":""},"class_list":["post-118","page","type-page","status-publish","hentry"],"_links":{"self":[{"href":"https:\/\/www.sarlbml.fr\/sarlbml\/wp-json\/wp\/v2\/pages\/118","targetHints":{"allow":["GET"]}}],"collection":[{"href":"https:\/\/www.sarlbml.fr\/sarlbml\/wp-json\/wp\/v2\/pages"}],"about":[{"href":"https:\/\/www.sarlbml.fr\/sarlbml\/wp-json\/wp\/v2\/types\/page"}],"author":[{"embeddable":true,"href":"https:\/\/www.sarlbml.fr\/sarlbml\/wp-json\/wp\/v2\/users\/1"}],"replies":[{"embeddable":true,"href":"https:\/\/www.sarlbml.fr\/sarlbml\/wp-json\/wp\/v2\/comments?post=118"}],"version-history":[{"count":5,"href":"https:\/\/www.sarlbml.fr\/sarlbml\/wp-json\/wp\/v2\/pages\/118\/revisions"}],"predecessor-version":[{"id":1604,"href":"https:\/\/www.sarlbml.fr\/sarlbml\/wp-json\/wp\/v2\/pages\/118\/revisions\/1604"}],"up":[{"embeddable":true,"href":"https:\/\/www.sarlbml.fr\/sarlbml\/wp-json\/wp\/v2\/pages\/552"}],"wp:attachment":[{"href":"https:\/\/www.sarlbml.fr\/sarlbml\/wp-json\/wp\/v2\/media?parent=118"}],"curies":[{"name":"wp","href":"https:\/\/api.w.org\/{rel}","templated":true}]}}