{"id":112,"date":"2015-05-26T17:18:50","date_gmt":"2015-05-26T16:18:50","guid":{"rendered":"http:\/\/sarlbmlfzd.cluster011.ovh.net\/sarlbml\/?page_id=112"},"modified":"2019-02-12T16:55:05","modified_gmt":"2019-02-12T15:55:05","slug":"polyvalence","status":"publish","type":"page","link":"https:\/\/www.sarlbml.fr\/sarlbml\/guides\/les-accessoires-pour-motoculteurs-honda\/polyvalence\/","title":{"rendered":"Polyvalence"},"content":{"rendered":"<p><strong>Un motoculteur polyvalent&nbsp; <\/strong><\/p>\n<p>Les motoculteurs Honda sont polyvalents gr\u00e2ce \u00e0 la vari\u00e9t\u00e9 de leurs accessoires. Les dispositifs de montage \u00e0 l&rsquo;avant et \u00e0 l&rsquo;arri\u00e8re sont pr\u00e9vus pour tous types d&rsquo;\u00e9quipements. Retrouvez toute la gamme de motoculteur Honda dans le catalogue.<\/p>\n<p><img loading=\"lazy\" decoding=\"async\" class=\" size-full wp-image-115 alignleft\" src=\"https:\/\/www.sarlbml.fr\/sarlbml\/wp-content\/uploads\/2015\/05\/demoh05p60_4.jpg\" alt=\"demoh05p60_4\" width=\"200\" height=\"140\" srcset=\"https:\/\/www.sarlbml.fr\/sarlbml\/wp-content\/uploads\/2015\/05\/demoh05p60_4.jpg 200w, https:\/\/www.sarlbml.fr\/sarlbml\/wp-content\/uploads\/2015\/05\/demoh05p60_4-150x105.jpg 150w\" sizes=\"auto, (max-width: 200px) 100vw, 200px\" \/><strong>La fraise<\/strong> arri\u00e8re est un outil attel\u00e9 au motoculteur muni de roues (les m\u00eames pour le labour). Sa vitesse \u00e9lev\u00e9e de rotation permet d&rsquo;obtenir un travail tr\u00e8s fin de la terre.<\/p>\n<p><strong>L&rsquo;outil rotatif standard ou fraise<\/strong> est polyvalent. Suivant la largeur d\u00e9sir\u00e9e et le type de cellule motrice, on adapte de 4 \u00e0 8 \u00e9toiles comprenant chacune 4 couteaux.<\/p>\n<p>L&rsquo;assemblage des \u00e9toiles peut se terminer, \u00e0 chaque extr\u00e9mit\u00e9, par un disque prot\u00e8ge-plantes qui pourra \u00eatre retir\u00e9 pour travailler en profondeur. En terrain normal, cet outil permet de b\u00eacher, de biner ou de sarcler.<\/p>\n<p><img loading=\"lazy\" decoding=\"async\" class=\" size-full wp-image-114 alignleft\" src=\"https:\/\/www.sarlbml.fr\/sarlbml\/wp-content\/uploads\/2015\/05\/demoh05p60_3.jpg\" alt=\"demoh05p60_3\" width=\"200\" height=\"141\" srcset=\"https:\/\/www.sarlbml.fr\/sarlbml\/wp-content\/uploads\/2015\/05\/demoh05p60_3.jpg 200w, https:\/\/www.sarlbml.fr\/sarlbml\/wp-content\/uploads\/2015\/05\/demoh05p60_3-150x106.jpg 150w\" sizes=\"auto, (max-width: 200px) 100vw, 200px\" \/><strong>L&rsquo;outil rotatif labour<\/strong> : la cambrure de ses couteaux lui permet d&rsquo;attaquer franchement la terre ; on adapte 4 ou 6 \u00e9toiles de 4 couteaux suivant les cas. Cet outil permet d&rsquo;effectuer un travail de b\u00eachage correspondant \u00e0 un v\u00e9ritable labour m\u00eame lorsque le terrain est gras, dur ou herbeux.<\/p>\n<p><strong>L&rsquo;outil rotatif mara\u00eecher<\/strong> utilise des couteaux \u00e0 la courbure tr\u00e8s prononc\u00e9e pour couper les racines. Ils sont group\u00e9s par 6 sur couronnes doubles. L&rsquo;outil est \u00e9quip\u00e9 de disques prot\u00e8ge-plantes qui, limitent la profondeur du travail.<\/p>\n<p><strong>Le butteur<\/strong> est un soc muni de deux \u00ab\u00a0ailes\u00a0\u00bb dont l&rsquo;\u00e9cartement peut-\u00eatre ajustable suivant l&rsquo;espacement des rang\u00e9es de plantes. En passant entre ces rang\u00e9es, le butteur fait un sillon et rejette la terre de chaque c\u00f4t\u00e9 au pied des plantes.<\/p>\n<p><img loading=\"lazy\" decoding=\"async\" class=\" size-full wp-image-113 alignleft\" src=\"https:\/\/www.sarlbml.fr\/sarlbml\/wp-content\/uploads\/2015\/05\/demoh05p60_2.jpg\" alt=\"demoh05p60_2\" width=\"200\" height=\"143\" srcset=\"https:\/\/www.sarlbml.fr\/sarlbml\/wp-content\/uploads\/2015\/05\/demoh05p60_2.jpg 200w, https:\/\/www.sarlbml.fr\/sarlbml\/wp-content\/uploads\/2015\/05\/demoh05p60_2-150x107.jpg 150w\" sizes=\"auto, (max-width: 200px) 100vw, 200px\" \/><strong>Le scarificateur<\/strong> permet d&rsquo;a\u00e9rer le gazon afin d&rsquo;assurer \u00e0 la pelouse une croissance saine. Conseil d&rsquo;utilisation : il faut travailler l&rsquo;ensemble de la surface deux fois, dans des sens crois\u00e9s.<\/p>\n<p><strong>La charrue<\/strong> est un outil de labour.<\/p>\n","protected":false},"excerpt":{"rendered":"<p>Un motoculteur polyvalent&nbsp; Les motoculteurs Honda sont polyvalents gr\u00e2ce \u00e0 la vari\u00e9t\u00e9 de leurs accessoires. Les dispositifs de montage \u00e0 l&rsquo;avant et \u00e0 l&rsquo;arri\u00e8re sont pr\u00e9vus pour tous types d&rsquo;\u00e9quipements. Retrouvez toute la gamme de motoculteur Honda dans le catalogue. La fraise arri\u00e8re est un outil attel\u00e9 au motoculteur muni\u2026<\/p>\n<p> <a class=\"continue-reading-link\" href=\"https:\/\/www.sarlbml.fr\/sarlbml\/guides\/les-accessoires-pour-motoculteurs-honda\/polyvalence\/\"><span>Lire la suite<\/span><i class=\"crycon-right-dir\"><\/i><\/a> <\/p>\n","protected":false},"author":1,"featured_media":0,"parent":550,"menu_order":2,"comment_status":"closed","ping_status":"open","template":"","meta":{"footnotes":""},"class_list":["post-112","page","type-page","status-publish","hentry"],"_links":{"self":[{"href":"https:\/\/www.sarlbml.fr\/sarlbml\/wp-json\/wp\/v2\/pages\/112","targetHints":{"allow":["GET"]}}],"collection":[{"href":"https:\/\/www.sarlbml.fr\/sarlbml\/wp-json\/wp\/v2\/pages"}],"about":[{"href":"https:\/\/www.sarlbml.fr\/sarlbml\/wp-json\/wp\/v2\/types\/page"}],"author":[{"embeddable":true,"href":"https:\/\/www.sarlbml.fr\/sarlbml\/wp-json\/wp\/v2\/users\/1"}],"replies":[{"embeddable":true,"href":"https:\/\/www.sarlbml.fr\/sarlbml\/wp-json\/wp\/v2\/comments?post=112"}],"version-history":[{"count":3,"href":"https:\/\/www.sarlbml.fr\/sarlbml\/wp-json\/wp\/v2\/pages\/112\/revisions"}],"predecessor-version":[{"id":1608,"href":"https:\/\/www.sarlbml.fr\/sarlbml\/wp-json\/wp\/v2\/pages\/112\/revisions\/1608"}],"up":[{"embeddable":true,"href":"https:\/\/www.sarlbml.fr\/sarlbml\/wp-json\/wp\/v2\/pages\/550"}],"wp:attachment":[{"href":"https:\/\/www.sarlbml.fr\/sarlbml\/wp-json\/wp\/v2\/media?parent=112"}],"curies":[{"name":"wp","href":"https:\/\/api.w.org\/{rel}","templated":true}]}}