{"id":107,"date":"2015-05-26T17:14:49","date_gmt":"2015-05-26T16:14:49","guid":{"rendered":"http:\/\/sarlbmlfzd.cluster011.ovh.net\/sarlbml\/?page_id=107"},"modified":"2019-02-12T16:54:21","modified_gmt":"2019-02-12T15:54:21","slug":"a-chaque-travail-son-outil","status":"publish","type":"page","link":"https:\/\/www.sarlbml.fr\/sarlbml\/guides\/les-accessoires-pour-motoculteurs-honda\/a-chaque-travail-son-outil\/","title":{"rendered":"A chaque travail, son outil"},"content":{"rendered":"<p><img loading=\"lazy\" decoding=\"async\" class=\" size-full wp-image-108 alignleft\" src=\"https:\/\/www.sarlbml.fr\/sarlbml\/wp-content\/uploads\/2015\/05\/demohp63_3.jpg\" alt=\"demohp63_3\" width=\"200\" height=\"250\" srcset=\"https:\/\/www.sarlbml.fr\/sarlbml\/wp-content\/uploads\/2015\/05\/demohp63_3.jpg 200w, https:\/\/www.sarlbml.fr\/sarlbml\/wp-content\/uploads\/2015\/05\/demohp63_3-120x150.jpg 120w\" sizes=\"auto, (max-width: 200px) 100vw, 200px\" \/><\/p>\n<p><strong>Outils de fraisage<\/strong><\/p>\n<p>De robustes fraises de largeurs diverses pr\u00e9parent le jardin \u00e0 l&rsquo;ensemencement.<\/p>\n<p>&nbsp;<\/p>\n<p>&nbsp;<\/p>\n<p>&nbsp;<\/p>\n<hr>\n<p><img loading=\"lazy\" decoding=\"async\" class=\" size-full wp-image-109 alignleft\" src=\"https:\/\/www.sarlbml.fr\/sarlbml\/wp-content\/uploads\/2015\/05\/demohp63_4.jpg\" alt=\"demohp63_4\" width=\"200\" height=\"250\" srcset=\"https:\/\/www.sarlbml.fr\/sarlbml\/wp-content\/uploads\/2015\/05\/demohp63_4.jpg 200w, https:\/\/www.sarlbml.fr\/sarlbml\/wp-content\/uploads\/2015\/05\/demohp63_4-120x150.jpg 120w\" sizes=\"auto, (max-width: 200px) 100vw, 200px\" \/><\/p>\n<p><strong>Equipement de labour<\/strong><\/p>\n<p>Des charrues sp\u00e9ciales rendent le terrain cultivable et permettent l&rsquo;apport d&rsquo;engrais. Des pneumatique \u00e0 profil haut avec des masses de roue additionnelles permettent une impressionnante force de traction.<\/p>\n","protected":false},"excerpt":{"rendered":"<p>Outils de fraisage De robustes fraises de largeurs diverses pr\u00e9parent le jardin \u00e0 l&rsquo;ensemencement. &nbsp; &nbsp; &nbsp; Equipement de labour Des charrues sp\u00e9ciales rendent le terrain cultivable et permettent l&rsquo;apport d&rsquo;engrais. Des pneumatique \u00e0 profil haut avec des masses de roue additionnelles permettent une impressionnante force de traction.<\/p>\n<p> <a class=\"continue-reading-link\" href=\"https:\/\/www.sarlbml.fr\/sarlbml\/guides\/les-accessoires-pour-motoculteurs-honda\/a-chaque-travail-son-outil\/\"><span>Lire la suite<\/span><i class=\"crycon-right-dir\"><\/i><\/a> <\/p>\n","protected":false},"author":1,"featured_media":0,"parent":550,"menu_order":1,"comment_status":"closed","ping_status":"open","template":"","meta":{"footnotes":""},"class_list":["post-107","page","type-page","status-publish","hentry"],"_links":{"self":[{"href":"https:\/\/www.sarlbml.fr\/sarlbml\/wp-json\/wp\/v2\/pages\/107","targetHints":{"allow":["GET"]}}],"collection":[{"href":"https:\/\/www.sarlbml.fr\/sarlbml\/wp-json\/wp\/v2\/pages"}],"about":[{"href":"https:\/\/www.sarlbml.fr\/sarlbml\/wp-json\/wp\/v2\/types\/page"}],"author":[{"embeddable":true,"href":"https:\/\/www.sarlbml.fr\/sarlbml\/wp-json\/wp\/v2\/users\/1"}],"replies":[{"embeddable":true,"href":"https:\/\/www.sarlbml.fr\/sarlbml\/wp-json\/wp\/v2\/comments?post=107"}],"version-history":[{"count":3,"href":"https:\/\/www.sarlbml.fr\/sarlbml\/wp-json\/wp\/v2\/pages\/107\/revisions"}],"predecessor-version":[{"id":1607,"href":"https:\/\/www.sarlbml.fr\/sarlbml\/wp-json\/wp\/v2\/pages\/107\/revisions\/1607"}],"up":[{"embeddable":true,"href":"https:\/\/www.sarlbml.fr\/sarlbml\/wp-json\/wp\/v2\/pages\/550"}],"wp:attachment":[{"href":"https:\/\/www.sarlbml.fr\/sarlbml\/wp-json\/wp\/v2\/media?parent=107"}],"curies":[{"name":"wp","href":"https:\/\/api.w.org\/{rel}","templated":true}]}}