{"id":1046,"date":"2015-06-13T15:31:02","date_gmt":"2015-06-13T14:31:02","guid":{"rendered":"http:\/\/www.sarlbml.fr\/sarlbml\/?page_id=1046"},"modified":"2019-03-04T18:11:07","modified_gmt":"2019-03-04T17:11:07","slug":"sav-pieces-detachees","status":"publish","type":"page","link":"https:\/\/www.sarlbml.fr\/sarlbml\/sav-pieces-detachees\/","title":{"rendered":"SAV"},"content":{"rendered":"<p>Bouchaud Motoculture loisirs vous propose un large panel de pi\u00e8ces d\u00e9tach\u00e9es, quelque soit la marque de votre machine. Nous proposons aussi tout un ensemble de forfaits pour l&rsquo;entretien et le d\u00e9pannage de vos machines (entretien saisonnier, aff\u00fbtage de lames&#8230;). <a href=\"https:\/\/www.sarlbml.fr\/sarlbml\/contact\/\">Contactez-nous !<\/a><\/p>\n<p><img loading=\"lazy\" decoding=\"async\" class=\"aligncenter size-full wp-image-1048\" src=\"https:\/\/www.sarlbml.fr\/sarlbml\/wp-content\/uploads\/2015\/06\/multi-logos_SAV.png\" alt=\"multi-logos_SAV\" width=\"600\" height=\"400\" srcset=\"https:\/\/www.sarlbml.fr\/sarlbml\/wp-content\/uploads\/2015\/06\/multi-logos_SAV.png 600w, https:\/\/www.sarlbml.fr\/sarlbml\/wp-content\/uploads\/2015\/06\/multi-logos_SAV-300x200.png 300w, https:\/\/www.sarlbml.fr\/sarlbml\/wp-content\/uploads\/2015\/06\/multi-logos_SAV-225x150.png 225w, https:\/\/www.sarlbml.fr\/sarlbml\/wp-content\/uploads\/2015\/06\/multi-logos_SAV-150x100.png 150w\" sizes=\"auto, (max-width: 600px) 100vw, 600px\" \/><\/p>\n","protected":false},"excerpt":{"rendered":"<p>Bouchaud Motoculture loisirs vous propose un large panel de pi\u00e8ces d\u00e9tach\u00e9es, quelque soit la marque de votre machine. Nous proposons aussi tout un ensemble de forfaits pour l&rsquo;entretien et le d\u00e9pannage de vos machines (entretien saisonnier, aff\u00fbtage de lames&#8230;). Contactez-nous !<\/p>\n<p> <a class=\"continue-reading-link\" href=\"https:\/\/www.sarlbml.fr\/sarlbml\/sav-pieces-detachees\/\"><span>Lire la suite<\/span><i class=\"crycon-right-dir\"><\/i><\/a> <\/p>\n","protected":false},"author":1,"featured_media":0,"parent":0,"menu_order":6,"comment_status":"closed","ping_status":"open","template":"","meta":{"footnotes":""},"class_list":["post-1046","page","type-page","status-publish","hentry"],"_links":{"self":[{"href":"https:\/\/www.sarlbml.fr\/sarlbml\/wp-json\/wp\/v2\/pages\/1046","targetHints":{"allow":["GET"]}}],"collection":[{"href":"https:\/\/www.sarlbml.fr\/sarlbml\/wp-json\/wp\/v2\/pages"}],"about":[{"href":"https:\/\/www.sarlbml.fr\/sarlbml\/wp-json\/wp\/v2\/types\/page"}],"author":[{"embeddable":true,"href":"https:\/\/www.sarlbml.fr\/sarlbml\/wp-json\/wp\/v2\/users\/1"}],"replies":[{"embeddable":true,"href":"https:\/\/www.sarlbml.fr\/sarlbml\/wp-json\/wp\/v2\/comments?post=1046"}],"version-history":[{"count":6,"href":"https:\/\/www.sarlbml.fr\/sarlbml\/wp-json\/wp\/v2\/pages\/1046\/revisions"}],"predecessor-version":[{"id":1969,"href":"https:\/\/www.sarlbml.fr\/sarlbml\/wp-json\/wp\/v2\/pages\/1046\/revisions\/1969"}],"wp:attachment":[{"href":"https:\/\/www.sarlbml.fr\/sarlbml\/wp-json\/wp\/v2\/media?parent=1046"}],"curies":[{"name":"wp","href":"https:\/\/api.w.org\/{rel}","templated":true}]}}