{"id":102,"date":"2015-05-26T17:03:09","date_gmt":"2015-05-26T16:03:09","guid":{"rendered":"http:\/\/sarlbmlfzd.cluster011.ovh.net\/sarlbml\/?page_id=102"},"modified":"2019-02-12T16:50:30","modified_gmt":"2019-02-12T15:50:30","slug":"stihl-motomix-150","status":"publish","type":"page","link":"https:\/\/www.sarlbml.fr\/sarlbml\/guides\/le-savoir-faire-stihl\/stihl-motomix-150\/","title":{"rendered":"Stihl MotoMix 1:50"},"content":{"rendered":"<p><img loading=\"lazy\" decoding=\"async\" class=\" size-full wp-image-103 alignleft\" src=\"https:\/\/www.sarlbml.fr\/sarlbml\/wp-content\/uploads\/2015\/05\/motomix_stihl.jpg\" alt=\"motomix_stihl\" width=\"170\" height=\"101\" srcset=\"https:\/\/www.sarlbml.fr\/sarlbml\/wp-content\/uploads\/2015\/05\/motomix_stihl.jpg 170w, https:\/\/www.sarlbml.fr\/sarlbml\/wp-content\/uploads\/2015\/05\/motomix_stihl-150x89.jpg 150w\" sizes=\"auto, (max-width: 170px) 100vw, 170px\" \/>Le carburant pr\u00eat \u00e0 l&#8217;emploi qui optimise votre moteur 4-MIX ou votre moteur 2 temps, et qui se conserve d&rsquo;une saison \u00e0 l&rsquo;autre.<\/p>\n<p>1. Augmentation des performances et augmentation de la long\u00e9vit\u00e9 moteur.<br \/>\n2. Pas de risque d&rsquo;erreur de dosage.<br \/>\n3. Qualit\u00e9 stable du m\u00e9lange garantie 3 ans.<br \/>\n4. Moins d&rsquo;\u00e9l\u00e9ments polluants. Respect de l&rsquo;environnement.<br \/>\n5. M\u00e9lange largement exempt de mati\u00e8res canc\u00e9rig\u00e8nes (-70% par rapport au sans plomb 95 classique) .<br \/>\n6. M\u00e9lange pratiquement inodore.<\/p>\n<p>M\u00e9lange pr\u00eat \u00e0 l&#8217;emploi STIHL MotoMix 1:50 pour les moteurs utilisant un m\u00e9lange essence\/huile. Pour tous les moteurs \u00e0 deux temps STIHL ainsi que pour les moteurs STIHL 4-MIX. Indice d&rsquo;octane \u00e9lev\u00e9, r\u00e9duction du taux d&rsquo;ol\u00e9fines, tr\u00e8s faible teneur en soufre, faible tension de vapeur. La qualit\u00e9 est constante m\u00eame en cas de stockage prolong\u00e9 parce qu&rsquo;il n&rsquo;y a pas d&rsquo;alt\u00e9ration du m\u00e9lange. Les carburants sont \u00e0 base de composants non toxiques.<\/p>\n<p>L&rsquo;huile enti\u00e8rement synth\u00e9tique contenue dans le m\u00e9lange (HT PlusBio) est biod\u00e9gradable. MotoMix 1:50 est exempt de benz\u00e8ne et d&rsquo;aromates canc\u00e9rig\u00e8nes. C&rsquo;est particuli\u00e8rement important lors d&rsquo;efforts physiques \u00e0 proximit\u00e9s de moteurs \u00e0 combustion.<\/p>\n","protected":false},"excerpt":{"rendered":"<p>Le carburant pr\u00eat \u00e0 l&#8217;emploi qui optimise votre moteur 4-MIX ou votre moteur 2 temps, et qui se conserve d&rsquo;une saison \u00e0 l&rsquo;autre. 1. Augmentation des performances et augmentation de la long\u00e9vit\u00e9 moteur. 2. Pas de risque d&rsquo;erreur de dosage. 3. Qualit\u00e9 stable du m\u00e9lange garantie 3 ans. 4. Moins\u2026<\/p>\n<p> <a class=\"continue-reading-link\" href=\"https:\/\/www.sarlbml.fr\/sarlbml\/guides\/le-savoir-faire-stihl\/stihl-motomix-150\/\"><span>Lire la suite<\/span><i class=\"crycon-right-dir\"><\/i><\/a> <\/p>\n","protected":false},"author":1,"featured_media":0,"parent":548,"menu_order":2,"comment_status":"closed","ping_status":"open","template":"","meta":{"footnotes":""},"class_list":["post-102","page","type-page","status-publish","hentry"],"_links":{"self":[{"href":"https:\/\/www.sarlbml.fr\/sarlbml\/wp-json\/wp\/v2\/pages\/102","targetHints":{"allow":["GET"]}}],"collection":[{"href":"https:\/\/www.sarlbml.fr\/sarlbml\/wp-json\/wp\/v2\/pages"}],"about":[{"href":"https:\/\/www.sarlbml.fr\/sarlbml\/wp-json\/wp\/v2\/types\/page"}],"author":[{"embeddable":true,"href":"https:\/\/www.sarlbml.fr\/sarlbml\/wp-json\/wp\/v2\/users\/1"}],"replies":[{"embeddable":true,"href":"https:\/\/www.sarlbml.fr\/sarlbml\/wp-json\/wp\/v2\/comments?post=102"}],"version-history":[{"count":3,"href":"https:\/\/www.sarlbml.fr\/sarlbml\/wp-json\/wp\/v2\/pages\/102\/revisions"}],"predecessor-version":[{"id":1602,"href":"https:\/\/www.sarlbml.fr\/sarlbml\/wp-json\/wp\/v2\/pages\/102\/revisions\/1602"}],"up":[{"embeddable":true,"href":"https:\/\/www.sarlbml.fr\/sarlbml\/wp-json\/wp\/v2\/pages\/548"}],"wp:attachment":[{"href":"https:\/\/www.sarlbml.fr\/sarlbml\/wp-json\/wp\/v2\/media?parent=102"}],"curies":[{"name":"wp","href":"https:\/\/api.w.org\/{rel}","templated":true}]}}