{"id":1019,"date":"2015-06-06T18:31:16","date_gmt":"2015-06-06T17:31:16","guid":{"rendered":"http:\/\/www.sarlbml.fr\/sarlbml\/?page_id=1019"},"modified":"2019-02-12T18:09:25","modified_gmt":"2019-02-12T17:09:25","slug":"tondeuses-robots-honda","status":"publish","type":"page","link":"https:\/\/www.sarlbml.fr\/sarlbml\/catalogue\/catalogue-honda\/tondeuses-robots-honda\/","title":{"rendered":"Tondeuses robots Honda"},"content":{"rendered":"<p><img loading=\"lazy\" decoding=\"async\" class=\"alignleft size-full wp-image-1020\" src=\"https:\/\/www.sarlbml.fr\/sarlbml\/wp-content\/uploads\/2015\/06\/miimo520.png\" alt=\"miimo520\" width=\"200\" height=\"200\" srcset=\"https:\/\/www.sarlbml.fr\/sarlbml\/wp-content\/uploads\/2015\/06\/miimo520.png 200w, https:\/\/www.sarlbml.fr\/sarlbml\/wp-content\/uploads\/2015\/06\/miimo520-100x100.png 100w, https:\/\/www.sarlbml.fr\/sarlbml\/wp-content\/uploads\/2015\/06\/miimo520-150x150.png 150w\" sizes=\"auto, (max-width: 200px) 100vw, 200px\" \/><\/p>\n<p><strong>Le dernier n\u00e9 de la technologie Honda\u2026<\/strong><\/p>\n<p>Fruit de l\u2019expertise robotique Honda, les tondeuses robot Miimo deviennent votre meilleur alli\u00e9 pour un entretien impeccable de votre pelouse, sans aucun effort. Profitez de votre jardin, sans contrainte!<\/p>\n<p>Miimo est perfectionniste. Il tond votre gazon \u00e0 votre guise, au moment souhait\u00e9 et sans aucune intervention de votre part. Il travaille volontiers sous la pluie. Il est assez silencieux pour fonctionner la nuit. Il vous laisse une pelouse impeccablement tondue sans aucun r\u00e9sidu d&rsquo;herbe visible. Il se recharge tout seul et reprend son travail pendant que vous vaquez \u00e0 d\u2019autres occupations plus int\u00e9ressantes.<\/p>\n<hr>\n<p><iframe loading=\"lazy\" src=\"https:\/\/www.youtube.com\/embed\/wJiaSEqS5CM\" width=\"560\" height=\"315\" frameborder=\"0\" allowfullscreen=\"allowfullscreen\"><\/iframe><\/p>\n<hr>\n<p><strong>Il est fiable<\/strong><\/p>\n<p>Miimo dispose d\u2019un signal num\u00e9rique brevet\u00e9 Honda : aucun risque d\u2019interf\u00e9rence avec d\u2019autres appareils \u00e9lectroniques environnants<\/p>\n<hr>\n<p><strong>Il est simple d\u2019utilisation<\/strong><\/p>\n<p>Miimo poss\u00e8de un assistant d\u2019installation intuitif pour une programmation rapide : 4 \u00e9tapes en seulement 2 minutes !&nbsp;Pas de pr\u00e9occupation pour l\u2019installation, Miimo s\u2019adapte \u00e0 chaque style de vie !<\/p>\n<hr>\n<p><img loading=\"lazy\" decoding=\"async\" class=\"alignright size-full wp-image-1027\" src=\"https:\/\/www.sarlbml.fr\/sarlbml\/wp-content\/uploads\/2015\/06\/quiet.jpg\" alt=\"quiet\" width=\"189\" height=\"136\" srcset=\"https:\/\/www.sarlbml.fr\/sarlbml\/wp-content\/uploads\/2015\/06\/quiet.jpg 189w, https:\/\/www.sarlbml.fr\/sarlbml\/wp-content\/uploads\/2015\/06\/quiet-150x108.jpg 150w\" sizes=\"auto, (max-width: 189px) 100vw, 189px\" \/><strong>Il est silencieux<\/strong><\/p>\n<p>Miimo respectera votre environnement sonore gr\u00e2ce \u00e0 son fonctionnement enti\u00e8rement \u00e9lectrique et est totalement discret le jour. Son mode silencieux lui permettra m\u00eame la tonte de nuit et ne d\u00e9rangera pas vos voisins.<\/p>\n<hr>\n<p><strong>Il tond le gazon o\u00f9 et quand vous le voulez<\/strong><\/p>\n<p><img loading=\"lazy\" decoding=\"async\" class=\"alignleft size-full wp-image-1026\" src=\"https:\/\/www.sarlbml.fr\/sarlbml\/wp-content\/uploads\/2015\/06\/pre-set.jpg\" alt=\"pre-set\" width=\"189\" height=\"136\" srcset=\"https:\/\/www.sarlbml.fr\/sarlbml\/wp-content\/uploads\/2015\/06\/pre-set.jpg 189w, https:\/\/www.sarlbml.fr\/sarlbml\/wp-content\/uploads\/2015\/06\/pre-set-150x108.jpg 150w\" sizes=\"auto, (max-width: 189px) 100vw, 189px\" \/>Quelles que soient la surface et la forme de votre jardin, vous obtenez toujours une coupe r\u00e9guli\u00e8re en programmant Miimo pour travailler jusqu\u2019\u00e0 cinq zones sur votre terrain. Son horloge de programmation vous permet de choisir quand il doit commencer et s\u2019arr\u00eater de tondre.<\/p>\n<hr>\n<p><strong><img loading=\"lazy\" decoding=\"async\" class=\"alignright size-full wp-image-1028\" src=\"https:\/\/www.sarlbml.fr\/sarlbml\/wp-content\/uploads\/2015\/06\/rain-proof.jpg\" alt=\"rain-proof\" width=\"189\" height=\"136\" srcset=\"https:\/\/www.sarlbml.fr\/sarlbml\/wp-content\/uploads\/2015\/06\/rain-proof.jpg 189w, https:\/\/www.sarlbml.fr\/sarlbml\/wp-content\/uploads\/2015\/06\/rain-proof-150x108.jpg 150w\" sizes=\"auto, (max-width: 189px) 100vw, 189px\" \/>Il fonctionne sous la pluie<\/strong><\/p>\n<p>Mimo est dot\u00e9 d&rsquo;une coque parfaitement \u00e9tanche qui lui permet de tondre m\u00eame les jours de pluie. Vous pouvez donc le laisser dehors durant toute la saison.<\/p>\n<hr>\n<p><strong><img loading=\"lazy\" decoding=\"async\" class=\"alignleft size-full wp-image-1025\" src=\"https:\/\/www.sarlbml.fr\/sarlbml\/wp-content\/uploads\/2015\/06\/powerful.jpg\" alt=\"powerful\" width=\"189\" height=\"136\" srcset=\"https:\/\/www.sarlbml.fr\/sarlbml\/wp-content\/uploads\/2015\/06\/powerful.jpg 189w, https:\/\/www.sarlbml.fr\/sarlbml\/wp-content\/uploads\/2015\/06\/powerful-150x108.jpg 150w\" sizes=\"auto, (max-width: 189px) 100vw, 189px\" \/>Il est puissant<\/strong><\/p>\n<p>Miimo peut tondre la pelouse partout o\u00f9 vous le souhaitez gr\u00e2ce \u00e0 ses puissants moteurs de 25W sur chaque roue. Il attaque les pentes en maintenant sa trajectoire, gr\u00e2ce \u00e0 son capteur intelligent de direction. Le moteur de 56W de ses lames lui permet de couper de l\u2019herbe \u00e9paisse en un seul passage.<\/p>\n<hr>\n<p><strong><img loading=\"lazy\" decoding=\"async\" class=\"alignleft size-full wp-image-1029\" src=\"https:\/\/www.sarlbml.fr\/sarlbml\/wp-content\/uploads\/2015\/06\/safer-blades.jpg\" alt=\"safer-blades\" width=\"189\" height=\"136\" srcset=\"https:\/\/www.sarlbml.fr\/sarlbml\/wp-content\/uploads\/2015\/06\/safer-blades.jpg 189w, https:\/\/www.sarlbml.fr\/sarlbml\/wp-content\/uploads\/2015\/06\/safer-blades-150x108.jpg 150w\" sizes=\"auto, (max-width: 189px) 100vw, 189px\" \/>Ses lames sont s\u00fbres<\/strong><\/p>\n<p>Les trois lames de coupe r\u00e9tractables de Miimo sont en acier tremp\u00e9 ductile de grande qualit\u00e9. Si Miimo bute sur des objets solides, les lames se courbent mais ne se brisent pas.<\/p>\n<hr>\n<p><strong><img loading=\"lazy\" decoding=\"async\" class=\"alignright size-full wp-image-1024\" src=\"https:\/\/www.sarlbml.fr\/sarlbml\/wp-content\/uploads\/2015\/06\/healthy-lawn.jpg\" alt=\"healthy-lawn\" width=\"189\" height=\"136\" srcset=\"https:\/\/www.sarlbml.fr\/sarlbml\/wp-content\/uploads\/2015\/06\/healthy-lawn.jpg 189w, https:\/\/www.sarlbml.fr\/sarlbml\/wp-content\/uploads\/2015\/06\/healthy-lawn-150x108.jpg 150w\" sizes=\"auto, (max-width: 189px) 100vw, 189px\" \/>Il vous laisse une pelouse impeccablement tondue sans aucun r\u00e9sidu d\u2019herbe visible<\/strong><\/p>\n<p>Miimo broie finement l&rsquo;herbe en se d\u00e9pla\u00e7ant. En r\u00e9partissant les minuscules brins d&rsquo;herbe coup\u00e9s et \u00e9parpill\u00e9s au sol, il aide \u00e0 fertiliser votre pelouse et \u00e0 r\u00e9duire les mauvaises herbes. Cette technique vous permettra d\u2019obtenir une belle pelouse dense et saine.<\/p>\n<hr>\n<p><strong><img loading=\"lazy\" decoding=\"async\" class=\"alignleft size-full wp-image-1032\" src=\"https:\/\/www.sarlbml.fr\/sarlbml\/wp-content\/uploads\/2015\/06\/strong.jpg\" alt=\"strong\" width=\"189\" height=\"136\" srcset=\"https:\/\/www.sarlbml.fr\/sarlbml\/wp-content\/uploads\/2015\/06\/strong.jpg 189w, https:\/\/www.sarlbml.fr\/sarlbml\/wp-content\/uploads\/2015\/06\/strong-150x108.jpg 150w\" sizes=\"auto, (max-width: 189px) 100vw, 189px\" \/>Il est solide<\/strong><\/p>\n<p>Miimo est fabriqu\u00e9 en polym\u00e8re antichoc et anti-\u00e9raflures de haute qualit\u00e9. Sa coque reste en excellent \u00e9tat, m\u00eame \u00e0 l\u2019issue d\u2019une saison de tonte.<\/p>\n<hr>\n<p><strong><img loading=\"lazy\" decoding=\"async\" class=\"alignright size-full wp-image-1022\" src=\"https:\/\/www.sarlbml.fr\/sarlbml\/wp-content\/uploads\/2015\/06\/charges-self.jpg\" alt=\"charges-self\" width=\"189\" height=\"136\" srcset=\"https:\/\/www.sarlbml.fr\/sarlbml\/wp-content\/uploads\/2015\/06\/charges-self.jpg 189w, https:\/\/www.sarlbml.fr\/sarlbml\/wp-content\/uploads\/2015\/06\/charges-self-150x108.jpg 150w\" sizes=\"auto, (max-width: 189px) 100vw, 189px\" \/>Il est auto-rechargeable<\/strong><\/p>\n<p>Miimo est capable de travailler aussi longtemps que vous le voulez. D\u00e8s que ses batteries sont faibles, il retrouve seul le chemin de sa station de charge, se recharge et reprend son travail sans aucun probl\u00e8me.<\/p>\n<hr>\n<p><strong><img loading=\"lazy\" decoding=\"async\" class=\"alignleft size-full wp-image-1023\" src=\"https:\/\/www.sarlbml.fr\/sarlbml\/wp-content\/uploads\/2015\/06\/harder-longer.jpg\" alt=\"harder-longer\" width=\"189\" height=\"136\" srcset=\"https:\/\/www.sarlbml.fr\/sarlbml\/wp-content\/uploads\/2015\/06\/harder-longer.jpg 189w, https:\/\/www.sarlbml.fr\/sarlbml\/wp-content\/uploads\/2015\/06\/harder-longer-150x108.jpg 150w\" sizes=\"auto, (max-width: 189px) 100vw, 189px\" \/>Il travaille mieux et plus longtemps<\/strong><\/p>\n<p>Les batteries lithium-ion de Miimo durent deux fois plus longtemps que les batteries traditionnelles Ni-MH. Elles ont une autonomie de 45 minutes sur le mod\u00e8le 310 et de 90 minutes sur le mod\u00e8le 520.<\/p>\n<hr>\n<p><strong><img loading=\"lazy\" decoding=\"async\" class=\"alignright size-full wp-image-1031\" src=\"https:\/\/www.sarlbml.fr\/sarlbml\/wp-content\/uploads\/2015\/06\/sensitive.jpg\" alt=\"sensitive\" width=\"189\" height=\"136\" srcset=\"https:\/\/www.sarlbml.fr\/sarlbml\/wp-content\/uploads\/2015\/06\/sensitive.jpg 189w, https:\/\/www.sarlbml.fr\/sarlbml\/wp-content\/uploads\/2015\/06\/sensitive-150x108.jpg 150w\" sizes=\"auto, (max-width: 189px) 100vw, 189px\" \/>Il est sensible<\/strong><\/p>\n<p>Miimo peut d\u00e9tecter tout contact sur 360\u00b0 autour de sa coque et s&rsquo;arr\u00eate d\u00e8s qu&rsquo;il bute sur une personne ou un animal de compagnie. De plus, il tond la pelouse tout en douceur et il est suffisamment l\u00e9ger pour ne pas l\u2019\u00e9craser.<\/p>\n<hr>\n<p><strong><img loading=\"lazy\" decoding=\"async\" class=\"alignleft size-full wp-image-1030\" src=\"https:\/\/www.sarlbml.fr\/sarlbml\/wp-content\/uploads\/2015\/06\/secure.jpg\" alt=\"secure\" width=\"189\" height=\"136\" srcset=\"https:\/\/www.sarlbml.fr\/sarlbml\/wp-content\/uploads\/2015\/06\/secure.jpg 189w, https:\/\/www.sarlbml.fr\/sarlbml\/wp-content\/uploads\/2015\/06\/secure-150x108.jpg 150w\" sizes=\"auto, (max-width: 189px) 100vw, 189px\" \/>Il est s\u00e9curis\u00e9<\/strong><\/p>\n<p>Si Miimo est soulev\u00e9, il d\u00e9clenche une alarme et s\u2019arr\u00eate imm\u00e9diatement de fonctionner. Miimo ne reprend la coupe qu\u2019apr\u00e8s la saisie r\u00e9ussie de son code PIN. Ce dernier s\u00e9curise l\u2019acc\u00e8s des donn\u00e9es du robot.<\/p>\n<hr>\n<p><strong><img loading=\"lazy\" decoding=\"async\" class=\"alignright size-full wp-image-1021\" src=\"https:\/\/www.sarlbml.fr\/sarlbml\/wp-content\/uploads\/2015\/06\/authorized-dealer.jpg\" alt=\"authorized-dealer\" width=\"189\" height=\"136\" srcset=\"https:\/\/www.sarlbml.fr\/sarlbml\/wp-content\/uploads\/2015\/06\/authorized-dealer.jpg 189w, https:\/\/www.sarlbml.fr\/sarlbml\/wp-content\/uploads\/2015\/06\/authorized-dealer-150x108.jpg 150w\" sizes=\"auto, (max-width: 189px) 100vw, 189px\" \/>On l&rsquo;installe pour vous<\/strong><\/p>\n<p>Inutile de vous soucier de l&rsquo;installation. Votre distributeur Honda agr\u00e9\u00e9 se d\u00e9place pour vous installer Miimo. Il suffit de lui dire o\u00f9, quand et comment vous voulez que votre pelouse soit tondue et Miimo se conformera \u00e0 vos attentes. Vous n&rsquo;aurez pas \u00e0 lever le petit doigt.<\/p>\n<hr>\n\n<table id=\"tablepress-57\" class=\"tablepress tablepress-id-57 tablepress-responsive tbody-has-connected-cells\">\n<tbody class=\"row-striping\">\n<tr class=\"row-1\">\n\t<td class=\"column-1\"><\/td><td class=\"column-2\"><div class=\"wp-block-image\"><figure class=\"aligncenter\"><img loading=\"lazy\" decoding=\"async\" src=\"https:\/\/www.sarlbml.fr\/sarlbml\/wp-content\/uploads\/2015\/06\/miimo520.png\" alt=\"\" width=\"50\" height=\"50\" class=\"aligncenter size-full wp-image-1020\" srcset=\"https:\/\/www.sarlbml.fr\/sarlbml\/wp-content\/uploads\/2015\/06\/miimo520.png 200w, https:\/\/www.sarlbml.fr\/sarlbml\/wp-content\/uploads\/2015\/06\/miimo520-100x100.png 100w, https:\/\/www.sarlbml.fr\/sarlbml\/wp-content\/uploads\/2015\/06\/miimo520-150x150.png 150w\" sizes=\"auto, (max-width: 50px) 100vw, 50px\" \/><\/figure><\/div><\/td><td class=\"column-3\"><div class=\"wp-block-image\"><figure class=\"aligncenter\"><img loading=\"lazy\" decoding=\"async\" src=\"https:\/\/www.sarlbml.fr\/sarlbml\/wp-content\/uploads\/2015\/06\/miimo520.png\" alt=\"\" width=\"50\" height=\"50\" class=\"aligncenter size-full wp-image-1020\" srcset=\"https:\/\/www.sarlbml.fr\/sarlbml\/wp-content\/uploads\/2015\/06\/miimo520.png 200w, https:\/\/www.sarlbml.fr\/sarlbml\/wp-content\/uploads\/2015\/06\/miimo520-100x100.png 100w, https:\/\/www.sarlbml.fr\/sarlbml\/wp-content\/uploads\/2015\/06\/miimo520-150x150.png 150w\" sizes=\"auto, (max-width: 50px) 100vw, 50px\" \/><\/figure><\/div><\/td>\n<\/tr>\n<tr class=\"row-2\">\n\t<td class=\"column-1\"><strong>Mod\u00e8le<\/strong><\/td><td class=\"column-2\"><p style=\"text-align: center;\"><strong>Miimo 310<\/strong><\/p><\/td><td class=\"column-3\"><p style=\"text-align: center;\"><strong>Miimo 520<\/strong><\/p><\/td>\n<\/tr>\n<tr class=\"row-3\">\n\t<td class=\"column-1\">Surface maximale conseill\u00e9e<\/td><td class=\"column-2\"><p style=\"text-align: center;\">2000 m\u00b2<\/p><\/td><td class=\"column-3\"><p style=\"text-align: center;\">3000 m\u00b2<\/p><\/td>\n<\/tr>\n<tr class=\"row-4\">\n\t<td class=\"column-1\">Sch\u00e9ma de tonte<\/td><td colspan=\"2\" class=\"column-2\"><p style=\"text-align: center;\">Al\u00e9atoire\/Directionnelle\/Mixte\/Spirale\/Coupe bordure<\/p><\/td>\n<\/tr>\n<tr class=\"row-5\">\n\t<td class=\"column-1\">Syst\u00e8me de coupe<\/td><td colspan=\"2\" class=\"column-2\"><p style=\"text-align: center;\">3 lames pivotantes<\/p><\/td>\n<\/tr>\n<tr class=\"row-6\">\n\t<td class=\"column-1\">Largeur de coupe<\/td><td colspan=\"2\" class=\"column-2\"><p style=\"text-align: center;\">220 mm<\/p><\/td>\n<\/tr>\n<tr class=\"row-7\">\n\t<td class=\"column-1\">Hauteur de coupe<\/td><td colspan=\"2\" class=\"column-2\"><p style=\"text-align: center;\">20 \u00e0 60 mm<\/p><\/td>\n<\/tr>\n<tr class=\"row-8\">\n\t<td class=\"column-1\">Puissance des moteurs d'entrainement<\/td><td colspan=\"2\" class=\"column-2\"><p style=\"text-align: center;\">25 W (par roue)<\/p><\/td>\n<\/tr>\n<tr class=\"row-9\">\n\t<td class=\"column-1\">Puissance du moteur des lames<\/td><td colspan=\"2\" class=\"column-2\"><p style=\"text-align: center;\">56 W<\/p><\/td>\n<\/tr>\n<tr class=\"row-10\">\n\t<td class=\"column-1\">Batterie<\/td><td class=\"column-2\"><p style=\"text-align: center;\">Li-ion 22.2v - 1.80Ah<\/p><\/td><td class=\"column-3\"><p style=\"text-align: center;\">Li-ion 22.2v - 3.6Ah<\/p><\/td>\n<\/tr>\n<tr class=\"row-11\">\n\t<td class=\"column-1\">Cycle de fonctionnement<\/td><td class=\"column-2\"><p style=\"text-align: center;\">45 min (tonte) \/ 30 min (charge)<\/p><\/td><td class=\"column-3\"><p style=\"text-align: center;\">90 min (tonte) \/ 60 min (charge)<\/p><\/td>\n<\/tr>\n<tr class=\"row-12\">\n\t<td class=\"column-1\">Niveau sonore<\/td><td colspan=\"2\" class=\"column-2\"><p style=\"text-align: center;\">62 (56.3) db(A)<\/p><\/td>\n<\/tr>\n<tr class=\"row-13\">\n\t<td class=\"column-1\">Fil p\u00e9rim\u00e9trique, cavaliers et jeu de lame fournis<\/td><td class=\"column-2\"><p style=\"text-align: center;\">200 m\/ 200 pces\/ 3 lames<\/p><\/td><td class=\"column-3\"><p style=\"text-align: center;\">300 m\/300 pces\/ 3 lames<\/p><\/td>\n<\/tr>\n<tr class=\"row-14\">\n\t<td class=\"column-1\">Longueur x largeur x hauteur<\/td><td colspan=\"2\" class=\"column-2\"><p style=\"text-align: center;\">635 x 550 x 287<\/p><\/td>\n<\/tr>\n<tr class=\"row-15\">\n\t<td class=\"column-1\">Poids<\/td><td class=\"column-2\"><p style=\"text-align: center;\">11.5 kg<\/p><\/td><td class=\"column-3\"><p style=\"text-align: center;\">12 kg<\/p><\/td>\n<\/tr>\n<\/tbody>\n<\/table>\n<!-- #tablepress-57 from cache -->\n","protected":false},"excerpt":{"rendered":"<p>Le dernier n\u00e9 de la technologie Honda\u2026 Fruit de l\u2019expertise robotique Honda, les tondeuses robot Miimo deviennent votre meilleur alli\u00e9 pour un entretien impeccable de votre pelouse, sans aucun effort. Profitez de votre jardin, sans contrainte! Miimo est perfectionniste. Il tond votre gazon \u00e0 votre guise, au moment souhait\u00e9 et\u2026<\/p>\n<p> <a class=\"continue-reading-link\" href=\"https:\/\/www.sarlbml.fr\/sarlbml\/catalogue\/catalogue-honda\/tondeuses-robots-honda\/\"><span>Lire la suite<\/span><i class=\"crycon-right-dir\"><\/i><\/a> <\/p>\n","protected":false},"author":1,"featured_media":0,"parent":526,"menu_order":0,"comment_status":"closed","ping_status":"open","template":"","meta":{"footnotes":""},"class_list":["post-1019","page","type-page","status-publish","hentry"],"_links":{"self":[{"href":"https:\/\/www.sarlbml.fr\/sarlbml\/wp-json\/wp\/v2\/pages\/1019","targetHints":{"allow":["GET"]}}],"collection":[{"href":"https:\/\/www.sarlbml.fr\/sarlbml\/wp-json\/wp\/v2\/pages"}],"about":[{"href":"https:\/\/www.sarlbml.fr\/sarlbml\/wp-json\/wp\/v2\/types\/page"}],"author":[{"embeddable":true,"href":"https:\/\/www.sarlbml.fr\/sarlbml\/wp-json\/wp\/v2\/users\/1"}],"replies":[{"embeddable":true,"href":"https:\/\/www.sarlbml.fr\/sarlbml\/wp-json\/wp\/v2\/comments?post=1019"}],"version-history":[{"count":4,"href":"https:\/\/www.sarlbml.fr\/sarlbml\/wp-json\/wp\/v2\/pages\/1019\/revisions"}],"predecessor-version":[{"id":1646,"href":"https:\/\/www.sarlbml.fr\/sarlbml\/wp-json\/wp\/v2\/pages\/1019\/revisions\/1646"}],"up":[{"embeddable":true,"href":"https:\/\/www.sarlbml.fr\/sarlbml\/wp-json\/wp\/v2\/pages\/526"}],"wp:attachment":[{"href":"https:\/\/www.sarlbml.fr\/sarlbml\/wp-json\/wp\/v2\/media?parent=1019"}],"curies":[{"name":"wp","href":"https:\/\/api.w.org\/{rel}","templated":true}]}}